{"id":438,"date":"2023-05-12T11:14:19","date_gmt":"2023-05-12T09:14:19","guid":{"rendered":"http:\/\/gesmobles.cat\/?page_id=438"},"modified":"2026-03-31T19:29:49","modified_gmt":"2026-03-31T17:29:49","slug":"portada","status":"publish","type":"page","link":"https:\/\/gesmobles.cat\/es\/","title":{"rendered":"Portada"},"content":{"rendered":"","protected":false},"excerpt":{"rendered":"","protected":false},"author":1,"featured_media":8400,"parent":0,"menu_order":1,"comment_status":"closed","ping_status":"closed","template":"","meta":{"footnotes":""},"class_list":["post-438","page","type-page","status-publish","has-post-thumbnail","hentry"],"acf":[],"yoast_head":"<!-- This site is optimized with the Yoast SEO plugin v27.4 - https:\/\/yoast.com\/product\/yoast-seo-wordpress\/ -->\n<title>Portada -<\/title>\n<meta name=\"description\" content=\"Tienda online de muebles, decoraci\u00f3n y descanso con selecci\u00f3n cuidada para crear hogares con estilo. Env\u00edo gratuito en toda la pen\u00ednsula y asesoramiento personalizad\" \/>\n<meta name=\"robots\" content=\"index, follow, max-snippet:-1, max-image-preview:large, max-video-preview:-1\" \/>\n<link rel=\"canonical\" href=\"https:\/\/gesmobles.cat\/es\/\" \/>\n<meta property=\"og:locale\" content=\"es_ES\" \/>\n<meta property=\"og:type\" content=\"article\" \/>\n<meta property=\"og:title\" content=\"Portada -\" \/>\n<meta property=\"og:description\" content=\"Tienda online de muebles, decoraci\u00f3n y descanso con selecci\u00f3n cuidada para crear hogares con estilo. Env\u00edo gratuito en toda la pen\u00ednsula y asesoramiento personalizad\" \/>\n<meta property=\"og:url\" content=\"https:\/\/gesmobles.cat\/es\/\" \/>\n<meta property=\"article:modified_time\" content=\"2026-03-31T17:29:49+00:00\" \/>\n<meta property=\"og:image\" content=\"https:\/\/gesmobles.cat\/wp-content\/uploads\/2026\/03\/portada-3.jpeg\" \/>\n\t<meta property=\"og:image:width\" content=\"1200\" \/>\n\t<meta property=\"og:image:height\" content=\"1600\" \/>\n\t<meta property=\"og:image:type\" content=\"image\/jpeg\" \/>\n<meta name=\"twitter:card\" content=\"summary_large_image\" \/>\n<meta name=\"twitter:label1\" content=\"Tiempo de lectura\" \/>\n\t<meta name=\"twitter:data1\" content=\"1 minuto\" \/>\n<!-- \/ Yoast SEO plugin. -->","yoast_head_json":{"title":"Portada -","description":"Tienda online de muebles, decoraci\u00f3n y descanso con selecci\u00f3n cuidada para crear hogares con estilo. Env\u00edo gratuito en toda la pen\u00ednsula y asesoramiento personalizad","robots":{"index":"index","follow":"follow","max-snippet":"max-snippet:-1","max-image-preview":"max-image-preview:large","max-video-preview":"max-video-preview:-1"},"canonical":"https:\/\/gesmobles.cat\/es\/","og_locale":"es_ES","og_type":"article","og_title":"Portada -","og_description":"Tienda online de muebles, decoraci\u00f3n y descanso con selecci\u00f3n cuidada para crear hogares con estilo. Env\u00edo gratuito en toda la pen\u00ednsula y asesoramiento personalizad","og_url":"https:\/\/gesmobles.cat\/es\/","article_modified_time":"2026-03-31T17:29:49+00:00","og_image":[{"width":1200,"height":1600,"url":"https:\/\/gesmobles.cat\/wp-content\/uploads\/2026\/03\/portada-3.jpeg","type":"image\/jpeg"}],"twitter_card":"summary_large_image","twitter_misc":{"Tiempo de lectura":"1 minuto"},"schema":{"@context":"https:\/\/schema.org","@graph":[]}},"_links":{"self":[{"href":"https:\/\/gesmobles.cat\/es\/wp-json\/wp\/v2\/pages\/438","targetHints":{"allow":["GET"]}}],"collection":[{"href":"https:\/\/gesmobles.cat\/es\/wp-json\/wp\/v2\/pages"}],"about":[{"href":"https:\/\/gesmobles.cat\/es\/wp-json\/wp\/v2\/types\/page"}],"author":[{"embeddable":true,"href":"https:\/\/gesmobles.cat\/es\/wp-json\/wp\/v2\/users\/1"}],"replies":[{"embeddable":true,"href":"https:\/\/gesmobles.cat\/es\/wp-json\/wp\/v2\/comments?post=438"}],"version-history":[{"count":18,"href":"https:\/\/gesmobles.cat\/es\/wp-json\/wp\/v2\/pages\/438\/revisions"}],"predecessor-version":[{"id":8401,"href":"https:\/\/gesmobles.cat\/es\/wp-json\/wp\/v2\/pages\/438\/revisions\/8401"}],"wp:featuredmedia":[{"embeddable":true,"href":"https:\/\/gesmobles.cat\/es\/wp-json\/wp\/v2\/media\/8400"}],"wp:attachment":[{"href":"https:\/\/gesmobles.cat\/es\/wp-json\/wp\/v2\/media?parent=438"}],"curies":[{"name":"wp","href":"https:\/\/api.w.org\/{rel}","templated":true}]}}