{"id":457,"date":"2023-05-12T11:45:36","date_gmt":"2023-05-12T09:45:36","guid":{"rendered":"http:\/\/gesmobles.cat\/condiciones-generales\/"},"modified":"2025-06-26T18:33:21","modified_gmt":"2025-06-26T16:33:21","slug":"condicions-generals","status":"publish","type":"page","link":"https:\/\/gesmobles.cat\/es\/condicions-generals\/","title":{"rendered":"Condiciones generales"},"content":{"rendered":"<p>https:\/\/gesmobles.cat\/ (en adelante, la Web) es un sitio web propiedad de Librada Roca Rosa, en adelante EL PROPIETARIO, con CIF\/NIF n\u00ba: 39345713G y domicilio social en: Carrer de Sant Josep, 3, C.P. 08260 &#8211; S\u00faria (Barcelona).<\/p>\n<p>El acceso, reproducci\u00f3n y uso de los servicios de la Web requiere la aceptaci\u00f3n previa de las Condiciones de Uso vigentes en cada momento; EL PROPIETARIO se reserva el derecho de modificar dichas Condiciones cuando lo considere oportuno, mediante la publicaci\u00f3n del nuevo texto en la Web.Es responsabilidad del usuario conocer las Condiciones de Uso antes de acceder a los productos y servicios de la Web; en caso de no estar conforme con las mismas, le rogamos, se abstenga de utilizarla.<\/p>\n<p>PROPIEDAD<\/p>\n<p>La Web es una obra compuesta de diversos elementos integrados e inseparables (texto, ilustraciones, fotograf\u00edas, im\u00e1genes animadas, v\u00eddeos, programas de ordenador, incluidos los c\u00f3digos html del sitio web, etc.), cuya Propiedad Intelectual le corresponde a EL PROPIETARIO, salvo en lo referente a aquellos materiales obtenidos bajo licencia de terceros.<\/p>\n<p>EL PROPIETARIO y sus licenciantes retienen en todo momento la Propiedad Intelectual sobre la Web y sobre los distintos elementos que la componen, individualmente considerados, en todas las copias que se realicen (cualquiera que sea el soporte al que se incorporen), concediendo sobre los mismos \u00fanicamente los derechos de uso que m\u00e1s adelante se describen. Cualquier derecho que no sea expresamente cedido se entiende reservado.<\/p>\n<p>Adem\u00e1s de lo anterior, EL PROPIETARIO es responsable de la selecci\u00f3n, dise\u00f1o de la estructura y disposici\u00f3n de los contenidos de la Web, as\u00ed como quien ha tomado la iniciativa y asumido el riesgo de efectuar las inversiones sustanciales orientadas a la obtenci\u00f3n, digitalizaci\u00f3n y presentaci\u00f3n de la misma, correspondi\u00e9ndole, por tanto, la protecci\u00f3n que el art\u00edculo 12 y el T\u00edtulo VIII del Libro II de la Ley de Propiedad Intelectual pueda conceder sobre el sitio web, considerado como una base de datos.<\/p>\n<p>EL PROPIETARIO es tambi\u00e9n el \u00fanico due\u00f1o del dise\u00f1o e imagen gr\u00e1fica de la Web, reserv\u00e1ndose las acciones legales pertinentes que le pudieran corresponder contra las personas que realicen imitaciones o usos desleales del mismo.<\/p>\n<p>CONTENIDOS WEB Y DESCARGAS. USOS PERMITIDOS Y PROHIBIDOS.<\/p>\n<p>Est\u00e1 permitida:<\/p>\n<p>La navegaci\u00f3n por la Web, es decir, el acceso y visualizaci\u00f3n de la misma en un dispositivo, quedando autorizada cualquier reproducci\u00f3n temporal o accesoria, siempre que la misma no sea voluntaria y forme parte integrante y esencial del proceso tecnol\u00f3gico de transmisi\u00f3n. La navegaci\u00f3n por determinadas secciones de la Web requieren el previo registro.<br \/>\nBeneficiarse (previo registro), de los servicios y ventajas prestados por EL PROPIETARIO a trav\u00e9s de la Web a sus usuarios, en las condiciones que se se\u00f1alen expresamente en las distintas secciones.<br \/>\nQueda terminantemente prohibido:<\/p>\n<p>Cualesquiera operaciones respecto de la Web, sus contenidos, los productos descargados y las copias de todos ellos que sean contrarias a la Ley, las buenas costumbres y la buena fe.<br \/>\nCualquier utilizaci\u00f3n fuera del \u00e1mbito personal y privado, especialmente aquellas que tengan fines comerciales o profesionales, incluido el env\u00edo de publicidad o mensajes y la recopilaci\u00f3n y tratamiento de datos de terceros.<br \/>\nCualquier tipo de extracci\u00f3n, comunicaci\u00f3n p\u00fablica y\/o transmisi\u00f3n, total o parcial, por cualquier medio, fuera del \u00e1mbito privado de uso permitido y, especialmente, su incorporaci\u00f3n a cualquier otra obra, incluidas p\u00e1ginas web, colecciones o bases de datos. Se except\u00faa de esta prohibici\u00f3n la publicaci\u00f3n en medios de comunicaci\u00f3n de los materiales susceptibles de descarga de la secci\u00f3n Sala de Prensa.<br \/>\nLa remoci\u00f3n, ocultaci\u00f3n o falseamiento de los avisos y advertencias sobre la Propiedad Intelectual o Industrial de la Web o de cualquiera de los productos facilitados a trav\u00e9s de la misma.<br \/>\nLas operaciones y actividades expresamente prohibidas en cualesquiera otras secciones de estas Condiciones Generales y, en general, cualquiera que pueda perjudicar el normal funcionamiento de la Web, a otros usuarios o a cualquier tercero.<br \/>\nLINKS A LA WEB<\/p>\n<p>Queda autorizado el establecimiento de v\u00ednculos e hiperv\u00ednculos con la Web desde otras p\u00e1ginas o sitios web, siempre que los mismos no se hagan de forma que perjudique la imagen p\u00fablica y de marca de EL PROPIETARIO, de la Web o de cualquiera de las personas y productos a que se haga referencia en la misma. En el establecimiento de v\u00ednculos con la Web queda expresamente prohibida la utilizaci\u00f3n de t\u00e9cnicas que impliquen confusi\u00f3n sobre la identidad y propiedad de los contenidos, tales como el framing u otras.<br \/>\nQueda prohibido el establecimiento de v\u00ednculos desde p\u00e1ginas o sitios web cuyos contenidos promocionen o hagan apolog\u00eda, directa o indirectamente, de cualquier tipo de violencia, discriminaci\u00f3n, pornograf\u00eda o actividad ilegal. Asimismo, queda expresamente prohibido el establecimiento de links con fines mercantiles.<br \/>\nEn la creaci\u00f3n de los v\u00ednculos queda expresamente prohibida la utilizaci\u00f3n de elementos extra\u00eddos de la Web, sin el consentimiento previo y expreso de EL PROPIETARIO<\/p>\n<p>En ning\u00fan caso podr\u00e1 entenderse que los v\u00ednculos a la Web desde p\u00e1ginas o sitios web de terceros implican relaciones de EL PROPIETARIO con los titulares de \u00e9stos, ni implica respaldo, patrocinio o recomendaci\u00f3n alguna de EL PROPIETARIO sobre los mismos, por lo que EL PROPIETARIO no ser\u00e1 responsable en absoluto respecto de su contenido y licitud.<\/p>\n<p>CONTENIDOS Y COMPORTAMIENTO DEL USUARIO<\/p>\n<p>Como cliente o usuario de la Web, Ud. se compromete a hacer un uso adecuado de los contenidos y servicios ofrecidos a trav\u00e9s de la misma y a no emplearlos para:<\/p>\n<p>Incurrir en actividades il\u00edcitas, ilegales o contrarias a la buena fe y al orden p\u00fablico.<br \/>\nDifundir contenidos o propaganda de car\u00e1cter racista, xen\u00f3fobo, pornogr\u00e1fico, que haga apolog\u00eda del terrorismo o que atente contra los derechos humanos.<br \/>\nProvocar da\u00f1os en los sistemas f\u00edsicos y l\u00f3gicos de EL PROPIETARIO, de sus proveedores o de terceras personas, introducir o difundir en la red virus inform\u00e1ticos o cualesquiera otros sistemas f\u00edsicos o l\u00f3gicos que sean susceptibles de provocar los da\u00f1os anteriormente mencionados.<br \/>\nDifundir contenidos que atenten contra la imagen y reputaci\u00f3n de EL PROPIETARIO o de terceros.<br \/>\nAtentar contra los derechos de Propiedad Intelectual, Industrial, de imagen, honor u otros que correspondan a EL PROPIETARIO o a terceros.<br \/>\nEL PROPIETARIO tendr\u00e1 plena libertad de decisi\u00f3n sobre si las colaboraciones y mensajes son finalmente publicadas en la Web o no, quedando facultada para retirarlos cuando estime oportuno.<\/p>\n<p>La infracci\u00f3n de cualquiera de las normas contenidas en estas Condiciones de uso y muy especialmente, de lo previsto en la presente cl\u00e1usula, facultar\u00e1n a EL PROPIETARIO para darle de baja de forma inmediata como usuario o suscriptor de la Web.<\/p>\n<p>FORMAS DE PAGO<\/p>\n<p>Las formas de pago admitidas en la tienda online son:<\/p>\n<p>Tarjeta de cr\u00e9dito<br \/>\nM\u00c9TODOS DE ENV\u00cdO<\/p>\n<p>Los m\u00e9todos de env\u00edo disponibles en la tienda online son:<\/p>\n<p>No se ha marcado ninguna opci\u00f3n.<br \/>\nPLAZOS DE ENTREGA<\/p>\n<p>En GES Mobles trabajamos con distintos tipos de productos, por lo que los tiempos de preparaci\u00f3n pueden variar en funci\u00f3n del art\u00edculo:<\/p>\n<p>Productos textiles: 5 d\u00edas laborables de preparaci\u00f3n.<\/p>\n<p>Productos de decoraci\u00f3n: 15 d\u00edas laborables de preparaci\u00f3n.<\/p>\n<p>Productos de mobiliario: 15 d\u00edas laborables de preparaci\u00f3n.<\/p>\n<p>A estos plazos hay que a\u00f1adir el tiempo de env\u00edo, que puede variar seg\u00fan la ubicaci\u00f3n del destinatario y la empresa de transporte.<\/p>\n<p>Importante:<br \/>\nEl plazo de entrega total se calcula sumando el tiempo de preparaci\u00f3n al tiempo de transporte. GES Mobles no se hace responsable de posibles retrasos imputables a la empresa de mensajer\u00eda o situaciones externas.<\/p>\n<p>DERECHO DE DESISTIMIENTO<\/p>\n<p>En base a lo dispuesto en el art. 103 de la Ley General para la Defensa de los Consumidores y Usuarios, se excluye el derecho de desistimiento debido al siguiente motivo:<\/p>\n<p>Bienes o productos confeccionados conforme a las especificaciones del consumidor o personalizados.<br \/>\nProductos mezclados de forma indisociable con otros tras la entrega.<br \/>\nServicio de operaciones de reparaci\u00f3n o mantenimiento a petici\u00f3n del consumidor, con uso de piezas adicionales.<br \/>\nFORMULARIO DE DESISTIMIENTO<\/p>\n<p>(S\u00f3lo deber\u00e1 cumplimentar y enviar el presente formulario si desea desistir del contrato o servicio contratado).<\/p>\n<p>A la atenci\u00f3n de (aqu\u00ed deber\u00e1 insertar el nombre de la empresa, direcci\u00f3n completa y, si dispone de ellos, el n\u00famero de tel\u00e9fono, fax y correo electr\u00f3nico):<br \/>\nPor la presente le comunico\/comunicamos(*) que desisto de mi\/desistimos de nuestro(*) contrato de venta del siguiente bien\/prestaci\u00f3n del siguiente servicio(*).<br \/>\nPedido el\/solicitado el d\u00eda(*).<br \/>\nNombre y domicilio del consumidor y usuario o de los consumidores y usuarios.<br \/>\nFecha y firma del consumidor y usuario o de los consumidores y usuarios.<br \/>\nPOL\u00cdTICA DE CAMBIOS<\/p>\n<p>Para solicitar un cambio de producto, el cliente debe contactar con atenci\u00f3n al cliente dentro de los 15 d\u00edas naturales posteriores a la recepci\u00f3n del pedido.<\/p>\n<p>En caso de que el producto a cambiar tenga un precio mayor al anteriormente comprado, el cliente deber\u00e1 abonar la diferencia del valor. Si por contra, el nuevo producto tiene un precio menor al anteriormente comprado, no se devolver\u00e1 la diferencia del importe en efectivo, sino que se realizar\u00e1 en forma de cheque regalo para utilizar en su pr\u00f3xima compra.<\/p>\n<p>Para gestionar cualquier tipo de devoluci\u00f3n o cambio de productos comprados en https:\/\/gesmobles.cat\/ el cliente debe ponerse en contacto con nuestro servicio de Atenci\u00f3n al Cliente.<\/p>\n<p>El cliente deber\u00e1 indicarnos el n\u00famero de pedido y le diremos exactamente todos los pasos a seguir. Le informamos tambi\u00e9n de que no aceptaremos cambios o devoluciones que no hayan sido previamente comunicados por las v\u00edas indicadas.<\/p>\n<p>CANCELACIONES<\/p>\n<p>El cliente o usuario podr\u00e1 cancelar su pedido, siempre y cuando \u00e9ste no haya salido de nuestros almacenes. En tal caso, deber\u00e1 ponerse en contacto con el PROPIETARIO a trav\u00e9s del correo electr\u00f3nico libradaroca@hotmail.es o de los canales de Atenci\u00f3n al Cliente, comunicando sus datos identificativos y n\u00famero de referencia del pedido.<\/p>\n<p>En caso de cancelaciones se proceder\u00e1 a la devoluci\u00f3n de los importes abonados previamente por el usuario o cliente, a trav\u00e9s del mismo medio empleado para la transacci\u00f3n inicial.<br \/>\nSERVICIO DE ATENCI\u00d3N AL CLIENTE<\/p>\n<p>El cliente podr\u00e1 cancelar el pedido sin ning\u00fan cargo y sin aportar raz\u00f3n alguna, debiendo contactar lo antes posible con atenci\u00f3n al cliente en el tel\u00e9fono: +34 680 18 63 86, o a trav\u00e9s de la siguiente direcci\u00f3n de correo electr\u00f3nico: libradaroca@hotmail.es, cuyo horario de atenci\u00f3n al p\u00fablico es de: .<\/p>\n<p>Si el pedido no ha salido de nuestros almacenes, lo cancelaremos sin problema, pero si el pedido ya est\u00e1 de camino, tendremos que esperar a recibirlo de vuelta y una vez confirmada la recepci\u00f3n del mismo, se devolver\u00e1 el importe del producto menos los gastos de env\u00edo y la devoluci\u00f3n ser\u00e1 llevada en la misma forma de pago utilizado en la compra.<\/p>\n<p>PROTECCI\u00d3N DE DATOS<\/p>\n<p>La informaci\u00f3n o datos personales que nos facilite ser\u00e1n tratados con arreglo a lo establecido en la Pol\u00edtica de Privacidad. Al hacer uso de esta p\u00e1gina web se consiente el tratamiento de dicha informaci\u00f3n y datos y se declara que toda la informaci\u00f3n o datos que nos facilite son veraces y se corresponden con la realidad.<\/p>\n<p>MODIFICACIONES<\/p>\n<p>EL PROPIETARIO se reserva el derecho de efectuar, sin previo aviso, las modificaciones que considere oportunas en la Web, pudiendo cambiar, suprimir o a\u00f1adir tanto los contenidos y servicios que se presten a trav\u00e9s de la misma, como la forma en la que \u00e9stos aparezcan presentados o localizados.<\/p>\n<p>Aunque EL PROPIETARIO pondr\u00e1 sus mayores esfuerzos en mantener actualizada y libre de errores la informaci\u00f3n contenida en la Web, no ofrece garant\u00eda alguna respecto de su exactitud y puesta al d\u00eda. Tampoco est\u00e1 garantizada la obtenci\u00f3n de ning\u00fan resultado o fin concreto, por lo que el acceso y utilizaci\u00f3n de la Web, es de exclusiva responsabilidad de los usuarios y clientes.<\/p>\n<p>ACCIONES LEGALES<\/p>\n<p>EL PROPIETARIO perseguir\u00e1 el incumplimiento de estas Condiciones de Uso, as\u00ed como cualquier utilizaci\u00f3n indebida de la Web o de sus contenidos, las infracciones de los derechos que le correspondan a ella o a sus licenciantes, especialmente los de Propiedad Intelectual e Industrial, ejercitando todas las acciones, civiles y penales, que le puedan corresponder en Derecho.<\/p>\n<p>RESOLUCION EXTRAJUDICIAL DE CONFLICTOS<\/p>\n<p>Asimismo, en los t\u00e9rminos que se recogen en el art\u00edculo 14 del Reglamento UE 524\/2013, sobre resoluci\u00f3n de litigios en materia de consumo, se proporciona un enlace directo a la plataforma de resoluci\u00f3n de litigios en l\u00ednea: https:\/\/ec.europa.eu\/consumers\/odr\/main\/index.cfm<\/p>\n<p>LEY APLICABLE Y JURISDICCI\u00d3N<\/p>\n<p>Para cualquier controversia o conflicto que pudiera surgir, derivado de estos t\u00e9rminos o condiciones, resultar\u00e1 de aplicaci\u00f3n la Ley Espa\u00f1ola. La resoluci\u00f3n de los conflictos judiciales se someter\u00e1 a la competencia de los Juzgados y Tribunales del domicilio del usuario o cliente.<\/p>\n<p>REV: 20.3009<\/p>\n","protected":false},"excerpt":{"rendered":"<p>https:\/\/gesmobles.cat\/ (en adelante, la Web) es un sitio web propiedad de Librada Roca Rosa, en adelante EL PROPIETARIO, con CIF\/NIF n\u00ba: 39345713G y domicilio social en: Carrer de Sant Josep, 3, C.P. 08260 &#8211; S\u00faria (Barcelona). El acceso, reproducci\u00f3n y uso de los servicios de la Web requiere la aceptaci\u00f3n previa de las Condiciones de [&hellip;]<\/p>\n","protected":false},"author":1,"featured_media":0,"parent":0,"menu_order":14,"comment_status":"closed","ping_status":"closed","template":"template-legal.php","meta":{"footnotes":""},"class_list":["post-457","page","type-page","status-publish","hentry"],"acf":[],"yoast_head":"<!-- This site is optimized with the Yoast SEO plugin v27.4 - https:\/\/yoast.com\/product\/yoast-seo-wordpress\/ -->\n<title>Condiciones generales -<\/title>\n<meta name=\"robots\" content=\"index, follow, max-snippet:-1, max-image-preview:large, max-video-preview:-1\" \/>\n<link rel=\"canonical\" href=\"https:\/\/gesmobles.cat\/es\/condicions-generals\/\" \/>\n<meta property=\"og:locale\" content=\"es_ES\" \/>\n<meta property=\"og:type\" content=\"article\" \/>\n<meta property=\"og:title\" content=\"Condiciones generales -\" \/>\n<meta property=\"og:description\" content=\"https:\/\/gesmobles.cat\/ (en adelante, la Web) es un sitio web propiedad de Librada Roca Rosa, en adelante EL PROPIETARIO, con CIF\/NIF n\u00ba: 39345713G y domicilio social en: Carrer de Sant Josep, 3, C.P. 08260 &#8211; S\u00faria (Barcelona). El acceso, reproducci\u00f3n y uso de los servicios de la Web requiere la aceptaci\u00f3n previa de las Condiciones de [&hellip;]\" \/>\n<meta property=\"og:url\" content=\"https:\/\/gesmobles.cat\/es\/condicions-generals\/\" \/>\n<meta property=\"article:modified_time\" content=\"2025-06-26T16:33:21+00:00\" \/>\n<meta name=\"twitter:card\" content=\"summary_large_image\" \/>\n<meta name=\"twitter:label1\" content=\"Tiempo de lectura\" \/>\n\t<meta name=\"twitter:data1\" content=\"9 minutos\" \/>\n<!-- \/ Yoast SEO plugin. -->","yoast_head_json":{"title":"Condiciones generales -","robots":{"index":"index","follow":"follow","max-snippet":"max-snippet:-1","max-image-preview":"max-image-preview:large","max-video-preview":"max-video-preview:-1"},"canonical":"https:\/\/gesmobles.cat\/es\/condicions-generals\/","og_locale":"es_ES","og_type":"article","og_title":"Condiciones generales -","og_description":"https:\/\/gesmobles.cat\/ (en adelante, la Web) es un sitio web propiedad de Librada Roca Rosa, en adelante EL PROPIETARIO, con CIF\/NIF n\u00ba: 39345713G y domicilio social en: Carrer de Sant Josep, 3, C.P. 08260 &#8211; S\u00faria (Barcelona). El acceso, reproducci\u00f3n y uso de los servicios de la Web requiere la aceptaci\u00f3n previa de las Condiciones de [&hellip;]","og_url":"https:\/\/gesmobles.cat\/es\/condicions-generals\/","article_modified_time":"2025-06-26T16:33:21+00:00","twitter_card":"summary_large_image","twitter_misc":{"Tiempo de lectura":"9 minutos"},"schema":{"@context":"https:\/\/schema.org","@graph":[]}},"_links":{"self":[{"href":"https:\/\/gesmobles.cat\/es\/wp-json\/wp\/v2\/pages\/457","targetHints":{"allow":["GET"]}}],"collection":[{"href":"https:\/\/gesmobles.cat\/es\/wp-json\/wp\/v2\/pages"}],"about":[{"href":"https:\/\/gesmobles.cat\/es\/wp-json\/wp\/v2\/types\/page"}],"author":[{"embeddable":true,"href":"https:\/\/gesmobles.cat\/es\/wp-json\/wp\/v2\/users\/1"}],"replies":[{"embeddable":true,"href":"https:\/\/gesmobles.cat\/es\/wp-json\/wp\/v2\/comments?post=457"}],"version-history":[{"count":8,"href":"https:\/\/gesmobles.cat\/es\/wp-json\/wp\/v2\/pages\/457\/revisions"}],"predecessor-version":[{"id":4718,"href":"https:\/\/gesmobles.cat\/es\/wp-json\/wp\/v2\/pages\/457\/revisions\/4718"}],"wp:attachment":[{"href":"https:\/\/gesmobles.cat\/es\/wp-json\/wp\/v2\/media?parent=457"}],"curies":[{"name":"wp","href":"https:\/\/api.w.org\/{rel}","templated":true}]}}