{"id":459,"date":"2023-05-12T11:45:23","date_gmt":"2023-05-12T09:45:23","guid":{"rendered":"http:\/\/gesmobles.cat\/politica-de-cookies\/"},"modified":"2024-05-29T11:02:55","modified_gmt":"2024-05-29T09:02:55","slug":"politica-de-cookies","status":"publish","type":"page","link":"https:\/\/gesmobles.cat\/es\/politica-de-cookies\/","title":{"rendered":"Pol\u00edtica de cookies"},"content":{"rendered":"<p>Data de vig\u00e8ncia: Gener de 2024<\/p>\n<h5>1. Qu\u00e8 s\u00f3n les Cookies?<\/h5>\n<p>Les cookies s\u00f3n petits fitxers de text que s&#8217;emmagatzemen al teu dispositiu quan visites el nostre lloc web. Aquestes cookies ens permeten recon\u00e8ixer-te i recordar les teves prefer\u00e8ncies, la qual cosa millora la teva experi\u00e8ncia de navegaci\u00f3.<\/p>\n<h5>2. Tipus de Cookies Utilitzades<\/h5>\n<ul>\n<li>Cookies Essencials: S\u00f3n necess\u00e0ries per al funcionament b\u00e0sic del lloc web i et permeten navegar i realitzar compres.<\/li>\n<li>Cookies de Rendiment: Recullen informaci\u00f3 sobre com els usuaris interactuen amb el lloc, cosa que ens ajuda a millorar-ne el rendiment.<\/li>\n<li>Cookies de Funcionalitat: Permeten recordar les teves prefer\u00e8ncies i personalitzar la teva experi\u00e8ncia al lloc.<\/li>\n<li>Cookies de Publicitat: S&#8217;utilitzen per mostrar anuncis rellevants per a tu i els teus interessos.<\/li>\n<\/ul>\n<h5>3. \u00das de Cookies per GES Mobles<\/h5>\n<p>Utilitzem cookies per als seg\u00fcents fins:<\/p>\n<ul>\n<li>Millorar la funcionalitat i rendiment del lloc.<\/li>\n<li>Personalitzar la teva experi\u00e8ncia de navegaci\u00f3.<\/li>\n<li>Analitzar l&#8217;\u00fas del lloc per realitzar millores.<\/li>\n<li>Proporcionar publicitat rellevant.<\/li>\n<\/ul>\n<h5>4. Gesti\u00f3 de Cookies<\/h5>\n<p>Pots gestionar les teves prefer\u00e8ncies de cookies a trav\u00e9s de la configuraci\u00f3 del teu navegador. Tingues en compte que la desactivaci\u00f3 de certes cookies pot afectar la funcionalitat del lloc.<\/p>\n<h5>5. Cookies de Tercers<\/h5>\n<p>Algunes cookies s\u00f3n col\u00b7locades per serveis de tercers que apareixen al nostre lloc. Aquests tercers tenen les seves pr\u00f2pies pol\u00edtiques de cookies que pots revisar.<\/p>\n<h5>6. Canvis en la Pol\u00edtica de Cookies<\/h5>\n<p>Ens reservem el dret de modificar aquesta Pol\u00edtica de Cookies en qualsevol moment. Les actualitzacions seran publicades en aquesta p\u00e0gina.<\/p>\n<h5>7. Contacte<\/h5>\n<p>Si tens preguntes o inquietuds sobre la nostra Pol\u00edtica de Cookies, contacta&#8217;ns a [libradaroca@hotmail.es].<\/p>\n","protected":false},"excerpt":{"rendered":"<p>Data de vig\u00e8ncia: Gener de 2024 1. Qu\u00e8 s\u00f3n les Cookies? Les cookies s\u00f3n petits fitxers de text que s&#8217;emmagatzemen al teu dispositiu quan visites el nostre lloc web. Aquestes cookies ens permeten recon\u00e8ixer-te i recordar les teves prefer\u00e8ncies, la qual cosa millora la teva experi\u00e8ncia de navegaci\u00f3. 2. Tipus de Cookies Utilitzades Cookies Essencials: [&hellip;]<\/p>\n","protected":false},"author":1,"featured_media":0,"parent":0,"menu_order":15,"comment_status":"closed","ping_status":"closed","template":"template-legal.php","meta":{"footnotes":""},"class_list":["post-459","page","type-page","status-publish","hentry"],"acf":[],"yoast_head":"<!-- This site is optimized with the Yoast SEO plugin v27.4 - https:\/\/yoast.com\/product\/yoast-seo-wordpress\/ -->\n<title>Pol\u00edtica de cookies -<\/title>\n<meta name=\"robots\" content=\"index, follow, max-snippet:-1, max-image-preview:large, max-video-preview:-1\" \/>\n<link rel=\"canonical\" href=\"https:\/\/gesmobles.cat\/es\/politica-de-cookies\/\" \/>\n<meta property=\"og:locale\" content=\"es_ES\" \/>\n<meta property=\"og:type\" content=\"article\" \/>\n<meta property=\"og:title\" content=\"Pol\u00edtica de cookies -\" \/>\n<meta property=\"og:description\" content=\"Data de vig\u00e8ncia: Gener de 2024 1. Qu\u00e8 s\u00f3n les Cookies? Les cookies s\u00f3n petits fitxers de text que s&#8217;emmagatzemen al teu dispositiu quan visites el nostre lloc web. Aquestes cookies ens permeten recon\u00e8ixer-te i recordar les teves prefer\u00e8ncies, la qual cosa millora la teva experi\u00e8ncia de navegaci\u00f3. 2. Tipus de Cookies Utilitzades Cookies Essencials: [&hellip;]\" \/>\n<meta property=\"og:url\" content=\"https:\/\/gesmobles.cat\/es\/politica-de-cookies\/\" \/>\n<meta property=\"article:modified_time\" content=\"2024-05-29T09:02:55+00:00\" \/>\n<meta name=\"twitter:card\" content=\"summary_large_image\" \/>\n<meta name=\"twitter:label1\" content=\"Tiempo de lectura\" \/>\n\t<meta name=\"twitter:data1\" content=\"1 minuto\" \/>\n<!-- \/ Yoast SEO plugin. -->","yoast_head_json":{"title":"Pol\u00edtica de cookies -","robots":{"index":"index","follow":"follow","max-snippet":"max-snippet:-1","max-image-preview":"max-image-preview:large","max-video-preview":"max-video-preview:-1"},"canonical":"https:\/\/gesmobles.cat\/es\/politica-de-cookies\/","og_locale":"es_ES","og_type":"article","og_title":"Pol\u00edtica de cookies -","og_description":"Data de vig\u00e8ncia: Gener de 2024 1. Qu\u00e8 s\u00f3n les Cookies? Les cookies s\u00f3n petits fitxers de text que s&#8217;emmagatzemen al teu dispositiu quan visites el nostre lloc web. Aquestes cookies ens permeten recon\u00e8ixer-te i recordar les teves prefer\u00e8ncies, la qual cosa millora la teva experi\u00e8ncia de navegaci\u00f3. 2. Tipus de Cookies Utilitzades Cookies Essencials: [&hellip;]","og_url":"https:\/\/gesmobles.cat\/es\/politica-de-cookies\/","article_modified_time":"2024-05-29T09:02:55+00:00","twitter_card":"summary_large_image","twitter_misc":{"Tiempo de lectura":"1 minuto"},"schema":{"@context":"https:\/\/schema.org","@graph":[]}},"_links":{"self":[{"href":"https:\/\/gesmobles.cat\/es\/wp-json\/wp\/v2\/pages\/459","targetHints":{"allow":["GET"]}}],"collection":[{"href":"https:\/\/gesmobles.cat\/es\/wp-json\/wp\/v2\/pages"}],"about":[{"href":"https:\/\/gesmobles.cat\/es\/wp-json\/wp\/v2\/types\/page"}],"author":[{"embeddable":true,"href":"https:\/\/gesmobles.cat\/es\/wp-json\/wp\/v2\/users\/1"}],"replies":[{"embeddable":true,"href":"https:\/\/gesmobles.cat\/es\/wp-json\/wp\/v2\/comments?post=459"}],"version-history":[{"count":2,"href":"https:\/\/gesmobles.cat\/es\/wp-json\/wp\/v2\/pages\/459\/revisions"}],"predecessor-version":[{"id":510,"href":"https:\/\/gesmobles.cat\/es\/wp-json\/wp\/v2\/pages\/459\/revisions\/510"}],"wp:attachment":[{"href":"https:\/\/gesmobles.cat\/es\/wp-json\/wp\/v2\/media?parent=459"}],"curies":[{"name":"wp","href":"https:\/\/api.w.org\/{rel}","templated":true}]}}