{"id":1198,"date":"2024-12-03T13:01:09","date_gmt":"2024-12-03T11:01:09","guid":{"rendered":"https:\/\/gesmobles.cat\/?post_type=product&#038;p=1198"},"modified":"2025-08-12T21:06:50","modified_gmt":"2025-08-12T19:06:50","slug":"sabana-bajera-termoreguladora","status":"publish","type":"product","link":"https:\/\/gesmobles.cat\/es\/producto\/sabana-bajera-termoreguladora\/","title":{"rendered":"S\u00e1bana Bajera Termo-reguladora Velfont &#8211; 100% Algod\u00f3n"},"content":{"rendered":"<p>Descripci\u00f3n larga:<br \/>\nLa s\u00e1bana bajera Termo-reguladora de Velfont est\u00e1 confeccionada con tejido 100% algod\u00f3n e incorpora tecnolog\u00eda Outlast\u00ae, desarrollada originalmente por la NASA. Esta innovadora tecnolog\u00eda permite absorber, almacenar y liberar el calor corporal de forma activa, creando un microclima constante durante la noche. Ni demasiado fr\u00edo ni demasiado calor: solo confort.<\/p>\n<p>Gracias a su goma el\u00e1stica en todo el per\u00edmetro, se ajusta perfectamente al colch\u00f3n evitando movimientos o desplazamientos. Es compatible con colchones de hasta 200 cm de largo y 30 cm de alto.<\/p>\n<p>\u2705 Ideal para personas calurosas que desean dormir con la suavidad del algod\u00f3n.<\/p>\n","protected":false},"excerpt":{"rendered":"<p>S\u00e1bana bajera ideal para: personas calurosas que quieran una s\u00e1bana de algod\u00f3n 100%<\/p>\n","protected":false},"featured_media":1205,"comment_status":"open","ping_status":"closed","template":"","meta":[],"product_brand":[],"product_cat":[65,107],"product_tag":[595,596,597,598,599,600,601,602,603],"class_list":{"0":"post-1198","1":"product","2":"type-product","3":"status-publish","4":"has-post-thumbnail","6":"product_cat-textiles-hogar","7":"product_cat-sabanas-bajeras","8":"product_tag-sabana-bajera","9":"product_tag-termo-reguladora","10":"product_tag-algodon-100","11":"product_tag-velfont","12":"product_tag-ropa-de-cama","13":"product_tag-personas-calurosas","14":"product_tag-tecnologia-outlast","15":"product_tag-microclima-nocturno","16":"product_tag-ropa-cama-individual","18":"first","19":"instock","20":"taxable","21":"shipping-taxable","22":"purchasable","23":"product-type-variable"},"acf":[],"yoast_head":"<!-- This site is optimized with the Yoast SEO plugin v27.4 - https:\/\/yoast.com\/product\/yoast-seo-wordpress\/ -->\n<title>S\u00e1bana Bajera Termo-reguladora Velfont - 100% Algod\u00f3n -<\/title>\n<meta name=\"description\" content=\"Descubre la s\u00e1bana bajera termo-reguladora de algod\u00f3n Velfont con tecnolog\u00eda Outlast\u00ae: confort t\u00e9rmico durante toda la noche. Ajuste perfecto y m\u00e1xima suavidad.\" \/>\n<meta name=\"robots\" content=\"index, follow, max-snippet:-1, max-image-preview:large, max-video-preview:-1\" \/>\n<link rel=\"canonical\" href=\"https:\/\/gesmobles.cat\/es\/producto\/sabana-bajera-termoreguladora\/\" \/>\n<meta property=\"og:locale\" content=\"es_ES\" \/>\n<meta property=\"og:type\" content=\"article\" \/>\n<meta property=\"og:title\" content=\"S\u00e1bana Bajera Termo-reguladora Velfont - 100% Algod\u00f3n -\" \/>\n<meta property=\"og:description\" content=\"Descubre la s\u00e1bana bajera termo-reguladora de algod\u00f3n Velfont con tecnolog\u00eda Outlast\u00ae: confort t\u00e9rmico durante toda la noche. Ajuste perfecto y m\u00e1xima suavidad.\" \/>\n<meta property=\"og:url\" content=\"https:\/\/gesmobles.cat\/es\/producto\/sabana-bajera-termoreguladora\/\" \/>\n<meta property=\"article:modified_time\" content=\"2025-08-12T19:06:50+00:00\" \/>\n<meta property=\"og:image\" content=\"https:\/\/gesmobles.cat\/wp-content\/uploads\/2024\/12\/sabana-bajera-termo-vitola-mockup-1.jpg\" \/>\n\t<meta property=\"og:image:width\" content=\"1000\" \/>\n\t<meta property=\"og:image:height\" content=\"685\" \/>\n\t<meta property=\"og:image:type\" content=\"image\/jpeg\" \/>\n<meta name=\"twitter:card\" content=\"summary_large_image\" \/>\n<meta name=\"twitter:label1\" content=\"Tiempo de lectura\" \/>\n\t<meta name=\"twitter:data1\" content=\"1 minuto\" \/>\n<!-- \/ Yoast SEO plugin. -->","yoast_head_json":{"title":"S\u00e1bana Bajera Termo-reguladora Velfont - 100% Algod\u00f3n -","description":"Descubre la s\u00e1bana bajera termo-reguladora de algod\u00f3n Velfont con tecnolog\u00eda Outlast\u00ae: confort t\u00e9rmico durante toda la noche. Ajuste perfecto y m\u00e1xima suavidad.","robots":{"index":"index","follow":"follow","max-snippet":"max-snippet:-1","max-image-preview":"max-image-preview:large","max-video-preview":"max-video-preview:-1"},"canonical":"https:\/\/gesmobles.cat\/es\/producto\/sabana-bajera-termoreguladora\/","og_locale":"es_ES","og_type":"article","og_title":"S\u00e1bana Bajera Termo-reguladora Velfont - 100% Algod\u00f3n -","og_description":"Descubre la s\u00e1bana bajera termo-reguladora de algod\u00f3n Velfont con tecnolog\u00eda Outlast\u00ae: confort t\u00e9rmico durante toda la noche. Ajuste perfecto y m\u00e1xima suavidad.","og_url":"https:\/\/gesmobles.cat\/es\/producto\/sabana-bajera-termoreguladora\/","article_modified_time":"2025-08-12T19:06:50+00:00","og_image":[{"width":1000,"height":685,"url":"https:\/\/gesmobles.cat\/wp-content\/uploads\/2024\/12\/sabana-bajera-termo-vitola-mockup-1.jpg","type":"image\/jpeg"}],"twitter_card":"summary_large_image","twitter_misc":{"Tiempo de lectura":"1 minuto"},"schema":{"@context":"https:\/\/schema.org","@graph":[]}},"_links":{"self":[{"href":"https:\/\/gesmobles.cat\/es\/wp-json\/wp\/v2\/product\/1198","targetHints":{"allow":["GET"]}}],"collection":[{"href":"https:\/\/gesmobles.cat\/es\/wp-json\/wp\/v2\/product"}],"about":[{"href":"https:\/\/gesmobles.cat\/es\/wp-json\/wp\/v2\/types\/product"}],"replies":[{"embeddable":true,"href":"https:\/\/gesmobles.cat\/es\/wp-json\/wp\/v2\/comments?post=1198"}],"wp:featuredmedia":[{"embeddable":true,"href":"https:\/\/gesmobles.cat\/es\/wp-json\/wp\/v2\/media\/1205"}],"wp:attachment":[{"href":"https:\/\/gesmobles.cat\/es\/wp-json\/wp\/v2\/media?parent=1198"}],"wp:term":[{"taxonomy":"product_brand","embeddable":true,"href":"https:\/\/gesmobles.cat\/es\/wp-json\/wp\/v2\/product_brand?post=1198"},{"taxonomy":"product_cat","embeddable":true,"href":"https:\/\/gesmobles.cat\/es\/wp-json\/wp\/v2\/product_cat?post=1198"},{"taxonomy":"product_tag","embeddable":true,"href":"https:\/\/gesmobles.cat\/es\/wp-json\/wp\/v2\/product_tag?post=1198"}],"curies":[{"name":"wp","href":"https:\/\/api.w.org\/{rel}","templated":true}]}}