{"id":1337,"date":"2024-12-07T12:58:24","date_gmt":"2024-12-07T10:58:24","guid":{"rendered":"https:\/\/gesmobles.cat\/?post_type=product&#038;p=1337"},"modified":"2025-01-17T12:34:07","modified_gmt":"2025-01-17T10:34:07","slug":"llencol-de-sobre-venecia-gris-bassols","status":"publish","type":"product","link":"https:\/\/gesmobles.cat\/es\/producto\/llencol-de-sobre-venecia-gris-bassols\/","title":{"rendered":"LLEN\u00c7OL DE SOBRE VEN\u00c8CIA GRIS BASSOLS"},"content":{"rendered":"<p>100% cot\u00f3 egipci merceritzat. 100% cot\u00f3 egipci merceritzat.<\/p>\n","protected":false},"excerpt":{"rendered":"<p>100% cot\u00f3 egipci merceritzat. 100% cot\u00f3 egipci merceritzat.<\/p>\n","protected":false},"featured_media":1292,"comment_status":"open","ping_status":"closed","template":"","meta":[],"product_brand":[],"product_cat":[112,21],"product_tag":[],"class_list":{"0":"post-1337","1":"product","2":"type-product","3":"status-publish","4":"has-post-thumbnail","6":"product_cat-llencols-dasobre","7":"product_cat-textils-llar","9":"first","10":"instock","11":"taxable","12":"shipping-taxable","13":"purchasable","14":"product-type-simple"},"acf":[],"yoast_head":"<!-- This site is optimized with the Yoast SEO plugin v27.4 - https:\/\/yoast.com\/product\/yoast-seo-wordpress\/ -->\n<title>LLEN\u00c7OL DE SOBRE VEN\u00c8CIA GRIS BASSOLS -<\/title>\n<meta name=\"robots\" content=\"index, follow, max-snippet:-1, max-image-preview:large, max-video-preview:-1\" \/>\n<link rel=\"canonical\" href=\"https:\/\/gesmobles.cat\/es\/producto\/llencol-de-sobre-venecia-gris-bassols\/\" \/>\n<meta property=\"og:locale\" content=\"es_ES\" \/>\n<meta property=\"og:type\" content=\"article\" \/>\n<meta property=\"og:title\" content=\"LLEN\u00c7OL DE SOBRE VEN\u00c8CIA GRIS BASSOLS -\" \/>\n<meta property=\"og:description\" content=\"100% cot\u00f3 egipci merceritzat. 100% cot\u00f3 egipci merceritzat.\" \/>\n<meta property=\"og:url\" content=\"https:\/\/gesmobles.cat\/es\/producto\/llencol-de-sobre-venecia-gris-bassols\/\" \/>\n<meta property=\"article:modified_time\" content=\"2025-01-17T10:34:07+00:00\" \/>\n<meta property=\"og:image\" content=\"https:\/\/gesmobles.cat\/wp-content\/uploads\/2024\/12\/sabana-encimera-venecia-gris-02.jpg\" \/>\n\t<meta property=\"og:image:width\" content=\"699\" \/>\n\t<meta property=\"og:image:height\" content=\"866\" \/>\n\t<meta property=\"og:image:type\" content=\"image\/jpeg\" \/>\n<meta name=\"twitter:card\" content=\"summary_large_image\" \/>\n<meta name=\"twitter:label1\" content=\"Tiempo de lectura\" \/>\n\t<meta name=\"twitter:data1\" content=\"1 minuto\" \/>\n<!-- \/ Yoast SEO plugin. -->","yoast_head_json":{"title":"LLEN\u00c7OL DE SOBRE VEN\u00c8CIA GRIS BASSOLS -","robots":{"index":"index","follow":"follow","max-snippet":"max-snippet:-1","max-image-preview":"max-image-preview:large","max-video-preview":"max-video-preview:-1"},"canonical":"https:\/\/gesmobles.cat\/es\/producto\/llencol-de-sobre-venecia-gris-bassols\/","og_locale":"es_ES","og_type":"article","og_title":"LLEN\u00c7OL DE SOBRE VEN\u00c8CIA GRIS BASSOLS -","og_description":"100% cot\u00f3 egipci merceritzat. 100% cot\u00f3 egipci merceritzat.","og_url":"https:\/\/gesmobles.cat\/es\/producto\/llencol-de-sobre-venecia-gris-bassols\/","article_modified_time":"2025-01-17T10:34:07+00:00","og_image":[{"width":699,"height":866,"url":"https:\/\/gesmobles.cat\/wp-content\/uploads\/2024\/12\/sabana-encimera-venecia-gris-02.jpg","type":"image\/jpeg"}],"twitter_card":"summary_large_image","twitter_misc":{"Tiempo de lectura":"1 minuto"},"schema":{"@context":"https:\/\/schema.org","@graph":[]}},"_links":{"self":[{"href":"https:\/\/gesmobles.cat\/es\/wp-json\/wp\/v2\/product\/1337","targetHints":{"allow":["GET"]}}],"collection":[{"href":"https:\/\/gesmobles.cat\/es\/wp-json\/wp\/v2\/product"}],"about":[{"href":"https:\/\/gesmobles.cat\/es\/wp-json\/wp\/v2\/types\/product"}],"replies":[{"embeddable":true,"href":"https:\/\/gesmobles.cat\/es\/wp-json\/wp\/v2\/comments?post=1337"}],"wp:featuredmedia":[{"embeddable":true,"href":"https:\/\/gesmobles.cat\/es\/wp-json\/wp\/v2\/media\/1292"}],"wp:attachment":[{"href":"https:\/\/gesmobles.cat\/es\/wp-json\/wp\/v2\/media?parent=1337"}],"wp:term":[{"taxonomy":"product_brand","embeddable":true,"href":"https:\/\/gesmobles.cat\/es\/wp-json\/wp\/v2\/product_brand?post=1337"},{"taxonomy":"product_cat","embeddable":true,"href":"https:\/\/gesmobles.cat\/es\/wp-json\/wp\/v2\/product_cat?post=1337"},{"taxonomy":"product_tag","embeddable":true,"href":"https:\/\/gesmobles.cat\/es\/wp-json\/wp\/v2\/product_tag?post=1337"}],"curies":[{"name":"wp","href":"https:\/\/api.w.org\/{rel}","templated":true}]}}