{"id":1471,"date":"2025-01-02T13:06:22","date_gmt":"2025-01-02T11:06:22","guid":{"rendered":"https:\/\/gesmobles.cat\/?post_type=product&#038;p=1471"},"modified":"2025-01-02T13:06:22","modified_gmt":"2025-01-02T11:06:22","slug":"mueble-escalera-izquierda-4-cajones-2-puertos","status":"publish","type":"product","link":"https:\/\/gesmobles.cat\/es\/producto\/mueble-escalera-izquierda-4-cajones-2-puertos\/","title":{"rendered":"MUEBLE ESCALERA IZQUIERDA 4 CAJONES 2 PUERTOS"},"content":{"rendered":"<p>Este mueble refinado en forma de escalera, dise\u00f1ado para optimizar el espacio y elevar la elegancia funcional de cualquier ambiente, presenta una configuraci\u00f3n y est\u00e9ticamente equilibrada. Cuenta con cuatro cajones y hazlo dos puertas, ofrece<\/p>\n<p>Elaborado artesanalmente en madera de caoba, bronce pulido.<\/p>\n<p>Una pieza \u00fanica que combina tradici\u00f3n, utilidad y belleza en un dise\u00f1o que celebra su artesan\u00eda hecha a mano. Ideal para interiores que buscan fusionar estilo y practicidad.<\/p>\n","protected":false},"excerpt":{"rendered":"<p>Este mueble refinado en forma de escalera, dise\u00f1ado para optimizar el espacio y elevar la elegancia funcional de cualquier ambiente, presenta una configuraci\u00f3n y est\u00e9ticamente equilibrada. Cuenta con cuatro cajones y hazlo dos puertas, ofrece Elaborado artesanalmente en madera de caoba, bronce pulido. Una pieza \u00fanica que combina tradici\u00f3n, utilidad y belleza en un dise\u00f1o [&hellip;]<\/p>\n","protected":false},"featured_media":1474,"comment_status":"open","ping_status":"closed","template":"","meta":[],"product_brand":[],"product_cat":[51,84],"product_tag":[],"class_list":{"0":"post-1471","1":"product","2":"type-product","3":"status-publish","4":"has-post-thumbnail","6":"product_cat-muebles-es","7":"product_cat-mueble-auxiliar","9":"first","10":"instock","11":"taxable","12":"shipping-taxable","13":"purchasable","14":"product-type-simple"},"acf":[],"yoast_head":"<!-- This site is optimized with the Yoast SEO plugin v27.4 - https:\/\/yoast.com\/product\/yoast-seo-wordpress\/ -->\n<title>MUEBLE ESCALERA IZQUIERDA 4 CAJONES 2 PUERTOS -<\/title>\n<meta name=\"robots\" content=\"index, follow, max-snippet:-1, max-image-preview:large, max-video-preview:-1\" \/>\n<link rel=\"canonical\" href=\"https:\/\/gesmobles.cat\/es\/producto\/mueble-escalera-izquierda-4-cajones-2-puertos\/\" \/>\n<meta property=\"og:locale\" content=\"es_ES\" \/>\n<meta property=\"og:type\" content=\"article\" \/>\n<meta property=\"og:title\" content=\"MUEBLE ESCALERA IZQUIERDA 4 CAJONES 2 PUERTOS -\" \/>\n<meta property=\"og:description\" content=\"Este mueble refinado en forma de escalera, dise\u00f1ado para optimizar el espacio y elevar la elegancia funcional de cualquier ambiente, presenta una configuraci\u00f3n y est\u00e9ticamente equilibrada. Cuenta con cuatro cajones y hazlo dos puertas, ofrece Elaborado artesanalmente en madera de caoba, bronce pulido. Una pieza \u00fanica que combina tradici\u00f3n, utilidad y belleza en un dise\u00f1o [&hellip;]\" \/>\n<meta property=\"og:url\" content=\"https:\/\/gesmobles.cat\/es\/producto\/mueble-escalera-izquierda-4-cajones-2-puertos\/\" \/>\n<meta property=\"og:image\" content=\"https:\/\/gesmobles.cat\/wp-content\/uploads\/2025\/01\/izq.jpg\" \/>\n\t<meta property=\"og:image:width\" content=\"768\" \/>\n\t<meta property=\"og:image:height\" content=\"838\" \/>\n\t<meta property=\"og:image:type\" content=\"image\/jpeg\" \/>\n<meta name=\"twitter:card\" content=\"summary_large_image\" \/>\n<meta name=\"twitter:label1\" content=\"Tiempo de lectura\" \/>\n\t<meta name=\"twitter:data1\" content=\"1 minuto\" \/>\n<!-- \/ Yoast SEO plugin. -->","yoast_head_json":{"title":"MUEBLE ESCALERA IZQUIERDA 4 CAJONES 2 PUERTOS -","robots":{"index":"index","follow":"follow","max-snippet":"max-snippet:-1","max-image-preview":"max-image-preview:large","max-video-preview":"max-video-preview:-1"},"canonical":"https:\/\/gesmobles.cat\/es\/producto\/mueble-escalera-izquierda-4-cajones-2-puertos\/","og_locale":"es_ES","og_type":"article","og_title":"MUEBLE ESCALERA IZQUIERDA 4 CAJONES 2 PUERTOS -","og_description":"Este mueble refinado en forma de escalera, dise\u00f1ado para optimizar el espacio y elevar la elegancia funcional de cualquier ambiente, presenta una configuraci\u00f3n y est\u00e9ticamente equilibrada. Cuenta con cuatro cajones y hazlo dos puertas, ofrece Elaborado artesanalmente en madera de caoba, bronce pulido. Una pieza \u00fanica que combina tradici\u00f3n, utilidad y belleza en un dise\u00f1o [&hellip;]","og_url":"https:\/\/gesmobles.cat\/es\/producto\/mueble-escalera-izquierda-4-cajones-2-puertos\/","og_image":[{"width":768,"height":838,"url":"https:\/\/gesmobles.cat\/wp-content\/uploads\/2025\/01\/izq.jpg","type":"image\/jpeg"}],"twitter_card":"summary_large_image","twitter_misc":{"Tiempo de lectura":"1 minuto"},"schema":{"@context":"https:\/\/schema.org","@graph":[]}},"_links":{"self":[{"href":"https:\/\/gesmobles.cat\/es\/wp-json\/wp\/v2\/product\/1471","targetHints":{"allow":["GET"]}}],"collection":[{"href":"https:\/\/gesmobles.cat\/es\/wp-json\/wp\/v2\/product"}],"about":[{"href":"https:\/\/gesmobles.cat\/es\/wp-json\/wp\/v2\/types\/product"}],"replies":[{"embeddable":true,"href":"https:\/\/gesmobles.cat\/es\/wp-json\/wp\/v2\/comments?post=1471"}],"wp:featuredmedia":[{"embeddable":true,"href":"https:\/\/gesmobles.cat\/es\/wp-json\/wp\/v2\/media\/1474"}],"wp:attachment":[{"href":"https:\/\/gesmobles.cat\/es\/wp-json\/wp\/v2\/media?parent=1471"}],"wp:term":[{"taxonomy":"product_brand","embeddable":true,"href":"https:\/\/gesmobles.cat\/es\/wp-json\/wp\/v2\/product_brand?post=1471"},{"taxonomy":"product_cat","embeddable":true,"href":"https:\/\/gesmobles.cat\/es\/wp-json\/wp\/v2\/product_cat?post=1471"},{"taxonomy":"product_tag","embeddable":true,"href":"https:\/\/gesmobles.cat\/es\/wp-json\/wp\/v2\/product_tag?post=1471"}],"curies":[{"name":"wp","href":"https:\/\/api.w.org\/{rel}","templated":true}]}}