{"id":1481,"date":"2025-01-02T13:39:44","date_gmt":"2025-01-02T11:39:44","guid":{"rendered":"https:\/\/gesmobles.cat\/?post_type=product&#038;p=1481"},"modified":"2025-08-12T21:18:13","modified_gmt":"2025-08-12T19:18:13","slug":"perchero-pared-4-colgadores","status":"publish","type":"product","link":"https:\/\/gesmobles.cat\/es\/producto\/perchero-pared-4-colgadores\/","title":{"rendered":"PERCHERO PARED 4 COLGADORES"},"content":{"rendered":"<p>Este perchero de pared est\u00e1 elaborado con madera de caoba, un material resistente y de gran belleza natural. Dise\u00f1ado para combinar funcionalidad y estilo, cuenta con cuatro colgadores s\u00f3lidos que permiten organizar prendas, bolsos, sombreros y otros accesorios de manera pr\u00e1ctica.<\/p>\n<p>El perchero incluye cuatro anclajes que facilitan su instalaci\u00f3n en la pared, asegurando una fijaci\u00f3n firme y estable. Su dise\u00f1o minimalista se adapta f\u00e1cilmente a diferentes estilos de decoraci\u00f3n, convirti\u00e9ndolo en una opci\u00f3n vers\u00e1til para cualquier espacio, ya sea en el hogar o la oficina. Ideal para mantener el orden y aportar un toque.<\/p>\n","protected":false},"excerpt":{"rendered":"<p>Este perchero de pared est\u00e1 elaborado con madera de caoba, un material resistente y de gran belleza natural. Dise\u00f1ado para combinar funcionalidad y estilo, cuenta con cuatro colgadores s\u00f3lidos que permiten organizar prendas, bolsos, sombreros y otros accesorios de manera pr\u00e1ctica. El perchero incluye cuatro anclajes que facilitan su instalaci\u00f3n en la pared, asegurando una [&hellip;]<\/p>\n","protected":false},"featured_media":1482,"comment_status":"open","ping_status":"closed","template":"","meta":[],"product_brand":[],"product_cat":[51,84],"product_tag":[],"class_list":{"0":"post-1481","1":"product","2":"type-product","3":"status-publish","4":"has-post-thumbnail","6":"product_cat-muebles-es","7":"product_cat-mueble-auxiliar","9":"first","10":"instock","11":"taxable","12":"shipping-taxable","13":"purchasable","14":"product-type-simple"},"acf":[],"yoast_head":"<!-- This site is optimized with the Yoast SEO plugin v27.4 - https:\/\/yoast.com\/product\/yoast-seo-wordpress\/ -->\n<title>PERCHERO PARED 4 COLGADORES -<\/title>\n<meta name=\"robots\" content=\"index, follow, max-snippet:-1, max-image-preview:large, max-video-preview:-1\" \/>\n<link rel=\"canonical\" href=\"https:\/\/gesmobles.cat\/es\/producto\/perchero-pared-4-colgadores\/\" \/>\n<meta property=\"og:locale\" content=\"es_ES\" \/>\n<meta property=\"og:type\" content=\"article\" \/>\n<meta property=\"og:title\" content=\"PERCHERO PARED 4 COLGADORES -\" \/>\n<meta property=\"og:description\" content=\"Este perchero de pared est\u00e1 elaborado con madera de caoba, un material resistente y de gran belleza natural. Dise\u00f1ado para combinar funcionalidad y estilo, cuenta con cuatro colgadores s\u00f3lidos que permiten organizar prendas, bolsos, sombreros y otros accesorios de manera pr\u00e1ctica. El perchero incluye cuatro anclajes que facilitan su instalaci\u00f3n en la pared, asegurando una [&hellip;]\" \/>\n<meta property=\"og:url\" content=\"https:\/\/gesmobles.cat\/es\/producto\/perchero-pared-4-colgadores\/\" \/>\n<meta property=\"article:modified_time\" content=\"2025-08-12T19:18:13+00:00\" \/>\n<meta property=\"og:image\" content=\"https:\/\/gesmobles.cat\/wp-content\/uploads\/2025\/01\/penjador.jpg\" \/>\n\t<meta property=\"og:image:width\" content=\"1150\" \/>\n\t<meta property=\"og:image:height\" content=\"1255\" \/>\n\t<meta property=\"og:image:type\" content=\"image\/jpeg\" \/>\n<meta name=\"twitter:card\" content=\"summary_large_image\" \/>\n<meta name=\"twitter:label1\" content=\"Tiempo de lectura\" \/>\n\t<meta name=\"twitter:data1\" content=\"1 minuto\" \/>\n<!-- \/ Yoast SEO plugin. -->","yoast_head_json":{"title":"PERCHERO PARED 4 COLGADORES -","robots":{"index":"index","follow":"follow","max-snippet":"max-snippet:-1","max-image-preview":"max-image-preview:large","max-video-preview":"max-video-preview:-1"},"canonical":"https:\/\/gesmobles.cat\/es\/producto\/perchero-pared-4-colgadores\/","og_locale":"es_ES","og_type":"article","og_title":"PERCHERO PARED 4 COLGADORES -","og_description":"Este perchero de pared est\u00e1 elaborado con madera de caoba, un material resistente y de gran belleza natural. Dise\u00f1ado para combinar funcionalidad y estilo, cuenta con cuatro colgadores s\u00f3lidos que permiten organizar prendas, bolsos, sombreros y otros accesorios de manera pr\u00e1ctica. El perchero incluye cuatro anclajes que facilitan su instalaci\u00f3n en la pared, asegurando una [&hellip;]","og_url":"https:\/\/gesmobles.cat\/es\/producto\/perchero-pared-4-colgadores\/","article_modified_time":"2025-08-12T19:18:13+00:00","og_image":[{"width":1150,"height":1255,"url":"https:\/\/gesmobles.cat\/wp-content\/uploads\/2025\/01\/penjador.jpg","type":"image\/jpeg"}],"twitter_card":"summary_large_image","twitter_misc":{"Tiempo de lectura":"1 minuto"},"schema":{"@context":"https:\/\/schema.org","@graph":[]}},"_links":{"self":[{"href":"https:\/\/gesmobles.cat\/es\/wp-json\/wp\/v2\/product\/1481","targetHints":{"allow":["GET"]}}],"collection":[{"href":"https:\/\/gesmobles.cat\/es\/wp-json\/wp\/v2\/product"}],"about":[{"href":"https:\/\/gesmobles.cat\/es\/wp-json\/wp\/v2\/types\/product"}],"replies":[{"embeddable":true,"href":"https:\/\/gesmobles.cat\/es\/wp-json\/wp\/v2\/comments?post=1481"}],"wp:featuredmedia":[{"embeddable":true,"href":"https:\/\/gesmobles.cat\/es\/wp-json\/wp\/v2\/media\/1482"}],"wp:attachment":[{"href":"https:\/\/gesmobles.cat\/es\/wp-json\/wp\/v2\/media?parent=1481"}],"wp:term":[{"taxonomy":"product_brand","embeddable":true,"href":"https:\/\/gesmobles.cat\/es\/wp-json\/wp\/v2\/product_brand?post=1481"},{"taxonomy":"product_cat","embeddable":true,"href":"https:\/\/gesmobles.cat\/es\/wp-json\/wp\/v2\/product_cat?post=1481"},{"taxonomy":"product_tag","embeddable":true,"href":"https:\/\/gesmobles.cat\/es\/wp-json\/wp\/v2\/product_tag?post=1481"}],"curies":[{"name":"wp","href":"https:\/\/api.w.org\/{rel}","templated":true}]}}