{"id":1582,"date":"2025-01-23T12:46:18","date_gmt":"2025-01-23T10:46:18","guid":{"rendered":"https:\/\/gesmobles.cat\/?post_type=product&#038;p=1582"},"modified":"2025-07-23T17:06:20","modified_gmt":"2025-07-23T15:06:20","slug":"funda-coixi-ras-llaurat","status":"publish","type":"product","link":"https:\/\/gesmobles.cat\/es\/producto\/funda-coixi-ras-llaurat\/","title":{"rendered":"FUNDA COIX\u00cd RAS LLAURAT"},"content":{"rendered":"<p>La coixinera Raso Labrado Velfont est\u00e0 fabricada amb un teixit de 100% cot\u00f3 que presenta un elegant disseny a ratlles. Proporciona una protecci\u00f3 total al coix\u00ed, resguardant-la de brut\u00edcia i pols, cosa que n&#8217;assegura la higiene i la conservaci\u00f3 en \u00f2ptimes condicions.<\/p>\n","protected":false},"excerpt":{"rendered":"<p>Tejido cut\u00ed 100% algod\u00f3n Cierre con cremallera.<\/p>\n","protected":false},"featured_media":1388,"comment_status":"open","ping_status":"closed","template":"","meta":[],"product_brand":[],"product_cat":[118,21],"product_tag":[],"class_list":{"0":"post-1582","1":"product","2":"type-product","3":"status-publish","4":"has-post-thumbnail","6":"product_cat-coixins-de-llit","7":"product_cat-textils-llar","9":"first","10":"instock","11":"taxable","12":"shipping-taxable","13":"purchasable","14":"product-type-variable"},"acf":[],"yoast_head":"<!-- This site is optimized with the Yoast SEO plugin v27.4 - https:\/\/yoast.com\/product\/yoast-seo-wordpress\/ -->\n<title>FUNDA COIX\u00cd RAS LLAURAT -<\/title>\n<meta name=\"robots\" content=\"index, follow, max-snippet:-1, max-image-preview:large, max-video-preview:-1\" \/>\n<link rel=\"canonical\" href=\"https:\/\/gesmobles.cat\/es\/producto\/funda-coixi-ras-llaurat\/\" \/>\n<meta property=\"og:locale\" content=\"es_ES\" \/>\n<meta property=\"og:type\" content=\"article\" \/>\n<meta property=\"og:title\" content=\"FUNDA COIX\u00cd RAS LLAURAT -\" \/>\n<meta property=\"og:description\" content=\"Tejido cut\u00ed 100% algod\u00f3n Cierre con cremallera.\" \/>\n<meta property=\"og:url\" content=\"https:\/\/gesmobles.cat\/es\/producto\/funda-coixi-ras-llaurat\/\" \/>\n<meta property=\"article:modified_time\" content=\"2025-07-23T15:06:20+00:00\" \/>\n<meta property=\"og:image\" content=\"https:\/\/gesmobles.cat\/wp-content\/uploads\/2024\/12\/funda-almohada-caja-raso-labrado-1.jpg\" \/>\n\t<meta property=\"og:image:width\" content=\"1000\" \/>\n\t<meta property=\"og:image:height\" content=\"685\" \/>\n\t<meta property=\"og:image:type\" content=\"image\/jpeg\" \/>\n<meta name=\"twitter:card\" content=\"summary_large_image\" \/>\n<meta name=\"twitter:label1\" content=\"Tiempo de lectura\" \/>\n\t<meta name=\"twitter:data1\" content=\"1 minuto\" \/>\n<!-- \/ Yoast SEO plugin. -->","yoast_head_json":{"title":"FUNDA COIX\u00cd RAS LLAURAT -","robots":{"index":"index","follow":"follow","max-snippet":"max-snippet:-1","max-image-preview":"max-image-preview:large","max-video-preview":"max-video-preview:-1"},"canonical":"https:\/\/gesmobles.cat\/es\/producto\/funda-coixi-ras-llaurat\/","og_locale":"es_ES","og_type":"article","og_title":"FUNDA COIX\u00cd RAS LLAURAT -","og_description":"Tejido cut\u00ed 100% algod\u00f3n Cierre con cremallera.","og_url":"https:\/\/gesmobles.cat\/es\/producto\/funda-coixi-ras-llaurat\/","article_modified_time":"2025-07-23T15:06:20+00:00","og_image":[{"width":1000,"height":685,"url":"https:\/\/gesmobles.cat\/wp-content\/uploads\/2024\/12\/funda-almohada-caja-raso-labrado-1.jpg","type":"image\/jpeg"}],"twitter_card":"summary_large_image","twitter_misc":{"Tiempo de lectura":"1 minuto"},"schema":{"@context":"https:\/\/schema.org","@graph":[]}},"_links":{"self":[{"href":"https:\/\/gesmobles.cat\/es\/wp-json\/wp\/v2\/product\/1582","targetHints":{"allow":["GET"]}}],"collection":[{"href":"https:\/\/gesmobles.cat\/es\/wp-json\/wp\/v2\/product"}],"about":[{"href":"https:\/\/gesmobles.cat\/es\/wp-json\/wp\/v2\/types\/product"}],"replies":[{"embeddable":true,"href":"https:\/\/gesmobles.cat\/es\/wp-json\/wp\/v2\/comments?post=1582"}],"wp:featuredmedia":[{"embeddable":true,"href":"https:\/\/gesmobles.cat\/es\/wp-json\/wp\/v2\/media\/1388"}],"wp:attachment":[{"href":"https:\/\/gesmobles.cat\/es\/wp-json\/wp\/v2\/media?parent=1582"}],"wp:term":[{"taxonomy":"product_brand","embeddable":true,"href":"https:\/\/gesmobles.cat\/es\/wp-json\/wp\/v2\/product_brand?post=1582"},{"taxonomy":"product_cat","embeddable":true,"href":"https:\/\/gesmobles.cat\/es\/wp-json\/wp\/v2\/product_cat?post=1582"},{"taxonomy":"product_tag","embeddable":true,"href":"https:\/\/gesmobles.cat\/es\/wp-json\/wp\/v2\/product_tag?post=1582"}],"curies":[{"name":"wp","href":"https:\/\/api.w.org\/{rel}","templated":true}]}}