{"id":1588,"date":"2025-01-23T13:20:17","date_gmt":"2025-01-23T11:20:17","guid":{"rendered":"https:\/\/gesmobles.cat\/?post_type=product&#038;p=1588"},"modified":"2025-03-10T19:57:23","modified_gmt":"2025-03-10T17:57:23","slug":"funda-coixi-punt-de-coto","status":"publish","type":"product","link":"https:\/\/gesmobles.cat\/es\/producto\/funda-coixi-punt-de-coto\/","title":{"rendered":"FUNDA COIXI PUNT DE COT\u00d3"},"content":{"rendered":"<p>La funda de coix\u00ed impermeable i transpirable Velfont Punto Cot\u00f3 est\u00e0 elaborada amb un teixit de 100% cot\u00f3, suau i c\u00f2mode. Gr\u00e0cies a la seva membrana microporosa de poliuret\u00e0, permet el pas de l&#8217;aire per\u00f2 bloqueja els l\u00edquids i la humitat, oferint aix\u00ed una impermeabilitat completa juntament amb un nivell de transpirabilitat excel\u00b7lent. Aquesta combinaci\u00f3 assegura una protecci\u00f3 total per al coix\u00ed, mantenint-la neta i intacta per m\u00e9s temps.<\/p>\n","protected":false},"excerpt":{"rendered":"<p>Teixit de punt 100% cot\u00f3 Impermeable i transpirable Tancament amb cremallera L\u00e0mina impermeable reciclada.<\/p>\n","protected":false},"featured_media":1380,"comment_status":"open","ping_status":"closed","template":"","meta":[],"product_brand":[],"product_cat":[118,21],"product_tag":[],"class_list":{"0":"post-1588","1":"product","2":"type-product","3":"status-publish","4":"has-post-thumbnail","6":"product_cat-coixins-de-llit","7":"product_cat-textils-llar","9":"first","10":"instock","11":"taxable","12":"shipping-taxable","13":"purchasable","14":"product-type-variable"},"acf":[],"yoast_head":"<!-- This site is optimized with the Yoast SEO plugin v27.4 - https:\/\/yoast.com\/product\/yoast-seo-wordpress\/ -->\n<title>FUNDA COIXI PUNT DE COT\u00d3 -<\/title>\n<meta name=\"robots\" content=\"index, follow, max-snippet:-1, max-image-preview:large, max-video-preview:-1\" \/>\n<link rel=\"canonical\" href=\"https:\/\/gesmobles.cat\/es\/producto\/funda-coixi-punt-de-coto\/\" \/>\n<meta property=\"og:locale\" content=\"es_ES\" \/>\n<meta property=\"og:type\" content=\"article\" \/>\n<meta property=\"og:title\" content=\"FUNDA COIXI PUNT DE COT\u00d3 -\" \/>\n<meta property=\"og:description\" content=\"Teixit de punt 100% cot\u00f3 Impermeable i transpirable Tancament amb cremallera L\u00e0mina impermeable reciclada.\" \/>\n<meta property=\"og:url\" content=\"https:\/\/gesmobles.cat\/es\/producto\/funda-coixi-punt-de-coto\/\" \/>\n<meta property=\"article:modified_time\" content=\"2025-03-10T17:57:23+00:00\" \/>\n<meta property=\"og:image\" content=\"https:\/\/gesmobles.cat\/wp-content\/uploads\/2024\/12\/funda-almohada-caja-punto-algodon-1.jpg\" \/>\n\t<meta property=\"og:image:width\" content=\"1000\" \/>\n\t<meta property=\"og:image:height\" content=\"685\" \/>\n\t<meta property=\"og:image:type\" content=\"image\/jpeg\" \/>\n<meta name=\"twitter:card\" content=\"summary_large_image\" \/>\n<meta name=\"twitter:label1\" content=\"Tiempo de lectura\" \/>\n\t<meta name=\"twitter:data1\" content=\"1 minuto\" \/>\n<!-- \/ Yoast SEO plugin. -->","yoast_head_json":{"title":"FUNDA COIXI PUNT DE COT\u00d3 -","robots":{"index":"index","follow":"follow","max-snippet":"max-snippet:-1","max-image-preview":"max-image-preview:large","max-video-preview":"max-video-preview:-1"},"canonical":"https:\/\/gesmobles.cat\/es\/producto\/funda-coixi-punt-de-coto\/","og_locale":"es_ES","og_type":"article","og_title":"FUNDA COIXI PUNT DE COT\u00d3 -","og_description":"Teixit de punt 100% cot\u00f3 Impermeable i transpirable Tancament amb cremallera L\u00e0mina impermeable reciclada.","og_url":"https:\/\/gesmobles.cat\/es\/producto\/funda-coixi-punt-de-coto\/","article_modified_time":"2025-03-10T17:57:23+00:00","og_image":[{"width":1000,"height":685,"url":"https:\/\/gesmobles.cat\/wp-content\/uploads\/2024\/12\/funda-almohada-caja-punto-algodon-1.jpg","type":"image\/jpeg"}],"twitter_card":"summary_large_image","twitter_misc":{"Tiempo de lectura":"1 minuto"},"schema":{"@context":"https:\/\/schema.org","@graph":[]}},"_links":{"self":[{"href":"https:\/\/gesmobles.cat\/es\/wp-json\/wp\/v2\/product\/1588","targetHints":{"allow":["GET"]}}],"collection":[{"href":"https:\/\/gesmobles.cat\/es\/wp-json\/wp\/v2\/product"}],"about":[{"href":"https:\/\/gesmobles.cat\/es\/wp-json\/wp\/v2\/types\/product"}],"replies":[{"embeddable":true,"href":"https:\/\/gesmobles.cat\/es\/wp-json\/wp\/v2\/comments?post=1588"}],"wp:featuredmedia":[{"embeddable":true,"href":"https:\/\/gesmobles.cat\/es\/wp-json\/wp\/v2\/media\/1380"}],"wp:attachment":[{"href":"https:\/\/gesmobles.cat\/es\/wp-json\/wp\/v2\/media?parent=1588"}],"wp:term":[{"taxonomy":"product_brand","embeddable":true,"href":"https:\/\/gesmobles.cat\/es\/wp-json\/wp\/v2\/product_brand?post=1588"},{"taxonomy":"product_cat","embeddable":true,"href":"https:\/\/gesmobles.cat\/es\/wp-json\/wp\/v2\/product_cat?post=1588"},{"taxonomy":"product_tag","embeddable":true,"href":"https:\/\/gesmobles.cat\/es\/wp-json\/wp\/v2\/product_tag?post=1588"}],"curies":[{"name":"wp","href":"https:\/\/api.w.org\/{rel}","templated":true}]}}