{"id":2282,"date":"2025-03-15T13:27:06","date_gmt":"2025-03-15T11:27:06","guid":{"rendered":"https:\/\/gesmobles.cat\/?post_type=product&#038;p=2282"},"modified":"2026-01-27T19:12:55","modified_gmt":"2026-01-27T17:12:55","slug":"vitrina-salon-blanco-coleccion-tempo","status":"publish","type":"product","link":"https:\/\/gesmobles.cat\/es\/producto\/vitrina-salon-blanco-coleccion-tempo\/","title":{"rendered":"Vitrina sal\u00f3n blanco colecci\u00f3n TEMPO"},"content":{"rendered":"<p>Vitrina blanco Mate: Dise\u00f1o Minimalista con un Toque Natural<\/p>\n","protected":false},"excerpt":{"rendered":"<p>Vitrina blanco Mate: Dise\u00f1o Minimalista con un Toque Natural<\/p>\n","protected":false},"featured_media":2283,"comment_status":"open","ping_status":"closed","template":"","meta":[],"product_brand":[],"product_cat":[51,336],"product_tag":[],"class_list":{"0":"post-2282","1":"product","2":"type-product","3":"status-publish","4":"has-post-thumbnail","6":"product_cat-muebles-es","7":"product_cat-aparador","9":"first","10":"instock","11":"taxable","12":"shipping-taxable","13":"purchasable","14":"product-type-simple"},"acf":[],"yoast_head":"<!-- This site is optimized with the Yoast SEO plugin v27.4 - https:\/\/yoast.com\/product\/yoast-seo-wordpress\/ -->\n<title>Vitrina sal\u00f3n blanco colecci\u00f3n TEMPO -<\/title>\n<meta name=\"robots\" content=\"index, follow, max-snippet:-1, max-image-preview:large, max-video-preview:-1\" \/>\n<link rel=\"canonical\" href=\"https:\/\/gesmobles.cat\/es\/producto\/vitrina-salon-blanco-coleccion-tempo\/\" \/>\n<meta property=\"og:locale\" content=\"es_ES\" \/>\n<meta property=\"og:type\" content=\"article\" \/>\n<meta property=\"og:title\" content=\"Vitrina sal\u00f3n blanco colecci\u00f3n TEMPO -\" \/>\n<meta property=\"og:description\" content=\"Vitrina blanco Mate: Dise\u00f1o Minimalista con un Toque Natural\" \/>\n<meta property=\"og:url\" content=\"https:\/\/gesmobles.cat\/es\/producto\/vitrina-salon-blanco-coleccion-tempo\/\" \/>\n<meta property=\"article:modified_time\" content=\"2026-01-27T17:12:55+00:00\" \/>\n<meta property=\"og:image\" content=\"https:\/\/gesmobles.cat\/wp-content\/uploads\/2025\/03\/t-29-mate.jpg\" \/>\n\t<meta property=\"og:image:width\" content=\"1024\" \/>\n\t<meta property=\"og:image:height\" content=\"1024\" \/>\n\t<meta property=\"og:image:type\" content=\"image\/jpeg\" \/>\n<meta name=\"twitter:card\" content=\"summary_large_image\" \/>\n<meta name=\"twitter:label1\" content=\"Tiempo de lectura\" \/>\n\t<meta name=\"twitter:data1\" content=\"1 minuto\" \/>\n<!-- \/ Yoast SEO plugin. -->","yoast_head_json":{"title":"Vitrina sal\u00f3n blanco colecci\u00f3n TEMPO -","robots":{"index":"index","follow":"follow","max-snippet":"max-snippet:-1","max-image-preview":"max-image-preview:large","max-video-preview":"max-video-preview:-1"},"canonical":"https:\/\/gesmobles.cat\/es\/producto\/vitrina-salon-blanco-coleccion-tempo\/","og_locale":"es_ES","og_type":"article","og_title":"Vitrina sal\u00f3n blanco colecci\u00f3n TEMPO -","og_description":"Vitrina blanco Mate: Dise\u00f1o Minimalista con un Toque Natural","og_url":"https:\/\/gesmobles.cat\/es\/producto\/vitrina-salon-blanco-coleccion-tempo\/","article_modified_time":"2026-01-27T17:12:55+00:00","og_image":[{"width":1024,"height":1024,"url":"https:\/\/gesmobles.cat\/wp-content\/uploads\/2025\/03\/t-29-mate.jpg","type":"image\/jpeg"}],"twitter_card":"summary_large_image","twitter_misc":{"Tiempo de lectura":"1 minuto"},"schema":{"@context":"https:\/\/schema.org","@graph":[]}},"_links":{"self":[{"href":"https:\/\/gesmobles.cat\/es\/wp-json\/wp\/v2\/product\/2282","targetHints":{"allow":["GET"]}}],"collection":[{"href":"https:\/\/gesmobles.cat\/es\/wp-json\/wp\/v2\/product"}],"about":[{"href":"https:\/\/gesmobles.cat\/es\/wp-json\/wp\/v2\/types\/product"}],"replies":[{"embeddable":true,"href":"https:\/\/gesmobles.cat\/es\/wp-json\/wp\/v2\/comments?post=2282"}],"wp:featuredmedia":[{"embeddable":true,"href":"https:\/\/gesmobles.cat\/es\/wp-json\/wp\/v2\/media\/2283"}],"wp:attachment":[{"href":"https:\/\/gesmobles.cat\/es\/wp-json\/wp\/v2\/media?parent=2282"}],"wp:term":[{"taxonomy":"product_brand","embeddable":true,"href":"https:\/\/gesmobles.cat\/es\/wp-json\/wp\/v2\/product_brand?post=2282"},{"taxonomy":"product_cat","embeddable":true,"href":"https:\/\/gesmobles.cat\/es\/wp-json\/wp\/v2\/product_cat?post=2282"},{"taxonomy":"product_tag","embeddable":true,"href":"https:\/\/gesmobles.cat\/es\/wp-json\/wp\/v2\/product_tag?post=2282"}],"curies":[{"name":"wp","href":"https:\/\/api.w.org\/{rel}","templated":true}]}}