{"id":2296,"date":"2025-03-17T12:28:21","date_gmt":"2025-03-17T10:28:21","guid":{"rendered":"https:\/\/gesmobles.cat\/?post_type=product&#038;p=2296"},"modified":"2025-08-13T22:18:40","modified_gmt":"2025-08-13T20:18:40","slug":"recibidor-moderno-mueble-entrada-suspendido-consola-blanca-flotante-recibidor-con-lamas-de-madera-mueble-blanco-y-madera-recibidor-con-espejo-redondo-entrada-luminosa-diseno-escandinavo-recibi","status":"publish","type":"product","link":"https:\/\/gesmobles.cat\/es\/producto\/recibidor-moderno-mueble-entrada-suspendido-consola-blanca-flotante-recibidor-con-lamas-de-madera-mueble-blanco-y-madera-recibidor-con-espejo-redondo-entrada-luminosa-diseno-escandinavo-recibi\/","title":{"rendered":"Recibidor RAMIS 203"},"content":{"rendered":"<p>Caracter\u00edsticas destacadas:<br \/>\n\u2714 Dise\u00f1o contempor\u00e1neo con l\u00edneas limpias y armoniosas.<br \/>\n\u2714 Paneles de madera decorativos que a\u00f1aden textura y estilo.<br \/>\n\u2714 Amplio espacio de almacenamiento oculto para mantener el orden.<br \/>\n\u2714 Espejo redondo que ampl\u00eda visualmente el espacio.<br \/>\n\u2714 Perfecto para entradas modernas y acogedoras.<\/p>\n<p>Ideal para quienes buscan un recibidor moderno, organizado y con un estilo inigualable. \u00a1Dale a tu hogar la bienvenida que se merece! \u2728<\/p>\n<p>3 Alto 1 puerta abatible 120 x 32 x 30 cm. BLANCO 1 67<br \/>\nR10 Panel 47,5 x 119 x 3 cm. ARTISAN PANEL<br \/>\nTRASERO BLANCO 1 56<br \/>\nR11 Panel 47,5 x 32 x 3 cm. ARTISAN PANEL<br \/>\nTRASERO BLANCO 1 22<br \/>\nR13 Espejo Redondo di\u00e1metro 60 cm 1 34<br \/>\nleds no incluidos <\/p>\n","protected":false},"excerpt":{"rendered":"<p>Caracter\u00edsticas destacadas: \u2714 Dise\u00f1o contempor\u00e1neo con l\u00edneas limpias y armoniosas. \u2714 Paneles de madera decorativos que a\u00f1aden textura y estilo. \u2714 Amplio espacio de almacenamiento oculto para mantener el orden. \u2714 Espejo redondo que ampl\u00eda visualmente el espacio. \u2714 Perfecto para entradas modernas y acogedoras. Ideal para quienes buscan un recibidor moderno, organizado y con [&hellip;]<\/p>\n","protected":false},"featured_media":2297,"comment_status":"open","ping_status":"closed","template":"","meta":[],"product_brand":[],"product_cat":[51,342],"product_tag":[],"class_list":{"0":"post-2296","1":"product","2":"type-product","3":"status-publish","4":"has-post-thumbnail","6":"product_cat-muebles-es","7":"product_cat-recibidores","9":"first","10":"instock","11":"taxable","12":"shipping-taxable","13":"purchasable","14":"product-type-simple"},"acf":[],"yoast_head":"<!-- This site is optimized with the Yoast SEO plugin v27.3 - https:\/\/yoast.com\/product\/yoast-seo-wordpress\/ -->\n<title>Recibidor RAMIS 203 -<\/title>\n<meta name=\"description\" content=\"Recibidor suspendido blanco con lamas de madera y espejo redondo. Ideal para entradas modernas y luminosas con un toque escandinavo y elegante.\" \/>\n<meta name=\"robots\" content=\"index, follow, max-snippet:-1, max-image-preview:large, max-video-preview:-1\" \/>\n<link rel=\"canonical\" href=\"https:\/\/gesmobles.cat\/es\/producto\/recibidor-moderno-mueble-entrada-suspendido-consola-blanca-flotante-recibidor-con-lamas-de-madera-mueble-blanco-y-madera-recibidor-con-espejo-redondo-entrada-luminosa-diseno-escandinavo-recibi\/\" \/>\n<meta property=\"og:locale\" content=\"es_ES\" \/>\n<meta property=\"og:type\" content=\"article\" \/>\n<meta property=\"og:title\" content=\"Recibidor RAMIS 203 -\" \/>\n<meta property=\"og:description\" content=\"Recibidor suspendido blanco con lamas de madera y espejo redondo. Ideal para entradas modernas y luminosas con un toque escandinavo y elegante.\" \/>\n<meta property=\"og:url\" content=\"https:\/\/gesmobles.cat\/es\/producto\/recibidor-moderno-mueble-entrada-suspendido-consola-blanca-flotante-recibidor-con-lamas-de-madera-mueble-blanco-y-madera-recibidor-con-espejo-redondo-entrada-luminosa-diseno-escandinavo-recibi\/\" \/>\n<meta property=\"article:modified_time\" content=\"2025-08-13T20:18:40+00:00\" \/>\n<meta property=\"og:image\" content=\"https:\/\/gesmobles.cat\/wp-content\/uploads\/2025\/03\/203-recibidores-1-1024x1024-1.jpg\" \/>\n\t<meta property=\"og:image:width\" content=\"1024\" \/>\n\t<meta property=\"og:image:height\" content=\"1024\" \/>\n\t<meta property=\"og:image:type\" content=\"image\/jpeg\" \/>\n<meta name=\"twitter:card\" content=\"summary_large_image\" \/>\n<meta name=\"twitter:label1\" content=\"Tiempo de lectura\" \/>\n\t<meta name=\"twitter:data1\" content=\"1 minuto\" \/>\n<!-- \/ Yoast SEO plugin. -->","yoast_head_json":{"title":"Recibidor RAMIS 203 -","description":"Recibidor suspendido blanco con lamas de madera y espejo redondo. Ideal para entradas modernas y luminosas con un toque escandinavo y elegante.","robots":{"index":"index","follow":"follow","max-snippet":"max-snippet:-1","max-image-preview":"max-image-preview:large","max-video-preview":"max-video-preview:-1"},"canonical":"https:\/\/gesmobles.cat\/es\/producto\/recibidor-moderno-mueble-entrada-suspendido-consola-blanca-flotante-recibidor-con-lamas-de-madera-mueble-blanco-y-madera-recibidor-con-espejo-redondo-entrada-luminosa-diseno-escandinavo-recibi\/","og_locale":"es_ES","og_type":"article","og_title":"Recibidor RAMIS 203 -","og_description":"Recibidor suspendido blanco con lamas de madera y espejo redondo. Ideal para entradas modernas y luminosas con un toque escandinavo y elegante.","og_url":"https:\/\/gesmobles.cat\/es\/producto\/recibidor-moderno-mueble-entrada-suspendido-consola-blanca-flotante-recibidor-con-lamas-de-madera-mueble-blanco-y-madera-recibidor-con-espejo-redondo-entrada-luminosa-diseno-escandinavo-recibi\/","article_modified_time":"2025-08-13T20:18:40+00:00","og_image":[{"width":1024,"height":1024,"url":"https:\/\/gesmobles.cat\/wp-content\/uploads\/2025\/03\/203-recibidores-1-1024x1024-1.jpg","type":"image\/jpeg"}],"twitter_card":"summary_large_image","twitter_misc":{"Tiempo de lectura":"1 minuto"},"schema":{"@context":"https:\/\/schema.org","@graph":[]}},"_links":{"self":[{"href":"https:\/\/gesmobles.cat\/es\/wp-json\/wp\/v2\/product\/2296","targetHints":{"allow":["GET"]}}],"collection":[{"href":"https:\/\/gesmobles.cat\/es\/wp-json\/wp\/v2\/product"}],"about":[{"href":"https:\/\/gesmobles.cat\/es\/wp-json\/wp\/v2\/types\/product"}],"replies":[{"embeddable":true,"href":"https:\/\/gesmobles.cat\/es\/wp-json\/wp\/v2\/comments?post=2296"}],"wp:featuredmedia":[{"embeddable":true,"href":"https:\/\/gesmobles.cat\/es\/wp-json\/wp\/v2\/media\/2297"}],"wp:attachment":[{"href":"https:\/\/gesmobles.cat\/es\/wp-json\/wp\/v2\/media?parent=2296"}],"wp:term":[{"taxonomy":"product_brand","embeddable":true,"href":"https:\/\/gesmobles.cat\/es\/wp-json\/wp\/v2\/product_brand?post=2296"},{"taxonomy":"product_cat","embeddable":true,"href":"https:\/\/gesmobles.cat\/es\/wp-json\/wp\/v2\/product_cat?post=2296"},{"taxonomy":"product_tag","embeddable":true,"href":"https:\/\/gesmobles.cat\/es\/wp-json\/wp\/v2\/product_tag?post=2296"}],"curies":[{"name":"wp","href":"https:\/\/api.w.org\/{rel}","templated":true}]}}