{"id":2367,"date":"2025-03-20T11:17:29","date_gmt":"2025-03-20T09:17:29","guid":{"rendered":"https:\/\/gesmobles.cat\/?post_type=product&#038;p=2367"},"modified":"2025-03-20T11:23:19","modified_gmt":"2025-03-20T09:23:19","slug":"salon-artisan-block408","status":"publish","type":"product","link":"https:\/\/gesmobles.cat\/es\/producto\/salon-artisan-block408\/","title":{"rendered":"Sal\u00f3n artisan BLOCK408"},"content":{"rendered":"<p>\u2714 Composici\u00f3n:<\/p>\n<p>M\u00f3dulo flotante inferior con amplio espacio de almacenamiento<br \/>\nM\u00f3dulo superior con puertas y estanter\u00edas abiertas para decoraci\u00f3n o libros<br \/>\n\u2714 Dise\u00f1o minimalista y funcional, perfecto para cualquier estilo de decoraci\u00f3n<br \/>\n\u2714 Instalaci\u00f3n flotante, ideal para ganar espacio y mantener un ambiente ordenado<br \/>\nEste mueble es perfecto para complementar tu televisor y crear un espacio elegante y organizado en tu hogar. \u00a1No pierdas la oportunidad de darle un aire moderno a tu sal\u00f3n!<\/p>\n","protected":false},"excerpt":{"rendered":"<p>\u2714 Composici\u00f3n: M\u00f3dulo flotante inferior con amplio espacio de almacenamiento M\u00f3dulo superior con puertas y estanter\u00edas abiertas para decoraci\u00f3n o libros \u2714 Dise\u00f1o minimalista y funcional, perfecto para cualquier estilo de decoraci\u00f3n \u2714 Instalaci\u00f3n flotante, ideal para ganar espacio y mantener un ambiente ordenado Este mueble es perfecto para complementar tu televisor y crear un [&hellip;]<\/p>\n","protected":false},"featured_media":2368,"comment_status":"open","ping_status":"closed","template":"","meta":[],"product_brand":[],"product_cat":[51,334],"product_tag":[],"class_list":{"0":"post-2367","1":"product","2":"type-product","3":"status-publish","4":"has-post-thumbnail","6":"product_cat-muebles-es","7":"product_cat-muebles-salon","9":"first","10":"instock","11":"taxable","12":"shipping-taxable","13":"purchasable","14":"product-type-simple"},"acf":[],"yoast_head":"<!-- This site is optimized with the Yoast SEO plugin v27.4 - https:\/\/yoast.com\/product\/yoast-seo-wordpress\/ -->\n<title>Sal\u00f3n artisan BLOCK408 -<\/title>\n<meta name=\"robots\" content=\"index, follow, max-snippet:-1, max-image-preview:large, max-video-preview:-1\" \/>\n<link rel=\"canonical\" href=\"https:\/\/gesmobles.cat\/es\/producto\/salon-artisan-block408\/\" \/>\n<meta property=\"og:locale\" content=\"es_ES\" \/>\n<meta property=\"og:type\" content=\"article\" \/>\n<meta property=\"og:title\" content=\"Sal\u00f3n artisan BLOCK408 -\" \/>\n<meta property=\"og:description\" content=\"\u2714 Composici\u00f3n: M\u00f3dulo flotante inferior con amplio espacio de almacenamiento M\u00f3dulo superior con puertas y estanter\u00edas abiertas para decoraci\u00f3n o libros \u2714 Dise\u00f1o minimalista y funcional, perfecto para cualquier estilo de decoraci\u00f3n \u2714 Instalaci\u00f3n flotante, ideal para ganar espacio y mantener un ambiente ordenado Este mueble es perfecto para complementar tu televisor y crear un [&hellip;]\" \/>\n<meta property=\"og:url\" content=\"https:\/\/gesmobles.cat\/es\/producto\/salon-artisan-block408\/\" \/>\n<meta property=\"article:modified_time\" content=\"2025-03-20T09:23:19+00:00\" \/>\n<meta property=\"og:image\" content=\"https:\/\/gesmobles.cat\/wp-content\/uploads\/2025\/03\/captura-de-pantalla-2025-03-20-101126.png\" \/>\n\t<meta property=\"og:image:width\" content=\"1443\" \/>\n\t<meta property=\"og:image:height\" content=\"868\" \/>\n\t<meta property=\"og:image:type\" content=\"image\/png\" \/>\n<meta name=\"twitter:card\" content=\"summary_large_image\" \/>\n<meta name=\"twitter:label1\" content=\"Tiempo de lectura\" \/>\n\t<meta name=\"twitter:data1\" content=\"1 minuto\" \/>\n<!-- \/ Yoast SEO plugin. -->","yoast_head_json":{"title":"Sal\u00f3n artisan BLOCK408 -","robots":{"index":"index","follow":"follow","max-snippet":"max-snippet:-1","max-image-preview":"max-image-preview:large","max-video-preview":"max-video-preview:-1"},"canonical":"https:\/\/gesmobles.cat\/es\/producto\/salon-artisan-block408\/","og_locale":"es_ES","og_type":"article","og_title":"Sal\u00f3n artisan BLOCK408 -","og_description":"\u2714 Composici\u00f3n: M\u00f3dulo flotante inferior con amplio espacio de almacenamiento M\u00f3dulo superior con puertas y estanter\u00edas abiertas para decoraci\u00f3n o libros \u2714 Dise\u00f1o minimalista y funcional, perfecto para cualquier estilo de decoraci\u00f3n \u2714 Instalaci\u00f3n flotante, ideal para ganar espacio y mantener un ambiente ordenado Este mueble es perfecto para complementar tu televisor y crear un [&hellip;]","og_url":"https:\/\/gesmobles.cat\/es\/producto\/salon-artisan-block408\/","article_modified_time":"2025-03-20T09:23:19+00:00","og_image":[{"width":1443,"height":868,"url":"https:\/\/gesmobles.cat\/wp-content\/uploads\/2025\/03\/captura-de-pantalla-2025-03-20-101126.png","type":"image\/png"}],"twitter_card":"summary_large_image","twitter_misc":{"Tiempo de lectura":"1 minuto"},"schema":{"@context":"https:\/\/schema.org","@graph":[]}},"_links":{"self":[{"href":"https:\/\/gesmobles.cat\/es\/wp-json\/wp\/v2\/product\/2367","targetHints":{"allow":["GET"]}}],"collection":[{"href":"https:\/\/gesmobles.cat\/es\/wp-json\/wp\/v2\/product"}],"about":[{"href":"https:\/\/gesmobles.cat\/es\/wp-json\/wp\/v2\/types\/product"}],"replies":[{"embeddable":true,"href":"https:\/\/gesmobles.cat\/es\/wp-json\/wp\/v2\/comments?post=2367"}],"wp:featuredmedia":[{"embeddable":true,"href":"https:\/\/gesmobles.cat\/es\/wp-json\/wp\/v2\/media\/2368"}],"wp:attachment":[{"href":"https:\/\/gesmobles.cat\/es\/wp-json\/wp\/v2\/media?parent=2367"}],"wp:term":[{"taxonomy":"product_brand","embeddable":true,"href":"https:\/\/gesmobles.cat\/es\/wp-json\/wp\/v2\/product_brand?post=2367"},{"taxonomy":"product_cat","embeddable":true,"href":"https:\/\/gesmobles.cat\/es\/wp-json\/wp\/v2\/product_cat?post=2367"},{"taxonomy":"product_tag","embeddable":true,"href":"https:\/\/gesmobles.cat\/es\/wp-json\/wp\/v2\/product_tag?post=2367"}],"curies":[{"name":"wp","href":"https:\/\/api.w.org\/{rel}","templated":true}]}}