{"id":2399,"date":"2025-03-20T12:37:01","date_gmt":"2025-03-20T10:37:01","guid":{"rendered":"https:\/\/gesmobles.cat\/?post_type=product&#038;p=2399"},"modified":"2026-01-27T18:38:43","modified_gmt":"2026-01-27T16:38:43","slug":"aparador-de-madera-aparador-moderno-buffet-de-madera-mueble-para-comedor-aparador-contemporaneo-mueble-de-almacenamiento-aparador-con-cajones","status":"publish","type":"product","link":"https:\/\/gesmobles.cat\/es\/producto\/aparador-de-madera-aparador-moderno-buffet-de-madera-mueble-para-comedor-aparador-contemporaneo-mueble-de-almacenamiento-aparador-con-cajones\/","title":{"rendered":"Aparador de Madera Natural con Dise\u00f1o Moderno y Detalles Negros"},"content":{"rendered":"<p>Aparador de madera natural con un dise\u00f1o contempor\u00e1neo que combina vetas visibles y elegantes detalles en color negro. Cuenta con amplios cajones y puertas que ofrecen gran capacidad de almacenamiento, ideal para organizar vajilla, textiles u objetos decorativos. Su estilo moderno\u2013industrial lo convierte en una pieza protagonista para comedor, sala o recibidor.<\/p>\n","protected":false},"excerpt":{"rendered":"<p>Aparador de madera natural con un dise\u00f1o contempor\u00e1neo que combina vetas visibles y elegantes detalles en color negro. Cuenta con amplios cajones y puertas que ofrecen gran capacidad de almacenamiento, ideal para organizar vajilla, textiles u objetos decorativos. Su estilo moderno\u2013industrial lo convierte en una pieza protagonista para comedor, sala o recibidor.<\/p>\n","protected":false},"featured_media":2400,"comment_status":"open","ping_status":"closed","template":"","meta":[],"product_brand":[],"product_cat":[51,336],"product_tag":[],"class_list":{"0":"post-2399","1":"product","2":"type-product","3":"status-publish","4":"has-post-thumbnail","6":"product_cat-muebles-es","7":"product_cat-aparador","9":"first","10":"instock","11":"taxable","12":"shipping-taxable","13":"purchasable","14":"product-type-simple"},"acf":[],"yoast_head":"<!-- This site is optimized with the Yoast SEO plugin v27.4 - https:\/\/yoast.com\/product\/yoast-seo-wordpress\/ -->\n<title>Aparador de Madera Natural con Dise\u00f1o Moderno y Detalles Negros -<\/title>\n<meta name=\"description\" content=\"Aparador de madera natural con dise\u00f1o moderno y detalles negros. Ideal para comedor o sala, con amplio espacio de almacenamiento y estilo elegante.\" \/>\n<meta name=\"robots\" content=\"index, follow, max-snippet:-1, max-image-preview:large, max-video-preview:-1\" \/>\n<link rel=\"canonical\" href=\"https:\/\/gesmobles.cat\/es\/producto\/aparador-de-madera-aparador-moderno-buffet-de-madera-mueble-para-comedor-aparador-contemporaneo-mueble-de-almacenamiento-aparador-con-cajones\/\" \/>\n<meta property=\"og:locale\" content=\"es_ES\" \/>\n<meta property=\"og:type\" content=\"article\" \/>\n<meta property=\"og:title\" content=\"Aparador de Madera Natural con Dise\u00f1o Moderno y Detalles Negros -\" \/>\n<meta property=\"og:description\" content=\"Aparador de madera natural con dise\u00f1o moderno y detalles negros. Ideal para comedor o sala, con amplio espacio de almacenamiento y estilo elegante.\" \/>\n<meta property=\"og:url\" content=\"https:\/\/gesmobles.cat\/es\/producto\/aparador-de-madera-aparador-moderno-buffet-de-madera-mueble-para-comedor-aparador-contemporaneo-mueble-de-almacenamiento-aparador-con-cajones\/\" \/>\n<meta property=\"article:modified_time\" content=\"2026-01-27T16:38:43+00:00\" \/>\n<meta property=\"og:image\" content=\"https:\/\/gesmobles.cat\/wp-content\/uploads\/2025\/03\/captura-de-pantalla-2025-03-20-112840.png\" \/>\n\t<meta property=\"og:image:width\" content=\"497\" \/>\n\t<meta property=\"og:image:height\" content=\"457\" \/>\n\t<meta property=\"og:image:type\" content=\"image\/png\" \/>\n<meta name=\"twitter:card\" content=\"summary_large_image\" \/>\n<meta name=\"twitter:label1\" content=\"Tiempo de lectura\" \/>\n\t<meta name=\"twitter:data1\" content=\"1 minuto\" \/>\n<!-- \/ Yoast SEO plugin. -->","yoast_head_json":{"title":"Aparador de Madera Natural con Dise\u00f1o Moderno y Detalles Negros -","description":"Aparador de madera natural con dise\u00f1o moderno y detalles negros. Ideal para comedor o sala, con amplio espacio de almacenamiento y estilo elegante.","robots":{"index":"index","follow":"follow","max-snippet":"max-snippet:-1","max-image-preview":"max-image-preview:large","max-video-preview":"max-video-preview:-1"},"canonical":"https:\/\/gesmobles.cat\/es\/producto\/aparador-de-madera-aparador-moderno-buffet-de-madera-mueble-para-comedor-aparador-contemporaneo-mueble-de-almacenamiento-aparador-con-cajones\/","og_locale":"es_ES","og_type":"article","og_title":"Aparador de Madera Natural con Dise\u00f1o Moderno y Detalles Negros -","og_description":"Aparador de madera natural con dise\u00f1o moderno y detalles negros. Ideal para comedor o sala, con amplio espacio de almacenamiento y estilo elegante.","og_url":"https:\/\/gesmobles.cat\/es\/producto\/aparador-de-madera-aparador-moderno-buffet-de-madera-mueble-para-comedor-aparador-contemporaneo-mueble-de-almacenamiento-aparador-con-cajones\/","article_modified_time":"2026-01-27T16:38:43+00:00","og_image":[{"width":497,"height":457,"url":"https:\/\/gesmobles.cat\/wp-content\/uploads\/2025\/03\/captura-de-pantalla-2025-03-20-112840.png","type":"image\/png"}],"twitter_card":"summary_large_image","twitter_misc":{"Tiempo de lectura":"1 minuto"},"schema":{"@context":"https:\/\/schema.org","@graph":[]}},"_links":{"self":[{"href":"https:\/\/gesmobles.cat\/es\/wp-json\/wp\/v2\/product\/2399","targetHints":{"allow":["GET"]}}],"collection":[{"href":"https:\/\/gesmobles.cat\/es\/wp-json\/wp\/v2\/product"}],"about":[{"href":"https:\/\/gesmobles.cat\/es\/wp-json\/wp\/v2\/types\/product"}],"replies":[{"embeddable":true,"href":"https:\/\/gesmobles.cat\/es\/wp-json\/wp\/v2\/comments?post=2399"}],"wp:featuredmedia":[{"embeddable":true,"href":"https:\/\/gesmobles.cat\/es\/wp-json\/wp\/v2\/media\/2400"}],"wp:attachment":[{"href":"https:\/\/gesmobles.cat\/es\/wp-json\/wp\/v2\/media?parent=2399"}],"wp:term":[{"taxonomy":"product_brand","embeddable":true,"href":"https:\/\/gesmobles.cat\/es\/wp-json\/wp\/v2\/product_brand?post=2399"},{"taxonomy":"product_cat","embeddable":true,"href":"https:\/\/gesmobles.cat\/es\/wp-json\/wp\/v2\/product_cat?post=2399"},{"taxonomy":"product_tag","embeddable":true,"href":"https:\/\/gesmobles.cat\/es\/wp-json\/wp\/v2\/product_tag?post=2399"}],"curies":[{"name":"wp","href":"https:\/\/api.w.org\/{rel}","templated":true}]}}