{"id":2431,"date":"2025-03-22T12:12:02","date_gmt":"2025-03-22T10:12:02","guid":{"rendered":"https:\/\/gesmobles.cat\/?post_type=product&#038;p=2431"},"modified":"2025-03-22T12:13:17","modified_gmt":"2025-03-22T10:13:17","slug":"silla-de-oficina-2","status":"publish","type":"product","link":"https:\/\/gesmobles.cat\/es\/producto\/silla-de-oficina-2\/","title":{"rendered":"Silla de oficina"},"content":{"rendered":"<p>Sus caracter\u00edsticas principales incluyen:<\/p>\n<p>Tapizado en tela gris, que aporta un estilo sofisticado y combina f\u00e1cilmente con distintos ambientes.<\/p>\n<p>Respaldo alto y curvado, ofreciendo soporte ergon\u00f3mico para la espalda.<\/p>\n<p>Reposabrazos integrados, que brindan mayor comodidad al usuario.<\/p>\n<p>Base giratoria de cinco patas en color negro, con ruedas que facilitan la movilidad.<\/p>\n<p>Altura ajustable, mediante una palanca situada debajo del asiento, para adaptarse a diferentes escritorios y preferencias.<\/p>\n","protected":false},"excerpt":{"rendered":"<p>Sus caracter\u00edsticas principales incluyen: Tapizado en tela gris, que aporta un estilo sofisticado y combina f\u00e1cilmente con distintos ambientes. Respaldo alto y curvado, ofreciendo soporte ergon\u00f3mico para la espalda. Reposabrazos integrados, que brindan mayor comodidad al usuario. Base giratoria de cinco patas en color negro, con ruedas que facilitan la movilidad. Altura ajustable, mediante una [&hellip;]<\/p>\n","protected":false},"featured_media":2432,"comment_status":"open","ping_status":"closed","template":"","meta":[],"product_brand":[],"product_cat":[54,346],"product_tag":[],"class_list":{"0":"post-2431","1":"product","2":"type-product","3":"status-publish","4":"has-post-thumbnail","6":"product_cat-sillas","7":"product_cat-sillas-de-oficina","9":"first","10":"instock","11":"taxable","12":"shipping-taxable","13":"purchasable","14":"product-type-simple"},"acf":[],"yoast_head":"<!-- This site is optimized with the Yoast SEO plugin v27.4 - https:\/\/yoast.com\/product\/yoast-seo-wordpress\/ -->\n<title>Silla de oficina -<\/title>\n<meta name=\"robots\" content=\"index, follow, max-snippet:-1, max-image-preview:large, max-video-preview:-1\" \/>\n<link rel=\"canonical\" href=\"https:\/\/gesmobles.cat\/es\/producto\/silla-de-oficina-2\/\" \/>\n<meta property=\"og:locale\" content=\"es_ES\" \/>\n<meta property=\"og:type\" content=\"article\" \/>\n<meta property=\"og:title\" content=\"Silla de oficina -\" \/>\n<meta property=\"og:description\" content=\"Sus caracter\u00edsticas principales incluyen: Tapizado en tela gris, que aporta un estilo sofisticado y combina f\u00e1cilmente con distintos ambientes. Respaldo alto y curvado, ofreciendo soporte ergon\u00f3mico para la espalda. Reposabrazos integrados, que brindan mayor comodidad al usuario. Base giratoria de cinco patas en color negro, con ruedas que facilitan la movilidad. Altura ajustable, mediante una [&hellip;]\" \/>\n<meta property=\"og:url\" content=\"https:\/\/gesmobles.cat\/es\/producto\/silla-de-oficina-2\/\" \/>\n<meta property=\"article:modified_time\" content=\"2025-03-22T10:13:17+00:00\" \/>\n<meta property=\"og:image\" content=\"https:\/\/gesmobles.cat\/wp-content\/uploads\/2025\/03\/captura-de-pantalla-2025-03-22-110740.png\" \/>\n\t<meta property=\"og:image:width\" content=\"1064\" \/>\n\t<meta property=\"og:image:height\" content=\"868\" \/>\n\t<meta property=\"og:image:type\" content=\"image\/png\" \/>\n<meta name=\"twitter:card\" content=\"summary_large_image\" \/>\n<meta name=\"twitter:label1\" content=\"Tiempo de lectura\" \/>\n\t<meta name=\"twitter:data1\" content=\"1 minuto\" \/>\n<!-- \/ Yoast SEO plugin. -->","yoast_head_json":{"title":"Silla de oficina -","robots":{"index":"index","follow":"follow","max-snippet":"max-snippet:-1","max-image-preview":"max-image-preview:large","max-video-preview":"max-video-preview:-1"},"canonical":"https:\/\/gesmobles.cat\/es\/producto\/silla-de-oficina-2\/","og_locale":"es_ES","og_type":"article","og_title":"Silla de oficina -","og_description":"Sus caracter\u00edsticas principales incluyen: Tapizado en tela gris, que aporta un estilo sofisticado y combina f\u00e1cilmente con distintos ambientes. Respaldo alto y curvado, ofreciendo soporte ergon\u00f3mico para la espalda. Reposabrazos integrados, que brindan mayor comodidad al usuario. Base giratoria de cinco patas en color negro, con ruedas que facilitan la movilidad. Altura ajustable, mediante una [&hellip;]","og_url":"https:\/\/gesmobles.cat\/es\/producto\/silla-de-oficina-2\/","article_modified_time":"2025-03-22T10:13:17+00:00","og_image":[{"width":1064,"height":868,"url":"https:\/\/gesmobles.cat\/wp-content\/uploads\/2025\/03\/captura-de-pantalla-2025-03-22-110740.png","type":"image\/png"}],"twitter_card":"summary_large_image","twitter_misc":{"Tiempo de lectura":"1 minuto"},"schema":{"@context":"https:\/\/schema.org","@graph":[]}},"_links":{"self":[{"href":"https:\/\/gesmobles.cat\/es\/wp-json\/wp\/v2\/product\/2431","targetHints":{"allow":["GET"]}}],"collection":[{"href":"https:\/\/gesmobles.cat\/es\/wp-json\/wp\/v2\/product"}],"about":[{"href":"https:\/\/gesmobles.cat\/es\/wp-json\/wp\/v2\/types\/product"}],"replies":[{"embeddable":true,"href":"https:\/\/gesmobles.cat\/es\/wp-json\/wp\/v2\/comments?post=2431"}],"wp:featuredmedia":[{"embeddable":true,"href":"https:\/\/gesmobles.cat\/es\/wp-json\/wp\/v2\/media\/2432"}],"wp:attachment":[{"href":"https:\/\/gesmobles.cat\/es\/wp-json\/wp\/v2\/media?parent=2431"}],"wp:term":[{"taxonomy":"product_brand","embeddable":true,"href":"https:\/\/gesmobles.cat\/es\/wp-json\/wp\/v2\/product_brand?post=2431"},{"taxonomy":"product_cat","embeddable":true,"href":"https:\/\/gesmobles.cat\/es\/wp-json\/wp\/v2\/product_cat?post=2431"},{"taxonomy":"product_tag","embeddable":true,"href":"https:\/\/gesmobles.cat\/es\/wp-json\/wp\/v2\/product_tag?post=2431"}],"curies":[{"name":"wp","href":"https:\/\/api.w.org\/{rel}","templated":true}]}}