{"id":2435,"date":"2025-03-22T12:22:59","date_gmt":"2025-03-22T10:22:59","guid":{"rendered":"https:\/\/gesmobles.cat\/?post_type=product&#038;p=2435"},"modified":"2025-03-22T12:22:59","modified_gmt":"2025-03-22T10:22:59","slug":"silla-de-oficina-3","status":"publish","type":"product","link":"https:\/\/gesmobles.cat\/es\/producto\/silla-de-oficina-3\/","title":{"rendered":"Silla de oficina"},"content":{"rendered":"<p>Sus principales caracter\u00edsticas incluyen:<\/p>\n<p>Tapizado en tela gris clara, que le da un aspecto moderno y elegante.<\/p>\n<p>Respaldo acolchado con dise\u00f1o segmentado, proporcionando un buen soporte lumbar.<\/p>\n<p>Reposabrazos met\u00e1licos negros con recubrimiento acolchado, para mayor comodidad.<\/p>\n<p>Base giratoria de cinco patas en color negro, con ruedas que permiten un f\u00e1cil desplazamiento.<\/p>\n<p>Altura ajustable, mediante una palanca ubicada debajo del asiento, para adaptarse a diferentes necesidades.<\/p>\n","protected":false},"excerpt":{"rendered":"<p>Sus principales caracter\u00edsticas incluyen: Tapizado en tela gris clara, que le da un aspecto moderno y elegante. Respaldo acolchado con dise\u00f1o segmentado, proporcionando un buen soporte lumbar. Reposabrazos met\u00e1licos negros con recubrimiento acolchado, para mayor comodidad. Base giratoria de cinco patas en color negro, con ruedas que permiten un f\u00e1cil desplazamiento. Altura ajustable, mediante una [&hellip;]<\/p>\n","protected":false},"featured_media":2438,"comment_status":"open","ping_status":"closed","template":"","meta":[],"product_brand":[],"product_cat":[54,346],"product_tag":[],"class_list":{"0":"post-2435","1":"product","2":"type-product","3":"status-publish","4":"has-post-thumbnail","6":"product_cat-sillas","7":"product_cat-sillas-de-oficina","9":"first","10":"instock","11":"taxable","12":"shipping-taxable","13":"purchasable","14":"product-type-simple"},"acf":[],"yoast_head":"<!-- This site is optimized with the Yoast SEO plugin v27.4 - https:\/\/yoast.com\/product\/yoast-seo-wordpress\/ -->\n<title>Silla de oficina -<\/title>\n<meta name=\"robots\" content=\"index, follow, max-snippet:-1, max-image-preview:large, max-video-preview:-1\" \/>\n<link rel=\"canonical\" href=\"https:\/\/gesmobles.cat\/es\/producto\/silla-de-oficina-3\/\" \/>\n<meta property=\"og:locale\" content=\"es_ES\" \/>\n<meta property=\"og:type\" content=\"article\" \/>\n<meta property=\"og:title\" content=\"Silla de oficina -\" \/>\n<meta property=\"og:description\" content=\"Sus principales caracter\u00edsticas incluyen: Tapizado en tela gris clara, que le da un aspecto moderno y elegante. Respaldo acolchado con dise\u00f1o segmentado, proporcionando un buen soporte lumbar. Reposabrazos met\u00e1licos negros con recubrimiento acolchado, para mayor comodidad. Base giratoria de cinco patas en color negro, con ruedas que permiten un f\u00e1cil desplazamiento. Altura ajustable, mediante una [&hellip;]\" \/>\n<meta property=\"og:url\" content=\"https:\/\/gesmobles.cat\/es\/producto\/silla-de-oficina-3\/\" \/>\n<meta property=\"og:image\" content=\"https:\/\/gesmobles.cat\/wp-content\/uploads\/2025\/03\/captura-de-pantalla-2025-03-22-111810.png\" \/>\n\t<meta property=\"og:image:width\" content=\"709\" \/>\n\t<meta property=\"og:image:height\" content=\"715\" \/>\n\t<meta property=\"og:image:type\" content=\"image\/png\" \/>\n<meta name=\"twitter:card\" content=\"summary_large_image\" \/>\n<meta name=\"twitter:label1\" content=\"Tiempo de lectura\" \/>\n\t<meta name=\"twitter:data1\" content=\"1 minuto\" \/>\n<!-- \/ Yoast SEO plugin. -->","yoast_head_json":{"title":"Silla de oficina -","robots":{"index":"index","follow":"follow","max-snippet":"max-snippet:-1","max-image-preview":"max-image-preview:large","max-video-preview":"max-video-preview:-1"},"canonical":"https:\/\/gesmobles.cat\/es\/producto\/silla-de-oficina-3\/","og_locale":"es_ES","og_type":"article","og_title":"Silla de oficina -","og_description":"Sus principales caracter\u00edsticas incluyen: Tapizado en tela gris clara, que le da un aspecto moderno y elegante. Respaldo acolchado con dise\u00f1o segmentado, proporcionando un buen soporte lumbar. Reposabrazos met\u00e1licos negros con recubrimiento acolchado, para mayor comodidad. Base giratoria de cinco patas en color negro, con ruedas que permiten un f\u00e1cil desplazamiento. Altura ajustable, mediante una [&hellip;]","og_url":"https:\/\/gesmobles.cat\/es\/producto\/silla-de-oficina-3\/","og_image":[{"width":709,"height":715,"url":"https:\/\/gesmobles.cat\/wp-content\/uploads\/2025\/03\/captura-de-pantalla-2025-03-22-111810.png","type":"image\/png"}],"twitter_card":"summary_large_image","twitter_misc":{"Tiempo de lectura":"1 minuto"},"schema":{"@context":"https:\/\/schema.org","@graph":[]}},"_links":{"self":[{"href":"https:\/\/gesmobles.cat\/es\/wp-json\/wp\/v2\/product\/2435","targetHints":{"allow":["GET"]}}],"collection":[{"href":"https:\/\/gesmobles.cat\/es\/wp-json\/wp\/v2\/product"}],"about":[{"href":"https:\/\/gesmobles.cat\/es\/wp-json\/wp\/v2\/types\/product"}],"replies":[{"embeddable":true,"href":"https:\/\/gesmobles.cat\/es\/wp-json\/wp\/v2\/comments?post=2435"}],"wp:featuredmedia":[{"embeddable":true,"href":"https:\/\/gesmobles.cat\/es\/wp-json\/wp\/v2\/media\/2438"}],"wp:attachment":[{"href":"https:\/\/gesmobles.cat\/es\/wp-json\/wp\/v2\/media?parent=2435"}],"wp:term":[{"taxonomy":"product_brand","embeddable":true,"href":"https:\/\/gesmobles.cat\/es\/wp-json\/wp\/v2\/product_brand?post=2435"},{"taxonomy":"product_cat","embeddable":true,"href":"https:\/\/gesmobles.cat\/es\/wp-json\/wp\/v2\/product_cat?post=2435"},{"taxonomy":"product_tag","embeddable":true,"href":"https:\/\/gesmobles.cat\/es\/wp-json\/wp\/v2\/product_tag?post=2435"}],"curies":[{"name":"wp","href":"https:\/\/api.w.org\/{rel}","templated":true}]}}