{"id":2450,"date":"2025-03-24T18:17:08","date_gmt":"2025-03-24T16:17:08","guid":{"rendered":"https:\/\/gesmobles.cat\/?post_type=product&#038;p=2450"},"modified":"2025-03-24T18:17:39","modified_gmt":"2025-03-24T16:17:39","slug":"silla-de-oficina-5","status":"publish","type":"product","link":"https:\/\/gesmobles.cat\/es\/producto\/silla-de-oficina-5\/","title":{"rendered":"Silla de oficina"},"content":{"rendered":"<p>Respaldo de malla transpirable en color gris, que proporciona ventilaci\u00f3n y confort durante el uso prolongado.<\/p>\n<p>Soporte lumbar ajustable, con un dise\u00f1o de doble almohadilla que brinda apoyo adicional a la zona lumbar.<\/p>\n<p>Estructura y base en color negro, lo que le da un aspecto elegante y profesional.<\/p>\n<p>Asiento acolchado en tono gris, dise\u00f1ado para comodidad y apoyo prolongado.<\/p>\n<p>Reposabrazos fijos curvados, que ofrecen un dise\u00f1o est\u00e9tico y ergon\u00f3mico.<\/p>\n<p>Mecanismo de ajuste de altura, operado mediante una palanca lateral.<\/p>\n<p>Base giratoria de cinco ruedas, que proporciona estabilidad y movilidad dentro del espacio de trabajo.<\/p>\n","protected":false},"excerpt":{"rendered":"<p>Respaldo de malla transpirable en color gris, que proporciona ventilaci\u00f3n y confort durante el uso prolongado. Soporte lumbar ajustable, con un dise\u00f1o de doble almohadilla que brinda apoyo adicional a la zona lumbar. Estructura y base en color negro, lo que le da un aspecto elegante y profesional. Asiento acolchado en tono gris, dise\u00f1ado para [&hellip;]<\/p>\n","protected":false},"featured_media":2451,"comment_status":"open","ping_status":"closed","template":"","meta":[],"product_brand":[],"product_cat":[54,346],"product_tag":[],"class_list":{"0":"post-2450","1":"product","2":"type-product","3":"status-publish","4":"has-post-thumbnail","6":"product_cat-sillas","7":"product_cat-sillas-de-oficina","9":"first","10":"instock","11":"taxable","12":"shipping-taxable","13":"purchasable","14":"product-type-simple"},"acf":[],"yoast_head":"<!-- This site is optimized with the Yoast SEO plugin v27.4 - https:\/\/yoast.com\/product\/yoast-seo-wordpress\/ -->\n<title>Silla de oficina -<\/title>\n<meta name=\"robots\" content=\"index, follow, max-snippet:-1, max-image-preview:large, max-video-preview:-1\" \/>\n<link rel=\"canonical\" href=\"https:\/\/gesmobles.cat\/es\/producto\/silla-de-oficina-5\/\" \/>\n<meta property=\"og:locale\" content=\"es_ES\" \/>\n<meta property=\"og:type\" content=\"article\" \/>\n<meta property=\"og:title\" content=\"Silla de oficina -\" \/>\n<meta property=\"og:description\" content=\"Respaldo de malla transpirable en color gris, que proporciona ventilaci\u00f3n y confort durante el uso prolongado. Soporte lumbar ajustable, con un dise\u00f1o de doble almohadilla que brinda apoyo adicional a la zona lumbar. Estructura y base en color negro, lo que le da un aspecto elegante y profesional. Asiento acolchado en tono gris, dise\u00f1ado para [&hellip;]\" \/>\n<meta property=\"og:url\" content=\"https:\/\/gesmobles.cat\/es\/producto\/silla-de-oficina-5\/\" \/>\n<meta property=\"article:modified_time\" content=\"2025-03-24T16:17:39+00:00\" \/>\n<meta property=\"og:image\" content=\"https:\/\/gesmobles.cat\/wp-content\/uploads\/2025\/03\/captura-de-pantalla-2025-03-24-171347.png\" \/>\n\t<meta property=\"og:image:width\" content=\"668\" \/>\n\t<meta property=\"og:image:height\" content=\"796\" \/>\n\t<meta property=\"og:image:type\" content=\"image\/png\" \/>\n<meta name=\"twitter:card\" content=\"summary_large_image\" \/>\n<meta name=\"twitter:label1\" content=\"Tiempo de lectura\" \/>\n\t<meta name=\"twitter:data1\" content=\"1 minuto\" \/>\n<!-- \/ Yoast SEO plugin. -->","yoast_head_json":{"title":"Silla de oficina -","robots":{"index":"index","follow":"follow","max-snippet":"max-snippet:-1","max-image-preview":"max-image-preview:large","max-video-preview":"max-video-preview:-1"},"canonical":"https:\/\/gesmobles.cat\/es\/producto\/silla-de-oficina-5\/","og_locale":"es_ES","og_type":"article","og_title":"Silla de oficina -","og_description":"Respaldo de malla transpirable en color gris, que proporciona ventilaci\u00f3n y confort durante el uso prolongado. Soporte lumbar ajustable, con un dise\u00f1o de doble almohadilla que brinda apoyo adicional a la zona lumbar. Estructura y base en color negro, lo que le da un aspecto elegante y profesional. Asiento acolchado en tono gris, dise\u00f1ado para [&hellip;]","og_url":"https:\/\/gesmobles.cat\/es\/producto\/silla-de-oficina-5\/","article_modified_time":"2025-03-24T16:17:39+00:00","og_image":[{"width":668,"height":796,"url":"https:\/\/gesmobles.cat\/wp-content\/uploads\/2025\/03\/captura-de-pantalla-2025-03-24-171347.png","type":"image\/png"}],"twitter_card":"summary_large_image","twitter_misc":{"Tiempo de lectura":"1 minuto"},"schema":{"@context":"https:\/\/schema.org","@graph":[]}},"_links":{"self":[{"href":"https:\/\/gesmobles.cat\/es\/wp-json\/wp\/v2\/product\/2450","targetHints":{"allow":["GET"]}}],"collection":[{"href":"https:\/\/gesmobles.cat\/es\/wp-json\/wp\/v2\/product"}],"about":[{"href":"https:\/\/gesmobles.cat\/es\/wp-json\/wp\/v2\/types\/product"}],"replies":[{"embeddable":true,"href":"https:\/\/gesmobles.cat\/es\/wp-json\/wp\/v2\/comments?post=2450"}],"wp:featuredmedia":[{"embeddable":true,"href":"https:\/\/gesmobles.cat\/es\/wp-json\/wp\/v2\/media\/2451"}],"wp:attachment":[{"href":"https:\/\/gesmobles.cat\/es\/wp-json\/wp\/v2\/media?parent=2450"}],"wp:term":[{"taxonomy":"product_brand","embeddable":true,"href":"https:\/\/gesmobles.cat\/es\/wp-json\/wp\/v2\/product_brand?post=2450"},{"taxonomy":"product_cat","embeddable":true,"href":"https:\/\/gesmobles.cat\/es\/wp-json\/wp\/v2\/product_cat?post=2450"},{"taxonomy":"product_tag","embeddable":true,"href":"https:\/\/gesmobles.cat\/es\/wp-json\/wp\/v2\/product_tag?post=2450"}],"curies":[{"name":"wp","href":"https:\/\/api.w.org\/{rel}","templated":true}]}}