{"id":2566,"date":"2025-03-26T16:38:15","date_gmt":"2025-03-26T14:38:15","guid":{"rendered":"https:\/\/gesmobles.cat\/?post_type=product&#038;p=2566"},"modified":"2025-05-17T10:43:43","modified_gmt":"2025-05-17T08:43:43","slug":"espejo-vestidor-espejo-vertical-espejo-de-cuerpo-entero-espejo-con-marco-negro-espejo-decorativo-moderno-espejo-largo-espejo-de-pie-o-pared-espejo-dormitorio-espejo-con-marco-facetado-estilo","status":"publish","type":"product","link":"https:\/\/gesmobles.cat\/es\/producto\/espejo-vestidor-espejo-vertical-espejo-de-cuerpo-entero-espejo-con-marco-negro-espejo-decorativo-moderno-espejo-largo-espejo-de-pie-o-pared-espejo-dormitorio-espejo-con-marco-facetado-estilo\/","title":{"rendered":"Espejo negro"},"content":{"rendered":"<p>Dise\u00f1o: formato rectangular de cuerpo entero.<\/p>\n<p>Marco: acabado negro con relieve facetado de dise\u00f1o moderno.<\/p>\n<p>Estilo: elegante, contempor\u00e1neo y con un toque de lujo.<\/p>\n<p>Ubicaci\u00f3n ideal: colgado o apoyado en el suelo en zonas de paso, dormitorios o vestidores.<\/p>\n","protected":false},"excerpt":{"rendered":"<p>Dise\u00f1o: formato rectangular de cuerpo entero. Marco: acabado negro con relieve facetado de dise\u00f1o moderno. Estilo: elegante, contempor\u00e1neo y con un toque de lujo. Ubicaci\u00f3n ideal: colgado o apoyado en el suelo en zonas de paso, dormitorios o vestidores.<\/p>\n","protected":false},"featured_media":2567,"comment_status":"open","ping_status":"closed","template":"","meta":[],"product_brand":[],"product_cat":[64,353],"product_tag":[],"class_list":{"0":"post-2566","1":"product","2":"type-product","3":"status-publish","4":"has-post-thumbnail","6":"product_cat-decoracion","7":"product_cat-espejos","9":"first","10":"instock","11":"taxable","12":"shipping-taxable","13":"purchasable","14":"product-type-simple"},"acf":[],"yoast_head":"<!-- This site is optimized with the Yoast SEO plugin v27.4 - https:\/\/yoast.com\/product\/yoast-seo-wordpress\/ -->\n<title>Espejo negro -<\/title>\n<meta name=\"description\" content=\"Descubre este espejo de cuerpo entero con marco negro facetado. Un dise\u00f1o elegante y contempor\u00e1neo perfecto para vestir tu dormitorio o vestidor con estilo.\" \/>\n<meta name=\"robots\" content=\"index, follow, max-snippet:-1, max-image-preview:large, max-video-preview:-1\" \/>\n<link rel=\"canonical\" href=\"https:\/\/gesmobles.cat\/es\/producto\/espejo-vestidor-espejo-vertical-espejo-de-cuerpo-entero-espejo-con-marco-negro-espejo-decorativo-moderno-espejo-largo-espejo-de-pie-o-pared-espejo-dormitorio-espejo-con-marco-facetado-estilo\/\" \/>\n<meta property=\"og:locale\" content=\"es_ES\" \/>\n<meta property=\"og:type\" content=\"article\" \/>\n<meta property=\"og:title\" content=\"Espejo negro -\" \/>\n<meta property=\"og:description\" content=\"Descubre este espejo de cuerpo entero con marco negro facetado. Un dise\u00f1o elegante y contempor\u00e1neo perfecto para vestir tu dormitorio o vestidor con estilo.\" \/>\n<meta property=\"og:url\" content=\"https:\/\/gesmobles.cat\/es\/producto\/espejo-vestidor-espejo-vertical-espejo-de-cuerpo-entero-espejo-con-marco-negro-espejo-decorativo-moderno-espejo-largo-espejo-de-pie-o-pared-espejo-dormitorio-espejo-con-marco-facetado-estilo\/\" \/>\n<meta property=\"article:modified_time\" content=\"2025-05-17T08:43:43+00:00\" \/>\n<meta property=\"og:image\" content=\"https:\/\/gesmobles.cat\/wp-content\/uploads\/2025\/03\/captura-de-pantalla-2025-03-26-153624.png\" \/>\n\t<meta property=\"og:image:width\" content=\"803\" \/>\n\t<meta property=\"og:image:height\" content=\"871\" \/>\n\t<meta property=\"og:image:type\" content=\"image\/png\" \/>\n<meta name=\"twitter:card\" content=\"summary_large_image\" \/>\n<meta name=\"twitter:label1\" content=\"Tiempo de lectura\" \/>\n\t<meta name=\"twitter:data1\" content=\"1 minuto\" \/>\n<!-- \/ Yoast SEO plugin. -->","yoast_head_json":{"title":"Espejo negro -","description":"Descubre este espejo de cuerpo entero con marco negro facetado. Un dise\u00f1o elegante y contempor\u00e1neo perfecto para vestir tu dormitorio o vestidor con estilo.","robots":{"index":"index","follow":"follow","max-snippet":"max-snippet:-1","max-image-preview":"max-image-preview:large","max-video-preview":"max-video-preview:-1"},"canonical":"https:\/\/gesmobles.cat\/es\/producto\/espejo-vestidor-espejo-vertical-espejo-de-cuerpo-entero-espejo-con-marco-negro-espejo-decorativo-moderno-espejo-largo-espejo-de-pie-o-pared-espejo-dormitorio-espejo-con-marco-facetado-estilo\/","og_locale":"es_ES","og_type":"article","og_title":"Espejo negro -","og_description":"Descubre este espejo de cuerpo entero con marco negro facetado. Un dise\u00f1o elegante y contempor\u00e1neo perfecto para vestir tu dormitorio o vestidor con estilo.","og_url":"https:\/\/gesmobles.cat\/es\/producto\/espejo-vestidor-espejo-vertical-espejo-de-cuerpo-entero-espejo-con-marco-negro-espejo-decorativo-moderno-espejo-largo-espejo-de-pie-o-pared-espejo-dormitorio-espejo-con-marco-facetado-estilo\/","article_modified_time":"2025-05-17T08:43:43+00:00","og_image":[{"width":803,"height":871,"url":"https:\/\/gesmobles.cat\/wp-content\/uploads\/2025\/03\/captura-de-pantalla-2025-03-26-153624.png","type":"image\/png"}],"twitter_card":"summary_large_image","twitter_misc":{"Tiempo de lectura":"1 minuto"},"schema":{"@context":"https:\/\/schema.org","@graph":[]}},"_links":{"self":[{"href":"https:\/\/gesmobles.cat\/es\/wp-json\/wp\/v2\/product\/2566","targetHints":{"allow":["GET"]}}],"collection":[{"href":"https:\/\/gesmobles.cat\/es\/wp-json\/wp\/v2\/product"}],"about":[{"href":"https:\/\/gesmobles.cat\/es\/wp-json\/wp\/v2\/types\/product"}],"replies":[{"embeddable":true,"href":"https:\/\/gesmobles.cat\/es\/wp-json\/wp\/v2\/comments?post=2566"}],"wp:featuredmedia":[{"embeddable":true,"href":"https:\/\/gesmobles.cat\/es\/wp-json\/wp\/v2\/media\/2567"}],"wp:attachment":[{"href":"https:\/\/gesmobles.cat\/es\/wp-json\/wp\/v2\/media?parent=2566"}],"wp:term":[{"taxonomy":"product_brand","embeddable":true,"href":"https:\/\/gesmobles.cat\/es\/wp-json\/wp\/v2\/product_brand?post=2566"},{"taxonomy":"product_cat","embeddable":true,"href":"https:\/\/gesmobles.cat\/es\/wp-json\/wp\/v2\/product_cat?post=2566"},{"taxonomy":"product_tag","embeddable":true,"href":"https:\/\/gesmobles.cat\/es\/wp-json\/wp\/v2\/product_tag?post=2566"}],"curies":[{"name":"wp","href":"https:\/\/api.w.org\/{rel}","templated":true}]}}