{"id":2596,"date":"2025-03-26T17:02:41","date_gmt":"2025-03-26T15:02:41","guid":{"rendered":"https:\/\/gesmobles.cat\/?post_type=product&#038;p=2596"},"modified":"2025-05-14T22:27:47","modified_gmt":"2025-05-14T20:27:47","slug":"espejo-decorativo-espejo-moderno-espejo-de-diseno-espejo-geometrico-espejo-de-pared-espejo-irregular-espejo-asimetrico-espejo-de-salon-espejo-vanguardista-decoracion-contemporanea","status":"publish","type":"product","link":"https:\/\/gesmobles.cat\/es\/producto\/espejo-decorativo-espejo-moderno-espejo-de-diseno-espejo-geometrico-espejo-de-pared-espejo-irregular-espejo-asimetrico-espejo-de-salon-espejo-vanguardista-decoracion-contemporanea\/","title":{"rendered":"Espejo poligonal"},"content":{"rendered":"<p>Dise\u00f1o geom\u00e9trico e irregular que rompe con lo convencional<\/p>\n<p>Bisel negro que aporta profundidad y contraste<\/p>\n<p>Ideal para salones, recibidores, despachos o espacios creativos<\/p>\n<p>Aporta estilo sin recargar el ambiente<\/p>\n<p>Reflejo amplio y limpio que ilumina y ampl\u00eda el espacio<\/p>\n","protected":false},"excerpt":{"rendered":"<p>Dise\u00f1o geom\u00e9trico e irregular que rompe con lo convencional Bisel negro que aporta profundidad y contraste Ideal para salones, recibidores, despachos o espacios creativos Aporta estilo sin recargar el ambiente Reflejo amplio y limpio que ilumina y ampl\u00eda el espacio<\/p>\n","protected":false},"featured_media":2597,"comment_status":"open","ping_status":"closed","template":"","meta":[],"product_brand":[],"product_cat":[64,353],"product_tag":[],"class_list":{"0":"post-2596","1":"product","2":"type-product","3":"status-publish","4":"has-post-thumbnail","6":"product_cat-decoracion","7":"product_cat-espejos","9":"first","10":"instock","11":"taxable","12":"shipping-taxable","13":"purchasable","14":"product-type-simple"},"acf":[],"yoast_head":"<!-- This site is optimized with the Yoast SEO plugin v27.4 - https:\/\/yoast.com\/product\/yoast-seo-wordpress\/ -->\n<title>Espejo poligonal -<\/title>\n<meta name=\"description\" content=\"Espejo decorativo moderno de forma irregular y dise\u00f1o geom\u00e9trico. Ideal para interiores contempor\u00e1neos que buscan estilo, originalidad y personalidad.\" \/>\n<meta name=\"robots\" content=\"index, follow, max-snippet:-1, max-image-preview:large, max-video-preview:-1\" \/>\n<link rel=\"canonical\" href=\"https:\/\/gesmobles.cat\/es\/producto\/espejo-decorativo-espejo-moderno-espejo-de-diseno-espejo-geometrico-espejo-de-pared-espejo-irregular-espejo-asimetrico-espejo-de-salon-espejo-vanguardista-decoracion-contemporanea\/\" \/>\n<meta property=\"og:locale\" content=\"es_ES\" \/>\n<meta property=\"og:type\" content=\"article\" \/>\n<meta property=\"og:title\" content=\"Espejo poligonal -\" \/>\n<meta property=\"og:description\" content=\"Espejo decorativo moderno de forma irregular y dise\u00f1o geom\u00e9trico. Ideal para interiores contempor\u00e1neos que buscan estilo, originalidad y personalidad.\" \/>\n<meta property=\"og:url\" content=\"https:\/\/gesmobles.cat\/es\/producto\/espejo-decorativo-espejo-moderno-espejo-de-diseno-espejo-geometrico-espejo-de-pared-espejo-irregular-espejo-asimetrico-espejo-de-salon-espejo-vanguardista-decoracion-contemporanea\/\" \/>\n<meta property=\"article:modified_time\" content=\"2025-05-14T20:27:47+00:00\" \/>\n<meta property=\"og:image\" content=\"https:\/\/gesmobles.cat\/wp-content\/uploads\/2025\/03\/captura-de-pantalla-2025-03-26-160019.png\" \/>\n\t<meta property=\"og:image:width\" content=\"848\" \/>\n\t<meta property=\"og:image:height\" content=\"847\" \/>\n\t<meta property=\"og:image:type\" content=\"image\/png\" \/>\n<meta name=\"twitter:card\" content=\"summary_large_image\" \/>\n<meta name=\"twitter:label1\" content=\"Tiempo de lectura\" \/>\n\t<meta name=\"twitter:data1\" content=\"1 minuto\" \/>\n<!-- \/ Yoast SEO plugin. -->","yoast_head_json":{"title":"Espejo poligonal -","description":"Espejo decorativo moderno de forma irregular y dise\u00f1o geom\u00e9trico. Ideal para interiores contempor\u00e1neos que buscan estilo, originalidad y personalidad.","robots":{"index":"index","follow":"follow","max-snippet":"max-snippet:-1","max-image-preview":"max-image-preview:large","max-video-preview":"max-video-preview:-1"},"canonical":"https:\/\/gesmobles.cat\/es\/producto\/espejo-decorativo-espejo-moderno-espejo-de-diseno-espejo-geometrico-espejo-de-pared-espejo-irregular-espejo-asimetrico-espejo-de-salon-espejo-vanguardista-decoracion-contemporanea\/","og_locale":"es_ES","og_type":"article","og_title":"Espejo poligonal -","og_description":"Espejo decorativo moderno de forma irregular y dise\u00f1o geom\u00e9trico. Ideal para interiores contempor\u00e1neos que buscan estilo, originalidad y personalidad.","og_url":"https:\/\/gesmobles.cat\/es\/producto\/espejo-decorativo-espejo-moderno-espejo-de-diseno-espejo-geometrico-espejo-de-pared-espejo-irregular-espejo-asimetrico-espejo-de-salon-espejo-vanguardista-decoracion-contemporanea\/","article_modified_time":"2025-05-14T20:27:47+00:00","og_image":[{"width":848,"height":847,"url":"https:\/\/gesmobles.cat\/wp-content\/uploads\/2025\/03\/captura-de-pantalla-2025-03-26-160019.png","type":"image\/png"}],"twitter_card":"summary_large_image","twitter_misc":{"Tiempo de lectura":"1 minuto"},"schema":{"@context":"https:\/\/schema.org","@graph":[]}},"_links":{"self":[{"href":"https:\/\/gesmobles.cat\/es\/wp-json\/wp\/v2\/product\/2596","targetHints":{"allow":["GET"]}}],"collection":[{"href":"https:\/\/gesmobles.cat\/es\/wp-json\/wp\/v2\/product"}],"about":[{"href":"https:\/\/gesmobles.cat\/es\/wp-json\/wp\/v2\/types\/product"}],"replies":[{"embeddable":true,"href":"https:\/\/gesmobles.cat\/es\/wp-json\/wp\/v2\/comments?post=2596"}],"wp:featuredmedia":[{"embeddable":true,"href":"https:\/\/gesmobles.cat\/es\/wp-json\/wp\/v2\/media\/2597"}],"wp:attachment":[{"href":"https:\/\/gesmobles.cat\/es\/wp-json\/wp\/v2\/media?parent=2596"}],"wp:term":[{"taxonomy":"product_brand","embeddable":true,"href":"https:\/\/gesmobles.cat\/es\/wp-json\/wp\/v2\/product_brand?post=2596"},{"taxonomy":"product_cat","embeddable":true,"href":"https:\/\/gesmobles.cat\/es\/wp-json\/wp\/v2\/product_cat?post=2596"},{"taxonomy":"product_tag","embeddable":true,"href":"https:\/\/gesmobles.cat\/es\/wp-json\/wp\/v2\/product_tag?post=2596"}],"curies":[{"name":"wp","href":"https:\/\/api.w.org\/{rel}","templated":true}]}}