{"id":2635,"date":"2025-03-27T17:40:29","date_gmt":"2025-03-27T15:40:29","guid":{"rendered":"https:\/\/gesmobles.cat\/?post_type=product&#038;p=2635"},"modified":"2025-04-27T18:51:51","modified_gmt":"2025-04-27T16:51:51","slug":"cuadro-texturizado","status":"publish","type":"product","link":"https:\/\/gesmobles.cat\/es\/producto\/cuadro-texturizado\/","title":{"rendered":"Cuadro texturizado"},"content":{"rendered":"<p>Dimensiones: 60&#215;90 cm <\/p>\n<p>Materiales: Impresi\u00f3n de alta calidad sobre lienzo con marco de madera<\/p>\n<p>Estilo: Minimalista, N\u00f3rdico, Contempor\u00e1neo<\/p>\n","protected":false},"excerpt":{"rendered":"<p>Dimensiones: 60&#215;90 cm Materiales: Impresi\u00f3n de alta calidad sobre lienzo con marco de madera Estilo: Minimalista, N\u00f3rdico, Contempor\u00e1neo<\/p>\n","protected":false},"featured_media":2636,"comment_status":"open","ping_status":"closed","template":"","meta":[],"product_brand":[],"product_cat":[64,355],"product_tag":[],"class_list":{"0":"post-2635","1":"product","2":"type-product","3":"status-publish","4":"has-post-thumbnail","6":"product_cat-decoracion","7":"product_cat-cuadros","9":"first","10":"instock","11":"taxable","12":"shipping-taxable","13":"purchasable","14":"product-type-simple"},"acf":[],"yoast_head":"<!-- This site is optimized with the Yoast SEO plugin v27.4 - https:\/\/yoast.com\/product\/yoast-seo-wordpress\/ -->\n<title>Cuadro texturizado -<\/title>\n<meta name=\"robots\" content=\"index, follow, max-snippet:-1, max-image-preview:large, max-video-preview:-1\" \/>\n<link rel=\"canonical\" href=\"https:\/\/gesmobles.cat\/es\/producto\/cuadro-texturizado\/\" \/>\n<meta property=\"og:locale\" content=\"es_ES\" \/>\n<meta property=\"og:type\" content=\"article\" \/>\n<meta property=\"og:title\" content=\"Cuadro texturizado -\" \/>\n<meta property=\"og:description\" content=\"Dimensiones: 60&#215;90 cm Materiales: Impresi\u00f3n de alta calidad sobre lienzo con marco de madera Estilo: Minimalista, N\u00f3rdico, Contempor\u00e1neo\" \/>\n<meta property=\"og:url\" content=\"https:\/\/gesmobles.cat\/es\/producto\/cuadro-texturizado\/\" \/>\n<meta property=\"article:modified_time\" content=\"2025-04-27T16:51:51+00:00\" \/>\n<meta property=\"og:image\" content=\"https:\/\/gesmobles.cat\/wp-content\/uploads\/2025\/03\/captura-de-pantalla-2025-03-27-163647.png\" \/>\n\t<meta property=\"og:image:width\" content=\"838\" \/>\n\t<meta property=\"og:image:height\" content=\"845\" \/>\n\t<meta property=\"og:image:type\" content=\"image\/png\" \/>\n<meta name=\"twitter:card\" content=\"summary_large_image\" \/>\n<meta name=\"twitter:label1\" content=\"Tiempo de lectura\" \/>\n\t<meta name=\"twitter:data1\" content=\"1 minuto\" \/>\n<!-- \/ Yoast SEO plugin. -->","yoast_head_json":{"title":"Cuadro texturizado -","robots":{"index":"index","follow":"follow","max-snippet":"max-snippet:-1","max-image-preview":"max-image-preview:large","max-video-preview":"max-video-preview:-1"},"canonical":"https:\/\/gesmobles.cat\/es\/producto\/cuadro-texturizado\/","og_locale":"es_ES","og_type":"article","og_title":"Cuadro texturizado -","og_description":"Dimensiones: 60&#215;90 cm Materiales: Impresi\u00f3n de alta calidad sobre lienzo con marco de madera Estilo: Minimalista, N\u00f3rdico, Contempor\u00e1neo","og_url":"https:\/\/gesmobles.cat\/es\/producto\/cuadro-texturizado\/","article_modified_time":"2025-04-27T16:51:51+00:00","og_image":[{"width":838,"height":845,"url":"https:\/\/gesmobles.cat\/wp-content\/uploads\/2025\/03\/captura-de-pantalla-2025-03-27-163647.png","type":"image\/png"}],"twitter_card":"summary_large_image","twitter_misc":{"Tiempo de lectura":"1 minuto"},"schema":{"@context":"https:\/\/schema.org","@graph":[]}},"_links":{"self":[{"href":"https:\/\/gesmobles.cat\/es\/wp-json\/wp\/v2\/product\/2635","targetHints":{"allow":["GET"]}}],"collection":[{"href":"https:\/\/gesmobles.cat\/es\/wp-json\/wp\/v2\/product"}],"about":[{"href":"https:\/\/gesmobles.cat\/es\/wp-json\/wp\/v2\/types\/product"}],"replies":[{"embeddable":true,"href":"https:\/\/gesmobles.cat\/es\/wp-json\/wp\/v2\/comments?post=2635"}],"wp:featuredmedia":[{"embeddable":true,"href":"https:\/\/gesmobles.cat\/es\/wp-json\/wp\/v2\/media\/2636"}],"wp:attachment":[{"href":"https:\/\/gesmobles.cat\/es\/wp-json\/wp\/v2\/media?parent=2635"}],"wp:term":[{"taxonomy":"product_brand","embeddable":true,"href":"https:\/\/gesmobles.cat\/es\/wp-json\/wp\/v2\/product_brand?post=2635"},{"taxonomy":"product_cat","embeddable":true,"href":"https:\/\/gesmobles.cat\/es\/wp-json\/wp\/v2\/product_cat?post=2635"},{"taxonomy":"product_tag","embeddable":true,"href":"https:\/\/gesmobles.cat\/es\/wp-json\/wp\/v2\/product_tag?post=2635"}],"curies":[{"name":"wp","href":"https:\/\/api.w.org\/{rel}","templated":true}]}}