{"id":2684,"date":"2025-03-29T16:28:18","date_gmt":"2025-03-29T14:28:18","guid":{"rendered":"https:\/\/gesmobles.cat\/?post_type=product&#038;p=2684"},"modified":"2025-04-22T18:40:08","modified_gmt":"2025-04-22T16:40:08","slug":"cuadro-pintado-a-mano","status":"publish","type":"product","link":"https:\/\/gesmobles.cat\/es\/producto\/cuadro-pintado-a-mano\/","title":{"rendered":"Cuadro pintado a mano"},"content":{"rendered":"<p>Cuadro en blanco, negro y dorado con acabado art\u00edstico.<\/p>\n<p>Dise\u00f1o \u00e9tnico contempor\u00e1neo con turbante y detalles en pan de oro.<\/p>\n<p>Impresi\u00f3n sobre lienzo con efecto texturizado.<\/p>\n<p>Aporta elegancia, presencia y originalidad.<\/p>\n<p>Perfecto para decoraciones modernas, boho chic o glam.<\/p>\n","protected":false},"excerpt":{"rendered":"<p>Cuadro en blanco, negro y dorado con acabado art\u00edstico. Dise\u00f1o \u00e9tnico contempor\u00e1neo con turbante y detalles en pan de oro. Impresi\u00f3n sobre lienzo con efecto texturizado. Aporta elegancia, presencia y originalidad. Perfecto para decoraciones modernas, boho chic o glam.<\/p>\n","protected":false},"featured_media":2685,"comment_status":"open","ping_status":"closed","template":"","meta":[],"product_brand":[],"product_cat":[64,355],"product_tag":[],"class_list":{"0":"post-2684","1":"product","2":"type-product","3":"status-publish","4":"has-post-thumbnail","6":"product_cat-decoracion","7":"product_cat-cuadros","9":"first","10":"instock","11":"taxable","12":"shipping-taxable","13":"purchasable","14":"product-type-simple"},"acf":[],"yoast_head":"<!-- This site is optimized with the Yoast SEO plugin v27.4 - https:\/\/yoast.com\/product\/yoast-seo-wordpress\/ -->\n<title>Cuadro pintado a mano -<\/title>\n<meta name=\"robots\" content=\"index, follow, max-snippet:-1, max-image-preview:large, max-video-preview:-1\" \/>\n<link rel=\"canonical\" href=\"https:\/\/gesmobles.cat\/es\/producto\/cuadro-pintado-a-mano\/\" \/>\n<meta property=\"og:locale\" content=\"es_ES\" \/>\n<meta property=\"og:type\" content=\"article\" \/>\n<meta property=\"og:title\" content=\"Cuadro pintado a mano -\" \/>\n<meta property=\"og:description\" content=\"Cuadro en blanco, negro y dorado con acabado art\u00edstico. Dise\u00f1o \u00e9tnico contempor\u00e1neo con turbante y detalles en pan de oro. Impresi\u00f3n sobre lienzo con efecto texturizado. Aporta elegancia, presencia y originalidad. Perfecto para decoraciones modernas, boho chic o glam.\" \/>\n<meta property=\"og:url\" content=\"https:\/\/gesmobles.cat\/es\/producto\/cuadro-pintado-a-mano\/\" \/>\n<meta property=\"article:modified_time\" content=\"2025-04-22T16:40:08+00:00\" \/>\n<meta property=\"og:image\" content=\"https:\/\/gesmobles.cat\/wp-content\/uploads\/2025\/03\/captura-de-pantalla-2025-03-29-152559.png\" \/>\n\t<meta property=\"og:image:width\" content=\"828\" \/>\n\t<meta property=\"og:image:height\" content=\"840\" \/>\n\t<meta property=\"og:image:type\" content=\"image\/png\" \/>\n<meta name=\"twitter:card\" content=\"summary_large_image\" \/>\n<meta name=\"twitter:label1\" content=\"Tiempo de lectura\" \/>\n\t<meta name=\"twitter:data1\" content=\"1 minuto\" \/>\n<!-- \/ Yoast SEO plugin. -->","yoast_head_json":{"title":"Cuadro pintado a mano -","robots":{"index":"index","follow":"follow","max-snippet":"max-snippet:-1","max-image-preview":"max-image-preview:large","max-video-preview":"max-video-preview:-1"},"canonical":"https:\/\/gesmobles.cat\/es\/producto\/cuadro-pintado-a-mano\/","og_locale":"es_ES","og_type":"article","og_title":"Cuadro pintado a mano -","og_description":"Cuadro en blanco, negro y dorado con acabado art\u00edstico. Dise\u00f1o \u00e9tnico contempor\u00e1neo con turbante y detalles en pan de oro. Impresi\u00f3n sobre lienzo con efecto texturizado. Aporta elegancia, presencia y originalidad. Perfecto para decoraciones modernas, boho chic o glam.","og_url":"https:\/\/gesmobles.cat\/es\/producto\/cuadro-pintado-a-mano\/","article_modified_time":"2025-04-22T16:40:08+00:00","og_image":[{"width":828,"height":840,"url":"https:\/\/gesmobles.cat\/wp-content\/uploads\/2025\/03\/captura-de-pantalla-2025-03-29-152559.png","type":"image\/png"}],"twitter_card":"summary_large_image","twitter_misc":{"Tiempo de lectura":"1 minuto"},"schema":{"@context":"https:\/\/schema.org","@graph":[]}},"_links":{"self":[{"href":"https:\/\/gesmobles.cat\/es\/wp-json\/wp\/v2\/product\/2684","targetHints":{"allow":["GET"]}}],"collection":[{"href":"https:\/\/gesmobles.cat\/es\/wp-json\/wp\/v2\/product"}],"about":[{"href":"https:\/\/gesmobles.cat\/es\/wp-json\/wp\/v2\/types\/product"}],"replies":[{"embeddable":true,"href":"https:\/\/gesmobles.cat\/es\/wp-json\/wp\/v2\/comments?post=2684"}],"wp:featuredmedia":[{"embeddable":true,"href":"https:\/\/gesmobles.cat\/es\/wp-json\/wp\/v2\/media\/2685"}],"wp:attachment":[{"href":"https:\/\/gesmobles.cat\/es\/wp-json\/wp\/v2\/media?parent=2684"}],"wp:term":[{"taxonomy":"product_brand","embeddable":true,"href":"https:\/\/gesmobles.cat\/es\/wp-json\/wp\/v2\/product_brand?post=2684"},{"taxonomy":"product_cat","embeddable":true,"href":"https:\/\/gesmobles.cat\/es\/wp-json\/wp\/v2\/product_cat?post=2684"},{"taxonomy":"product_tag","embeddable":true,"href":"https:\/\/gesmobles.cat\/es\/wp-json\/wp\/v2\/product_tag?post=2684"}],"curies":[{"name":"wp","href":"https:\/\/api.w.org\/{rel}","templated":true}]}}