{"id":2697,"date":"2025-03-29T16:41:36","date_gmt":"2025-03-29T14:41:36","guid":{"rendered":"https:\/\/gesmobles.cat\/?post_type=product&#038;p=2697"},"modified":"2025-04-22T18:28:05","modified_gmt":"2025-04-22T16:28:05","slug":"set-de-2-cuadros-2","status":"publish","type":"product","link":"https:\/\/gesmobles.cat\/es\/producto\/set-de-2-cuadros-2\/","title":{"rendered":"Set de 2 cuadros"},"content":{"rendered":"<p>Set de 2 cuadros decorativos estilo \u00e9tnico.<\/p>\n<p>Dise\u00f1o en blanco, negro y dorado con detalles art\u00edsticos.<\/p>\n<p>Impresi\u00f3n sobre lienzo de alta calidad.<\/p>\n<p>Ideal para estilos de decoraci\u00f3n boho chic, glam, ex\u00f3tico o moderno.<\/p>\n<p>Aportan elegancia y personalidad al espacio.<\/p>\n","protected":false},"excerpt":{"rendered":"<p>Set de 2 cuadros decorativos estilo \u00e9tnico. Dise\u00f1o en blanco, negro y dorado con detalles art\u00edsticos. Impresi\u00f3n sobre lienzo de alta calidad. Ideal para estilos de decoraci\u00f3n boho chic, glam, ex\u00f3tico o moderno. Aportan elegancia y personalidad al espacio.<\/p>\n","protected":false},"featured_media":2698,"comment_status":"open","ping_status":"closed","template":"","meta":[],"product_brand":[],"product_cat":[64,355],"product_tag":[],"class_list":{"0":"post-2697","1":"product","2":"type-product","3":"status-publish","4":"has-post-thumbnail","6":"product_cat-decoracion","7":"product_cat-cuadros","9":"first","10":"instock","11":"taxable","12":"shipping-taxable","13":"purchasable","14":"product-type-simple"},"acf":[],"yoast_head":"<!-- This site is optimized with the Yoast SEO plugin v27.4 - https:\/\/yoast.com\/product\/yoast-seo-wordpress\/ -->\n<title>Set de 2 cuadros -<\/title>\n<meta name=\"robots\" content=\"index, follow, max-snippet:-1, max-image-preview:large, max-video-preview:-1\" \/>\n<link rel=\"canonical\" href=\"https:\/\/gesmobles.cat\/es\/producto\/set-de-2-cuadros-2\/\" \/>\n<meta property=\"og:locale\" content=\"es_ES\" \/>\n<meta property=\"og:type\" content=\"article\" \/>\n<meta property=\"og:title\" content=\"Set de 2 cuadros -\" \/>\n<meta property=\"og:description\" content=\"Set de 2 cuadros decorativos estilo \u00e9tnico. Dise\u00f1o en blanco, negro y dorado con detalles art\u00edsticos. Impresi\u00f3n sobre lienzo de alta calidad. Ideal para estilos de decoraci\u00f3n boho chic, glam, ex\u00f3tico o moderno. Aportan elegancia y personalidad al espacio.\" \/>\n<meta property=\"og:url\" content=\"https:\/\/gesmobles.cat\/es\/producto\/set-de-2-cuadros-2\/\" \/>\n<meta property=\"article:modified_time\" content=\"2025-04-22T16:28:05+00:00\" \/>\n<meta property=\"og:image\" content=\"https:\/\/gesmobles.cat\/wp-content\/uploads\/2025\/03\/captura-de-pantalla-2025-03-29-153844.png\" \/>\n\t<meta property=\"og:image:width\" content=\"842\" \/>\n\t<meta property=\"og:image:height\" content=\"865\" \/>\n\t<meta property=\"og:image:type\" content=\"image\/png\" \/>\n<meta name=\"twitter:card\" content=\"summary_large_image\" \/>\n<meta name=\"twitter:label1\" content=\"Tiempo de lectura\" \/>\n\t<meta name=\"twitter:data1\" content=\"1 minuto\" \/>\n<!-- \/ Yoast SEO plugin. -->","yoast_head_json":{"title":"Set de 2 cuadros -","robots":{"index":"index","follow":"follow","max-snippet":"max-snippet:-1","max-image-preview":"max-image-preview:large","max-video-preview":"max-video-preview:-1"},"canonical":"https:\/\/gesmobles.cat\/es\/producto\/set-de-2-cuadros-2\/","og_locale":"es_ES","og_type":"article","og_title":"Set de 2 cuadros -","og_description":"Set de 2 cuadros decorativos estilo \u00e9tnico. Dise\u00f1o en blanco, negro y dorado con detalles art\u00edsticos. Impresi\u00f3n sobre lienzo de alta calidad. Ideal para estilos de decoraci\u00f3n boho chic, glam, ex\u00f3tico o moderno. Aportan elegancia y personalidad al espacio.","og_url":"https:\/\/gesmobles.cat\/es\/producto\/set-de-2-cuadros-2\/","article_modified_time":"2025-04-22T16:28:05+00:00","og_image":[{"width":842,"height":865,"url":"https:\/\/gesmobles.cat\/wp-content\/uploads\/2025\/03\/captura-de-pantalla-2025-03-29-153844.png","type":"image\/png"}],"twitter_card":"summary_large_image","twitter_misc":{"Tiempo de lectura":"1 minuto"},"schema":{"@context":"https:\/\/schema.org","@graph":[]}},"_links":{"self":[{"href":"https:\/\/gesmobles.cat\/es\/wp-json\/wp\/v2\/product\/2697","targetHints":{"allow":["GET"]}}],"collection":[{"href":"https:\/\/gesmobles.cat\/es\/wp-json\/wp\/v2\/product"}],"about":[{"href":"https:\/\/gesmobles.cat\/es\/wp-json\/wp\/v2\/types\/product"}],"replies":[{"embeddable":true,"href":"https:\/\/gesmobles.cat\/es\/wp-json\/wp\/v2\/comments?post=2697"}],"wp:featuredmedia":[{"embeddable":true,"href":"https:\/\/gesmobles.cat\/es\/wp-json\/wp\/v2\/media\/2698"}],"wp:attachment":[{"href":"https:\/\/gesmobles.cat\/es\/wp-json\/wp\/v2\/media?parent=2697"}],"wp:term":[{"taxonomy":"product_brand","embeddable":true,"href":"https:\/\/gesmobles.cat\/es\/wp-json\/wp\/v2\/product_brand?post=2697"},{"taxonomy":"product_cat","embeddable":true,"href":"https:\/\/gesmobles.cat\/es\/wp-json\/wp\/v2\/product_cat?post=2697"},{"taxonomy":"product_tag","embeddable":true,"href":"https:\/\/gesmobles.cat\/es\/wp-json\/wp\/v2\/product_tag?post=2697"}],"curies":[{"name":"wp","href":"https:\/\/api.w.org\/{rel}","templated":true}]}}