{"id":2701,"date":"2025-03-29T16:47:21","date_gmt":"2025-03-29T14:47:21","guid":{"rendered":"https:\/\/gesmobles.cat\/?post_type=product&#038;p=2701"},"modified":"2025-04-22T18:23:22","modified_gmt":"2025-04-22T16:23:22","slug":"set-de-2-cuadros-3","status":"publish","type":"product","link":"https:\/\/gesmobles.cat\/es\/producto\/set-de-2-cuadros-3\/","title":{"rendered":"Set de 2 cuadros"},"content":{"rendered":"<p>Set de 2 cuadros con impresi\u00f3n art\u00edstica de alta calidad.<\/p>\n<p>Dise\u00f1o moderno y sofisticado con tem\u00e1tica floral.<\/p>\n<p>Tonalidades intensas que aportan profundidad y elegancia.<\/p>\n<p>Ideales para decoraci\u00f3n de interiores de estilo contempor\u00e1neo, glam o bohemio chic.<\/p>\n","protected":false},"excerpt":{"rendered":"<p>Set de 2 cuadros con impresi\u00f3n art\u00edstica de alta calidad. Dise\u00f1o moderno y sofisticado con tem\u00e1tica floral. Tonalidades intensas que aportan profundidad y elegancia. Ideales para decoraci\u00f3n de interiores de estilo contempor\u00e1neo, glam o bohemio chic.<\/p>\n","protected":false},"featured_media":2702,"comment_status":"open","ping_status":"closed","template":"","meta":[],"product_brand":[],"product_cat":[64,355],"product_tag":[],"class_list":{"0":"post-2701","1":"product","2":"type-product","3":"status-publish","4":"has-post-thumbnail","6":"product_cat-decoracion","7":"product_cat-cuadros","9":"first","10":"instock","11":"taxable","12":"shipping-taxable","13":"purchasable","14":"product-type-simple"},"acf":[],"yoast_head":"<!-- This site is optimized with the Yoast SEO plugin v27.4 - https:\/\/yoast.com\/product\/yoast-seo-wordpress\/ -->\n<title>Set de 2 cuadros -<\/title>\n<meta name=\"robots\" content=\"index, follow, max-snippet:-1, max-image-preview:large, max-video-preview:-1\" \/>\n<link rel=\"canonical\" href=\"https:\/\/gesmobles.cat\/es\/producto\/set-de-2-cuadros-3\/\" \/>\n<meta property=\"og:locale\" content=\"es_ES\" \/>\n<meta property=\"og:type\" content=\"article\" \/>\n<meta property=\"og:title\" content=\"Set de 2 cuadros -\" \/>\n<meta property=\"og:description\" content=\"Set de 2 cuadros con impresi\u00f3n art\u00edstica de alta calidad. Dise\u00f1o moderno y sofisticado con tem\u00e1tica floral. Tonalidades intensas que aportan profundidad y elegancia. Ideales para decoraci\u00f3n de interiores de estilo contempor\u00e1neo, glam o bohemio chic.\" \/>\n<meta property=\"og:url\" content=\"https:\/\/gesmobles.cat\/es\/producto\/set-de-2-cuadros-3\/\" \/>\n<meta property=\"article:modified_time\" content=\"2025-04-22T16:23:22+00:00\" \/>\n<meta property=\"og:image\" content=\"https:\/\/gesmobles.cat\/wp-content\/uploads\/2025\/03\/captura-de-pantalla-2025-03-29-154502.png\" \/>\n\t<meta property=\"og:image:width\" content=\"793\" \/>\n\t<meta property=\"og:image:height\" content=\"859\" \/>\n\t<meta property=\"og:image:type\" content=\"image\/png\" \/>\n<meta name=\"twitter:card\" content=\"summary_large_image\" \/>\n<meta name=\"twitter:label1\" content=\"Tiempo de lectura\" \/>\n\t<meta name=\"twitter:data1\" content=\"1 minuto\" \/>\n<!-- \/ Yoast SEO plugin. -->","yoast_head_json":{"title":"Set de 2 cuadros -","robots":{"index":"index","follow":"follow","max-snippet":"max-snippet:-1","max-image-preview":"max-image-preview:large","max-video-preview":"max-video-preview:-1"},"canonical":"https:\/\/gesmobles.cat\/es\/producto\/set-de-2-cuadros-3\/","og_locale":"es_ES","og_type":"article","og_title":"Set de 2 cuadros -","og_description":"Set de 2 cuadros con impresi\u00f3n art\u00edstica de alta calidad. Dise\u00f1o moderno y sofisticado con tem\u00e1tica floral. Tonalidades intensas que aportan profundidad y elegancia. Ideales para decoraci\u00f3n de interiores de estilo contempor\u00e1neo, glam o bohemio chic.","og_url":"https:\/\/gesmobles.cat\/es\/producto\/set-de-2-cuadros-3\/","article_modified_time":"2025-04-22T16:23:22+00:00","og_image":[{"width":793,"height":859,"url":"https:\/\/gesmobles.cat\/wp-content\/uploads\/2025\/03\/captura-de-pantalla-2025-03-29-154502.png","type":"image\/png"}],"twitter_card":"summary_large_image","twitter_misc":{"Tiempo de lectura":"1 minuto"},"schema":{"@context":"https:\/\/schema.org","@graph":[]}},"_links":{"self":[{"href":"https:\/\/gesmobles.cat\/es\/wp-json\/wp\/v2\/product\/2701","targetHints":{"allow":["GET"]}}],"collection":[{"href":"https:\/\/gesmobles.cat\/es\/wp-json\/wp\/v2\/product"}],"about":[{"href":"https:\/\/gesmobles.cat\/es\/wp-json\/wp\/v2\/types\/product"}],"replies":[{"embeddable":true,"href":"https:\/\/gesmobles.cat\/es\/wp-json\/wp\/v2\/comments?post=2701"}],"wp:featuredmedia":[{"embeddable":true,"href":"https:\/\/gesmobles.cat\/es\/wp-json\/wp\/v2\/media\/2702"}],"wp:attachment":[{"href":"https:\/\/gesmobles.cat\/es\/wp-json\/wp\/v2\/media?parent=2701"}],"wp:term":[{"taxonomy":"product_brand","embeddable":true,"href":"https:\/\/gesmobles.cat\/es\/wp-json\/wp\/v2\/product_brand?post=2701"},{"taxonomy":"product_cat","embeddable":true,"href":"https:\/\/gesmobles.cat\/es\/wp-json\/wp\/v2\/product_cat?post=2701"},{"taxonomy":"product_tag","embeddable":true,"href":"https:\/\/gesmobles.cat\/es\/wp-json\/wp\/v2\/product_tag?post=2701"}],"curies":[{"name":"wp","href":"https:\/\/api.w.org\/{rel}","templated":true}]}}