{"id":2792,"date":"2025-04-01T09:58:35","date_gmt":"2025-04-01T07:58:35","guid":{"rendered":"https:\/\/gesmobles.cat\/?post_type=product&#038;p=2792"},"modified":"2025-07-25T18:05:26","modified_gmt":"2025-07-25T16:05:26","slug":"punto-algodon","status":"publish","type":"product","link":"https:\/\/gesmobles.cat\/es\/producto\/punto-algodon\/","title":{"rendered":"Funda de almohada &#8211; Punto Algod\u00f3n"},"content":{"rendered":"<p>-Tejido de punto 100% algod\u00f3n<br \/>\n-Impermeable y transpirable<br \/>\n-Cierre con cremallera<br \/>\n-L\u00e1mina impermeable reciclada<\/p>\n","protected":false},"excerpt":{"rendered":"<p>-Tejido de punto 100% algod\u00f3n -Impermeable y transpirable -Cierre con cremallera -L\u00e1mina impermeable reciclada<\/p>\n","protected":false},"featured_media":2793,"comment_status":"open","ping_status":"closed","template":"","meta":[],"product_brand":[],"product_cat":[65,114],"product_tag":[],"class_list":{"0":"post-2792","1":"product","2":"type-product","3":"status-publish","4":"has-post-thumbnail","6":"product_cat-textiles-hogar","7":"product_cat-fundas-almohada","9":"first","10":"instock","11":"taxable","12":"shipping-taxable","13":"purchasable","14":"product-type-variable"},"acf":[],"yoast_head":"<!-- This site is optimized with the Yoast SEO plugin v27.4 - https:\/\/yoast.com\/product\/yoast-seo-wordpress\/ -->\n<title>Funda de almohada - Punto Algod\u00f3n -<\/title>\n<meta name=\"robots\" content=\"index, follow, max-snippet:-1, max-image-preview:large, max-video-preview:-1\" \/>\n<link rel=\"canonical\" href=\"https:\/\/gesmobles.cat\/es\/producto\/punto-algodon\/\" \/>\n<meta property=\"og:locale\" content=\"es_ES\" \/>\n<meta property=\"og:type\" content=\"article\" \/>\n<meta property=\"og:title\" content=\"Funda de almohada - Punto Algod\u00f3n -\" \/>\n<meta property=\"og:description\" content=\"-Tejido de punto 100% algod\u00f3n -Impermeable y transpirable -Cierre con cremallera -L\u00e1mina impermeable reciclada\" \/>\n<meta property=\"og:url\" content=\"https:\/\/gesmobles.cat\/es\/producto\/punto-algodon\/\" \/>\n<meta property=\"article:modified_time\" content=\"2025-07-25T16:05:26+00:00\" \/>\n<meta property=\"og:image\" content=\"https:\/\/gesmobles.cat\/wp-content\/uploads\/2025\/04\/puntoalgodon1.jpg\" \/>\n\t<meta property=\"og:image:width\" content=\"1000\" \/>\n\t<meta property=\"og:image:height\" content=\"685\" \/>\n\t<meta property=\"og:image:type\" content=\"image\/jpeg\" \/>\n<meta name=\"twitter:card\" content=\"summary_large_image\" \/>\n<meta name=\"twitter:label1\" content=\"Tiempo de lectura\" \/>\n\t<meta name=\"twitter:data1\" content=\"1 minuto\" \/>\n<!-- \/ Yoast SEO plugin. -->","yoast_head_json":{"title":"Funda de almohada - Punto Algod\u00f3n -","robots":{"index":"index","follow":"follow","max-snippet":"max-snippet:-1","max-image-preview":"max-image-preview:large","max-video-preview":"max-video-preview:-1"},"canonical":"https:\/\/gesmobles.cat\/es\/producto\/punto-algodon\/","og_locale":"es_ES","og_type":"article","og_title":"Funda de almohada - Punto Algod\u00f3n -","og_description":"-Tejido de punto 100% algod\u00f3n -Impermeable y transpirable -Cierre con cremallera -L\u00e1mina impermeable reciclada","og_url":"https:\/\/gesmobles.cat\/es\/producto\/punto-algodon\/","article_modified_time":"2025-07-25T16:05:26+00:00","og_image":[{"width":1000,"height":685,"url":"https:\/\/gesmobles.cat\/wp-content\/uploads\/2025\/04\/puntoalgodon1.jpg","type":"image\/jpeg"}],"twitter_card":"summary_large_image","twitter_misc":{"Tiempo de lectura":"1 minuto"},"schema":{"@context":"https:\/\/schema.org","@graph":[]}},"_links":{"self":[{"href":"https:\/\/gesmobles.cat\/es\/wp-json\/wp\/v2\/product\/2792","targetHints":{"allow":["GET"]}}],"collection":[{"href":"https:\/\/gesmobles.cat\/es\/wp-json\/wp\/v2\/product"}],"about":[{"href":"https:\/\/gesmobles.cat\/es\/wp-json\/wp\/v2\/types\/product"}],"replies":[{"embeddable":true,"href":"https:\/\/gesmobles.cat\/es\/wp-json\/wp\/v2\/comments?post=2792"}],"wp:featuredmedia":[{"embeddable":true,"href":"https:\/\/gesmobles.cat\/es\/wp-json\/wp\/v2\/media\/2793"}],"wp:attachment":[{"href":"https:\/\/gesmobles.cat\/es\/wp-json\/wp\/v2\/media?parent=2792"}],"wp:term":[{"taxonomy":"product_brand","embeddable":true,"href":"https:\/\/gesmobles.cat\/es\/wp-json\/wp\/v2\/product_brand?post=2792"},{"taxonomy":"product_cat","embeddable":true,"href":"https:\/\/gesmobles.cat\/es\/wp-json\/wp\/v2\/product_cat?post=2792"},{"taxonomy":"product_tag","embeddable":true,"href":"https:\/\/gesmobles.cat\/es\/wp-json\/wp\/v2\/product_tag?post=2792"}],"curies":[{"name":"wp","href":"https:\/\/api.w.org\/{rel}","templated":true}]}}