{"id":2850,"date":"2025-04-01T10:27:46","date_gmt":"2025-04-01T08:27:46","guid":{"rendered":"https:\/\/gesmobles.cat\/?post_type=product&#038;p=2850"},"modified":"2025-07-25T18:03:44","modified_gmt":"2025-07-25T16:03:44","slug":"fresh","status":"publish","type":"product","link":"https:\/\/gesmobles.cat\/es\/producto\/fresh\/","title":{"rendered":"Funda de almohada &#8211; Fresh"},"content":{"rendered":"<p> Tejido 100% algod\u00f3n<br \/>\n Tecnolog\u00eda Termo-reguladora<br \/>\n Acabado mentol. Sensaci\u00f3n refrescante<br \/>\n Secado r\u00e1pido. Descanso sin sudor.<br \/>\n Funda exterior sin cremallera<\/p>\n","protected":false},"excerpt":{"rendered":"<p>Tejido 100% algod\u00f3n Tecnolog\u00eda Termo-reguladora Acabado mentol. Sensaci\u00f3n refrescante Secado r\u00e1pido. Descanso sin sudor. Funda exterior sin cremallera<\/p>\n","protected":false},"featured_media":2851,"comment_status":"open","ping_status":"closed","template":"","meta":[],"product_brand":[],"product_cat":[65,114],"product_tag":[],"class_list":{"0":"post-2850","1":"product","2":"type-product","3":"status-publish","4":"has-post-thumbnail","6":"product_cat-textiles-hogar","7":"product_cat-fundas-almohada","9":"first","10":"instock","11":"taxable","12":"shipping-taxable","13":"purchasable","14":"product-type-variable"},"acf":[],"yoast_head":"<!-- This site is optimized with the Yoast SEO plugin v27.4 - https:\/\/yoast.com\/product\/yoast-seo-wordpress\/ -->\n<title>Funda de almohada - Fresh -<\/title>\n<meta name=\"robots\" content=\"index, follow, max-snippet:-1, max-image-preview:large, max-video-preview:-1\" \/>\n<link rel=\"canonical\" href=\"https:\/\/gesmobles.cat\/es\/producto\/fresh\/\" \/>\n<meta property=\"og:locale\" content=\"es_ES\" \/>\n<meta property=\"og:type\" content=\"article\" \/>\n<meta property=\"og:title\" content=\"Funda de almohada - Fresh -\" \/>\n<meta property=\"og:description\" content=\"Tejido 100% algod\u00f3n Tecnolog\u00eda Termo-reguladora Acabado mentol. Sensaci\u00f3n refrescante Secado r\u00e1pido. Descanso sin sudor. Funda exterior sin cremallera\" \/>\n<meta property=\"og:url\" content=\"https:\/\/gesmobles.cat\/es\/producto\/fresh\/\" \/>\n<meta property=\"article:modified_time\" content=\"2025-07-25T16:03:44+00:00\" \/>\n<meta property=\"og:image\" content=\"https:\/\/gesmobles.cat\/wp-content\/uploads\/2025\/04\/fresh1.jpg\" \/>\n\t<meta property=\"og:image:width\" content=\"1000\" \/>\n\t<meta property=\"og:image:height\" content=\"685\" \/>\n\t<meta property=\"og:image:type\" content=\"image\/jpeg\" \/>\n<meta name=\"twitter:card\" content=\"summary_large_image\" \/>\n<meta name=\"twitter:label1\" content=\"Tiempo de lectura\" \/>\n\t<meta name=\"twitter:data1\" content=\"1 minuto\" \/>\n<!-- \/ Yoast SEO plugin. -->","yoast_head_json":{"title":"Funda de almohada - Fresh -","robots":{"index":"index","follow":"follow","max-snippet":"max-snippet:-1","max-image-preview":"max-image-preview:large","max-video-preview":"max-video-preview:-1"},"canonical":"https:\/\/gesmobles.cat\/es\/producto\/fresh\/","og_locale":"es_ES","og_type":"article","og_title":"Funda de almohada - Fresh -","og_description":"Tejido 100% algod\u00f3n Tecnolog\u00eda Termo-reguladora Acabado mentol. Sensaci\u00f3n refrescante Secado r\u00e1pido. Descanso sin sudor. Funda exterior sin cremallera","og_url":"https:\/\/gesmobles.cat\/es\/producto\/fresh\/","article_modified_time":"2025-07-25T16:03:44+00:00","og_image":[{"width":1000,"height":685,"url":"https:\/\/gesmobles.cat\/wp-content\/uploads\/2025\/04\/fresh1.jpg","type":"image\/jpeg"}],"twitter_card":"summary_large_image","twitter_misc":{"Tiempo de lectura":"1 minuto"},"schema":{"@context":"https:\/\/schema.org","@graph":[]}},"_links":{"self":[{"href":"https:\/\/gesmobles.cat\/es\/wp-json\/wp\/v2\/product\/2850","targetHints":{"allow":["GET"]}}],"collection":[{"href":"https:\/\/gesmobles.cat\/es\/wp-json\/wp\/v2\/product"}],"about":[{"href":"https:\/\/gesmobles.cat\/es\/wp-json\/wp\/v2\/types\/product"}],"replies":[{"embeddable":true,"href":"https:\/\/gesmobles.cat\/es\/wp-json\/wp\/v2\/comments?post=2850"}],"wp:featuredmedia":[{"embeddable":true,"href":"https:\/\/gesmobles.cat\/es\/wp-json\/wp\/v2\/media\/2851"}],"wp:attachment":[{"href":"https:\/\/gesmobles.cat\/es\/wp-json\/wp\/v2\/media?parent=2850"}],"wp:term":[{"taxonomy":"product_brand","embeddable":true,"href":"https:\/\/gesmobles.cat\/es\/wp-json\/wp\/v2\/product_brand?post=2850"},{"taxonomy":"product_cat","embeddable":true,"href":"https:\/\/gesmobles.cat\/es\/wp-json\/wp\/v2\/product_cat?post=2850"},{"taxonomy":"product_tag","embeddable":true,"href":"https:\/\/gesmobles.cat\/es\/wp-json\/wp\/v2\/product_tag?post=2850"}],"curies":[{"name":"wp","href":"https:\/\/api.w.org\/{rel}","templated":true}]}}