{"id":2874,"date":"2025-04-02T09:08:58","date_gmt":"2025-04-02T07:08:58","guid":{"rendered":"https:\/\/gesmobles.cat\/?post_type=product&#038;p=2874"},"modified":"2025-08-01T17:56:41","modified_gmt":"2025-08-01T15:56:41","slug":"respira","status":"publish","type":"product","link":"https:\/\/gesmobles.cat\/es\/producto\/respira\/","title":{"rendered":"Funda de almohada &#8211; Respira"},"content":{"rendered":"<p> Tejido de algod\u00f3n peinado 100% org\u00e1nico, con hilo certificado GOTS<br \/>\n Impermeable y transpirable, con l\u00e1mina reciclada<br \/>\n L\u00e1mina discreta y silenciosa<br \/>\n Cierre con cremallera<br \/>\n Algod\u00f3n org\u00e1nico y l\u00e1mina impermeable reciclada<\/p>\n","protected":false},"excerpt":{"rendered":"<p>Tejido de algod\u00f3n peinado 100% org\u00e1nico, con hilo certificado GOTS Impermeable y transpirable, con l\u00e1mina reciclada L\u00e1mina discreta y silenciosa Cierre con cremallera Algod\u00f3n org\u00e1nico y l\u00e1mina impermeable reciclada<\/p>\n","protected":false},"featured_media":2875,"comment_status":"open","ping_status":"closed","template":"","meta":[],"product_brand":[],"product_cat":[65,114],"product_tag":[],"class_list":{"0":"post-2874","1":"product","2":"type-product","3":"status-publish","4":"has-post-thumbnail","6":"product_cat-textiles-hogar","7":"product_cat-fundas-almohada","9":"first","10":"instock","11":"taxable","12":"shipping-taxable","13":"purchasable","14":"product-type-variable"},"acf":[],"yoast_head":"<!-- This site is optimized with the Yoast SEO plugin v27.4 - https:\/\/yoast.com\/product\/yoast-seo-wordpress\/ -->\n<title>Funda de almohada - Respira -<\/title>\n<meta name=\"robots\" content=\"index, follow, max-snippet:-1, max-image-preview:large, max-video-preview:-1\" \/>\n<link rel=\"canonical\" href=\"https:\/\/gesmobles.cat\/es\/producto\/respira\/\" \/>\n<meta property=\"og:locale\" content=\"es_ES\" \/>\n<meta property=\"og:type\" content=\"article\" \/>\n<meta property=\"og:title\" content=\"Funda de almohada - Respira -\" \/>\n<meta property=\"og:description\" content=\"Tejido de algod\u00f3n peinado 100% org\u00e1nico, con hilo certificado GOTS Impermeable y transpirable, con l\u00e1mina reciclada L\u00e1mina discreta y silenciosa Cierre con cremallera Algod\u00f3n org\u00e1nico y l\u00e1mina impermeable reciclada\" \/>\n<meta property=\"og:url\" content=\"https:\/\/gesmobles.cat\/es\/producto\/respira\/\" \/>\n<meta property=\"article:modified_time\" content=\"2025-08-01T15:56:41+00:00\" \/>\n<meta property=\"og:image\" content=\"https:\/\/gesmobles.cat\/wp-content\/uploads\/2025\/04\/respira1.jpg\" \/>\n\t<meta property=\"og:image:width\" content=\"1000\" \/>\n\t<meta property=\"og:image:height\" content=\"685\" \/>\n\t<meta property=\"og:image:type\" content=\"image\/jpeg\" \/>\n<meta name=\"twitter:card\" content=\"summary_large_image\" \/>\n<meta name=\"twitter:label1\" content=\"Tiempo de lectura\" \/>\n\t<meta name=\"twitter:data1\" content=\"1 minuto\" \/>\n<!-- \/ Yoast SEO plugin. -->","yoast_head_json":{"title":"Funda de almohada - Respira -","robots":{"index":"index","follow":"follow","max-snippet":"max-snippet:-1","max-image-preview":"max-image-preview:large","max-video-preview":"max-video-preview:-1"},"canonical":"https:\/\/gesmobles.cat\/es\/producto\/respira\/","og_locale":"es_ES","og_type":"article","og_title":"Funda de almohada - Respira -","og_description":"Tejido de algod\u00f3n peinado 100% org\u00e1nico, con hilo certificado GOTS Impermeable y transpirable, con l\u00e1mina reciclada L\u00e1mina discreta y silenciosa Cierre con cremallera Algod\u00f3n org\u00e1nico y l\u00e1mina impermeable reciclada","og_url":"https:\/\/gesmobles.cat\/es\/producto\/respira\/","article_modified_time":"2025-08-01T15:56:41+00:00","og_image":[{"width":1000,"height":685,"url":"https:\/\/gesmobles.cat\/wp-content\/uploads\/2025\/04\/respira1.jpg","type":"image\/jpeg"}],"twitter_card":"summary_large_image","twitter_misc":{"Tiempo de lectura":"1 minuto"},"schema":{"@context":"https:\/\/schema.org","@graph":[]}},"_links":{"self":[{"href":"https:\/\/gesmobles.cat\/es\/wp-json\/wp\/v2\/product\/2874","targetHints":{"allow":["GET"]}}],"collection":[{"href":"https:\/\/gesmobles.cat\/es\/wp-json\/wp\/v2\/product"}],"about":[{"href":"https:\/\/gesmobles.cat\/es\/wp-json\/wp\/v2\/types\/product"}],"replies":[{"embeddable":true,"href":"https:\/\/gesmobles.cat\/es\/wp-json\/wp\/v2\/comments?post=2874"}],"wp:featuredmedia":[{"embeddable":true,"href":"https:\/\/gesmobles.cat\/es\/wp-json\/wp\/v2\/media\/2875"}],"wp:attachment":[{"href":"https:\/\/gesmobles.cat\/es\/wp-json\/wp\/v2\/media?parent=2874"}],"wp:term":[{"taxonomy":"product_brand","embeddable":true,"href":"https:\/\/gesmobles.cat\/es\/wp-json\/wp\/v2\/product_brand?post=2874"},{"taxonomy":"product_cat","embeddable":true,"href":"https:\/\/gesmobles.cat\/es\/wp-json\/wp\/v2\/product_cat?post=2874"},{"taxonomy":"product_tag","embeddable":true,"href":"https:\/\/gesmobles.cat\/es\/wp-json\/wp\/v2\/product_tag?post=2874"}],"curies":[{"name":"wp","href":"https:\/\/api.w.org\/{rel}","templated":true}]}}