{"id":3224,"date":"2025-04-09T15:58:31","date_gmt":"2025-04-09T13:58:31","guid":{"rendered":"https:\/\/gesmobles.cat\/?post_type=product&#038;p=3224"},"modified":"2025-07-25T18:01:38","modified_gmt":"2025-07-25T16:01:38","slug":"funda-colchon-raso-labrado","status":"publish","type":"product","link":"https:\/\/gesmobles.cat\/es\/producto\/funda-colchon-raso-labrado\/","title":{"rendered":"Funda colch\u00f3n Raso Labrado"},"content":{"rendered":"<p>Tejido cut\u00ed 100% algod\u00f3n<br \/>\n Disponible como media funda ajustable<br \/>\n Cierre con cremallera en forma de \u00abL\u00bb<br \/>\n Para largos de colch\u00f3n de 190 y 200 cm<\/p>\n","protected":false},"excerpt":{"rendered":"<p>Tejido cut\u00ed 100% algod\u00f3n Disponible como media funda ajustable Cierre con cremallera en forma de \u00abL\u00bb Para largos de colch\u00f3n de 190 y 200 cm<\/p>\n","protected":false},"featured_media":3225,"comment_status":"open","ping_status":"closed","template":"","meta":[],"product_brand":[],"product_cat":[65,378],"product_tag":[],"class_list":{"0":"post-3224","1":"product","2":"type-product","3":"status-publish","4":"has-post-thumbnail","6":"product_cat-textiles-hogar","7":"product_cat-fundas-colchon","9":"first","10":"instock","11":"taxable","12":"shipping-taxable","13":"purchasable","14":"product-type-variable"},"acf":[],"yoast_head":"<!-- This site is optimized with the Yoast SEO plugin v27.4 - https:\/\/yoast.com\/product\/yoast-seo-wordpress\/ -->\n<title>Funda colch\u00f3n Raso Labrado -<\/title>\n<meta name=\"robots\" content=\"index, follow, max-snippet:-1, max-image-preview:large, max-video-preview:-1\" \/>\n<link rel=\"canonical\" href=\"https:\/\/gesmobles.cat\/es\/producto\/funda-colchon-raso-labrado\/\" \/>\n<meta property=\"og:locale\" content=\"es_ES\" \/>\n<meta property=\"og:type\" content=\"article\" \/>\n<meta property=\"og:title\" content=\"Funda colch\u00f3n Raso Labrado -\" \/>\n<meta property=\"og:description\" content=\"Tejido cut\u00ed 100% algod\u00f3n Disponible como media funda ajustable Cierre con cremallera en forma de \u00abL\u00bb Para largos de colch\u00f3n de 190 y 200 cm\" \/>\n<meta property=\"og:url\" content=\"https:\/\/gesmobles.cat\/es\/producto\/funda-colchon-raso-labrado\/\" \/>\n<meta property=\"article:modified_time\" content=\"2025-07-25T16:01:38+00:00\" \/>\n<meta property=\"og:image\" content=\"https:\/\/gesmobles.cat\/wp-content\/uploads\/2025\/04\/raso1.jpg\" \/>\n\t<meta property=\"og:image:width\" content=\"1000\" \/>\n\t<meta property=\"og:image:height\" content=\"685\" \/>\n\t<meta property=\"og:image:type\" content=\"image\/jpeg\" \/>\n<meta name=\"twitter:card\" content=\"summary_large_image\" \/>\n<meta name=\"twitter:label1\" content=\"Tiempo de lectura\" \/>\n\t<meta name=\"twitter:data1\" content=\"1 minuto\" \/>\n<!-- \/ Yoast SEO plugin. -->","yoast_head_json":{"title":"Funda colch\u00f3n Raso Labrado -","robots":{"index":"index","follow":"follow","max-snippet":"max-snippet:-1","max-image-preview":"max-image-preview:large","max-video-preview":"max-video-preview:-1"},"canonical":"https:\/\/gesmobles.cat\/es\/producto\/funda-colchon-raso-labrado\/","og_locale":"es_ES","og_type":"article","og_title":"Funda colch\u00f3n Raso Labrado -","og_description":"Tejido cut\u00ed 100% algod\u00f3n Disponible como media funda ajustable Cierre con cremallera en forma de \u00abL\u00bb Para largos de colch\u00f3n de 190 y 200 cm","og_url":"https:\/\/gesmobles.cat\/es\/producto\/funda-colchon-raso-labrado\/","article_modified_time":"2025-07-25T16:01:38+00:00","og_image":[{"width":1000,"height":685,"url":"https:\/\/gesmobles.cat\/wp-content\/uploads\/2025\/04\/raso1.jpg","type":"image\/jpeg"}],"twitter_card":"summary_large_image","twitter_misc":{"Tiempo de lectura":"1 minuto"},"schema":{"@context":"https:\/\/schema.org","@graph":[]}},"_links":{"self":[{"href":"https:\/\/gesmobles.cat\/es\/wp-json\/wp\/v2\/product\/3224","targetHints":{"allow":["GET"]}}],"collection":[{"href":"https:\/\/gesmobles.cat\/es\/wp-json\/wp\/v2\/product"}],"about":[{"href":"https:\/\/gesmobles.cat\/es\/wp-json\/wp\/v2\/types\/product"}],"replies":[{"embeddable":true,"href":"https:\/\/gesmobles.cat\/es\/wp-json\/wp\/v2\/comments?post=3224"}],"wp:featuredmedia":[{"embeddable":true,"href":"https:\/\/gesmobles.cat\/es\/wp-json\/wp\/v2\/media\/3225"}],"wp:attachment":[{"href":"https:\/\/gesmobles.cat\/es\/wp-json\/wp\/v2\/media?parent=3224"}],"wp:term":[{"taxonomy":"product_brand","embeddable":true,"href":"https:\/\/gesmobles.cat\/es\/wp-json\/wp\/v2\/product_brand?post=3224"},{"taxonomy":"product_cat","embeddable":true,"href":"https:\/\/gesmobles.cat\/es\/wp-json\/wp\/v2\/product_cat?post=3224"},{"taxonomy":"product_tag","embeddable":true,"href":"https:\/\/gesmobles.cat\/es\/wp-json\/wp\/v2\/product_tag?post=3224"}],"curies":[{"name":"wp","href":"https:\/\/api.w.org\/{rel}","templated":true}]}}