{"id":3348,"date":"2025-04-10T16:24:08","date_gmt":"2025-04-10T14:24:08","guid":{"rendered":"https:\/\/gesmobles.cat\/?post_type=product&#038;p=3348"},"modified":"2026-01-27T19:32:16","modified_gmt":"2026-01-27T17:32:16","slug":"funda-de-matalas-microfibra","status":"publish","type":"product","link":"https:\/\/gesmobles.cat\/es\/producto\/funda-de-matalas-microfibra\/","title":{"rendered":"Funda de matal\u00e0s Microfibra"},"content":{"rendered":"<p>Rizo Microfibra extrasuave<br \/>\nTeixit el\u00e0stic de m\u00e0xima adaptabilitat<br \/>\nTancament amb cremallera en forma d'\u00bbU\u00bb<br \/>\nPer a llargs fins a 200 cm i alts fins a 25 cm<\/p>\n","protected":false},"excerpt":{"rendered":"<p>Rizo Microfibra extrasuave Teixit el\u00e0stic de m\u00e0xima adaptabilitat Tancament amb cremallera en forma d&#8217;\u00bbU\u00bb Per a llargs fins a 200 cm i alts fins a 25 cm<\/p>\n","protected":false},"featured_media":3339,"comment_status":"open","ping_status":"closed","template":"","meta":[],"product_brand":[],"product_cat":[379,21],"product_tag":[],"class_list":{"0":"post-3348","1":"product","2":"type-product","3":"status-publish","4":"has-post-thumbnail","6":"product_cat-funda-matalas","7":"product_cat-textils-llar","9":"first","10":"instock","11":"taxable","12":"shipping-taxable","13":"purchasable","14":"product-type-variable"},"acf":[],"yoast_head":"<!-- This site is optimized with the Yoast SEO plugin v27.4 - https:\/\/yoast.com\/product\/yoast-seo-wordpress\/ -->\n<title>Funda de matal\u00e0s Microfibra -<\/title>\n<meta name=\"robots\" content=\"index, follow, max-snippet:-1, max-image-preview:large, max-video-preview:-1\" \/>\n<link rel=\"canonical\" href=\"https:\/\/gesmobles.cat\/es\/producto\/funda-de-matalas-microfibra\/\" \/>\n<meta property=\"og:locale\" content=\"es_ES\" \/>\n<meta property=\"og:type\" content=\"article\" \/>\n<meta property=\"og:title\" content=\"Funda de matal\u00e0s Microfibra -\" \/>\n<meta property=\"og:description\" content=\"Rizo Microfibra extrasuave Teixit el\u00e0stic de m\u00e0xima adaptabilitat Tancament amb cremallera en forma d&#039;\u00bbU\u00bb Per a llargs fins a 200 cm i alts fins a 25 cm\" \/>\n<meta property=\"og:url\" content=\"https:\/\/gesmobles.cat\/es\/producto\/funda-de-matalas-microfibra\/\" \/>\n<meta property=\"article:modified_time\" content=\"2026-01-27T17:32:16+00:00\" \/>\n<meta property=\"og:image\" content=\"https:\/\/gesmobles.cat\/wp-content\/uploads\/2025\/04\/microfibra4.jpg\" \/>\n\t<meta property=\"og:image:width\" content=\"1000\" \/>\n\t<meta property=\"og:image:height\" content=\"685\" \/>\n\t<meta property=\"og:image:type\" content=\"image\/jpeg\" \/>\n<meta name=\"twitter:card\" content=\"summary_large_image\" \/>\n<meta name=\"twitter:label1\" content=\"Tiempo de lectura\" \/>\n\t<meta name=\"twitter:data1\" content=\"1 minuto\" \/>\n<!-- \/ Yoast SEO plugin. -->","yoast_head_json":{"title":"Funda de matal\u00e0s Microfibra -","robots":{"index":"index","follow":"follow","max-snippet":"max-snippet:-1","max-image-preview":"max-image-preview:large","max-video-preview":"max-video-preview:-1"},"canonical":"https:\/\/gesmobles.cat\/es\/producto\/funda-de-matalas-microfibra\/","og_locale":"es_ES","og_type":"article","og_title":"Funda de matal\u00e0s Microfibra -","og_description":"Rizo Microfibra extrasuave Teixit el\u00e0stic de m\u00e0xima adaptabilitat Tancament amb cremallera en forma d'\u00bbU\u00bb Per a llargs fins a 200 cm i alts fins a 25 cm","og_url":"https:\/\/gesmobles.cat\/es\/producto\/funda-de-matalas-microfibra\/","article_modified_time":"2026-01-27T17:32:16+00:00","og_image":[{"width":1000,"height":685,"url":"https:\/\/gesmobles.cat\/wp-content\/uploads\/2025\/04\/microfibra4.jpg","type":"image\/jpeg"}],"twitter_card":"summary_large_image","twitter_misc":{"Tiempo de lectura":"1 minuto"},"schema":{"@context":"https:\/\/schema.org","@graph":[]}},"_links":{"self":[{"href":"https:\/\/gesmobles.cat\/es\/wp-json\/wp\/v2\/product\/3348","targetHints":{"allow":["GET"]}}],"collection":[{"href":"https:\/\/gesmobles.cat\/es\/wp-json\/wp\/v2\/product"}],"about":[{"href":"https:\/\/gesmobles.cat\/es\/wp-json\/wp\/v2\/types\/product"}],"replies":[{"embeddable":true,"href":"https:\/\/gesmobles.cat\/es\/wp-json\/wp\/v2\/comments?post=3348"}],"wp:featuredmedia":[{"embeddable":true,"href":"https:\/\/gesmobles.cat\/es\/wp-json\/wp\/v2\/media\/3339"}],"wp:attachment":[{"href":"https:\/\/gesmobles.cat\/es\/wp-json\/wp\/v2\/media?parent=3348"}],"wp:term":[{"taxonomy":"product_brand","embeddable":true,"href":"https:\/\/gesmobles.cat\/es\/wp-json\/wp\/v2\/product_brand?post=3348"},{"taxonomy":"product_cat","embeddable":true,"href":"https:\/\/gesmobles.cat\/es\/wp-json\/wp\/v2\/product_cat?post=3348"},{"taxonomy":"product_tag","embeddable":true,"href":"https:\/\/gesmobles.cat\/es\/wp-json\/wp\/v2\/product_tag?post=3348"}],"curies":[{"name":"wp","href":"https:\/\/api.w.org\/{rel}","templated":true}]}}