{"id":3429,"date":"2025-04-17T19:29:49","date_gmt":"2025-04-17T17:29:49","guid":{"rendered":"https:\/\/gesmobles.cat\/?post_type=product&#038;p=3429"},"modified":"2026-04-16T10:17:17","modified_gmt":"2026-04-16T08:17:17","slug":"mesa-bali","status":"publish","type":"product","link":"https:\/\/gesmobles.cat\/es\/producto\/mesa-bali\/","title":{"rendered":"Mesa BALI"},"content":{"rendered":"<p>La mesa Bali es la opci\u00f3n ideal para disfrutar de comidas al aire libre con estilo y comodidad. Con un dise\u00f1o moderno y acabado efecto madera, combina a la perfecci\u00f3n con cualquier ambiente exterior: jardines, terrazas, patios o balcones.Perfecta para 2 a 4 personas. Comb\u00ednala con nuestros sillones plegables o banquetas y crea tu propio comedor exterior con estilo y funcionalidad.<\/p>\n","protected":false},"excerpt":{"rendered":"<p>La mesa Bali es la opci\u00f3n ideal para disfrutar de comidas al aire libre con estilo y comodidad. Con un dise\u00f1o moderno y acabado efecto madera, combina a la perfecci\u00f3n con cualquier ambiente exterior: jardines, terrazas, patios o balcones.Perfecta para 2 a 4 personas. Comb\u00ednala con nuestros sillones plegables o banquetas y crea tu propio comedor exterior con estilo y funcionalidad.<\/p>\n","protected":false},"featured_media":3430,"comment_status":"open","ping_status":"closed","template":"","meta":[],"product_brand":[],"product_cat":[59],"product_tag":[],"class_list":{"0":"post-3429","1":"product","2":"type-product","3":"status-publish","4":"has-post-thumbnail","6":"product_cat-exterior-es","8":"first","9":"outofstock","10":"taxable","11":"shipping-taxable","12":"purchasable","13":"product-type-simple"},"acf":[],"yoast_head":"<!-- This site is optimized with the Yoast SEO plugin v27.4 - https:\/\/yoast.com\/product\/yoast-seo-wordpress\/ -->\n<title>Mesa BALI -<\/title>\n<meta name=\"robots\" content=\"index, follow, max-snippet:-1, max-image-preview:large, max-video-preview:-1\" \/>\n<link rel=\"canonical\" href=\"https:\/\/gesmobles.cat\/es\/producto\/mesa-bali\/\" \/>\n<meta property=\"og:locale\" content=\"es_ES\" \/>\n<meta property=\"og:type\" content=\"article\" \/>\n<meta property=\"og:title\" content=\"Mesa BALI -\" \/>\n<meta property=\"og:description\" content=\"La mesa Bali es la opci\u00f3n ideal para disfrutar de comidas al aire libre con estilo y comodidad. Con un dise\u00f1o moderno y acabado efecto madera, combina a la perfecci\u00f3n con cualquier ambiente exterior: jardines, terrazas, patios o balcones.Perfecta para 2 a 4 personas. Comb\u00ednala con nuestros sillones plegables o banquetas y crea tu propio comedor exterior con estilo y funcionalidad.\" \/>\n<meta property=\"og:url\" content=\"https:\/\/gesmobles.cat\/es\/producto\/mesa-bali\/\" \/>\n<meta property=\"article:modified_time\" content=\"2026-04-16T08:17:17+00:00\" \/>\n<meta property=\"og:image\" content=\"https:\/\/gesmobles.cat\/wp-content\/uploads\/2025\/04\/mesa-bali-scaled.webp\" \/>\n\t<meta property=\"og:image:width\" content=\"2560\" \/>\n\t<meta property=\"og:image:height\" content=\"1972\" \/>\n\t<meta property=\"og:image:type\" content=\"image\/webp\" \/>\n<meta name=\"twitter:card\" content=\"summary_large_image\" \/>\n<meta name=\"twitter:label1\" content=\"Tiempo de lectura\" \/>\n\t<meta name=\"twitter:data1\" content=\"1 minuto\" \/>\n<!-- \/ Yoast SEO plugin. -->","yoast_head_json":{"title":"Mesa BALI -","robots":{"index":"index","follow":"follow","max-snippet":"max-snippet:-1","max-image-preview":"max-image-preview:large","max-video-preview":"max-video-preview:-1"},"canonical":"https:\/\/gesmobles.cat\/es\/producto\/mesa-bali\/","og_locale":"es_ES","og_type":"article","og_title":"Mesa BALI -","og_description":"La mesa Bali es la opci\u00f3n ideal para disfrutar de comidas al aire libre con estilo y comodidad. Con un dise\u00f1o moderno y acabado efecto madera, combina a la perfecci\u00f3n con cualquier ambiente exterior: jardines, terrazas, patios o balcones.Perfecta para 2 a 4 personas. Comb\u00ednala con nuestros sillones plegables o banquetas y crea tu propio comedor exterior con estilo y funcionalidad.","og_url":"https:\/\/gesmobles.cat\/es\/producto\/mesa-bali\/","article_modified_time":"2026-04-16T08:17:17+00:00","og_image":[{"width":2560,"height":1972,"url":"https:\/\/gesmobles.cat\/wp-content\/uploads\/2025\/04\/mesa-bali-scaled.webp","type":"image\/webp"}],"twitter_card":"summary_large_image","twitter_misc":{"Tiempo de lectura":"1 minuto"},"schema":{"@context":"https:\/\/schema.org","@graph":[]}},"_links":{"self":[{"href":"https:\/\/gesmobles.cat\/es\/wp-json\/wp\/v2\/product\/3429","targetHints":{"allow":["GET"]}}],"collection":[{"href":"https:\/\/gesmobles.cat\/es\/wp-json\/wp\/v2\/product"}],"about":[{"href":"https:\/\/gesmobles.cat\/es\/wp-json\/wp\/v2\/types\/product"}],"replies":[{"embeddable":true,"href":"https:\/\/gesmobles.cat\/es\/wp-json\/wp\/v2\/comments?post=3429"}],"wp:featuredmedia":[{"embeddable":true,"href":"https:\/\/gesmobles.cat\/es\/wp-json\/wp\/v2\/media\/3430"}],"wp:attachment":[{"href":"https:\/\/gesmobles.cat\/es\/wp-json\/wp\/v2\/media?parent=3429"}],"wp:term":[{"taxonomy":"product_brand","embeddable":true,"href":"https:\/\/gesmobles.cat\/es\/wp-json\/wp\/v2\/product_brand?post=3429"},{"taxonomy":"product_cat","embeddable":true,"href":"https:\/\/gesmobles.cat\/es\/wp-json\/wp\/v2\/product_cat?post=3429"},{"taxonomy":"product_tag","embeddable":true,"href":"https:\/\/gesmobles.cat\/es\/wp-json\/wp\/v2\/product_tag?post=3429"}],"curies":[{"name":"wp","href":"https:\/\/api.w.org\/{rel}","templated":true}]}}