{"id":3667,"date":"2025-05-03T12:16:23","date_gmt":"2025-05-03T10:16:23","guid":{"rendered":"https:\/\/gesmobles.cat\/?post_type=product&#038;p=3667"},"modified":"2025-07-25T09:16:00","modified_gmt":"2025-07-25T07:16:00","slug":"colchon-triumph-viscoelastico-con-muelles-ensacados-30-cm-de-confort-premium","status":"publish","type":"product","link":"https:\/\/gesmobles.cat\/es\/producto\/colchon-triumph-viscoelastico-con-muelles-ensacados-30-cm-de-confort-premium\/","title":{"rendered":"Colch\u00f3n Triumph viscoel\u00e1stico con muelles ensacados \u2013 30 cm de confort premium"},"content":{"rendered":"<p>Descubre el colch\u00f3n Triumph, un modelo h\u00edbrido de alta gama que une lo mejor de la viscoel\u00e1stica con la \u00faltima tecnolog\u00eda en muelles ensacados. Gracias a su dise\u00f1o multicapa, proporciona un descanso ergon\u00f3mico, sin puntos de presi\u00f3n, y con gran independencia de lechos, ideal para dormir en pareja.<\/p>\n","protected":false},"excerpt":{"rendered":"<p>Descubre el colch\u00f3n Triumph, un modelo h\u00edbrido de alta gama que une lo mejor de la viscoel\u00e1stica con la \u00faltima tecnolog\u00eda en muelles ensacados. Gracias a su dise\u00f1o multicapa, proporciona un descanso ergon\u00f3mico, sin puntos de presi\u00f3n, y con gran independencia de lechos, ideal para dormir en pareja.<\/p>\n","protected":false},"featured_media":3672,"comment_status":"open","ping_status":"closed","template":"","meta":[],"product_brand":[],"product_cat":[61,75],"product_tag":[399,400,401,402,403,404,405,406,407,408],"class_list":{"0":"post-3667","1":"product","2":"type-product","3":"status-publish","4":"has-post-thumbnail","6":"product_cat-descanso","7":"product_cat-muelles-ensacados","8":"product_tag-colchon-viscoelastico","9":"product_tag-colchon-muelles-ensacados","10":"product_tag-colchon-hibrido","11":"product_tag-colchon-transpirable","12":"product_tag-colchon-firme","13":"product_tag-colchon-matrimonio","14":"product_tag-colchon-alta-gama","15":"product_tag-colchones-en-oferta","16":"product_tag-colchones-online","17":"product_tag-colchones-gesmobles-cat","19":"first","20":"instock","21":"taxable","22":"shipping-taxable","23":"purchasable","24":"product-type-variable"},"acf":[],"yoast_head":"<!-- This site is optimized with the Yoast SEO plugin v27.4 - https:\/\/yoast.com\/product\/yoast-seo-wordpress\/ -->\n<title>Colch\u00f3n Triumph viscoel\u00e1stico con muelles ensacados \u2013 30 cm de confort premium -<\/title>\n<meta name=\"description\" content=\"Compra online el colch\u00f3n Triumph con viscoel\u00e1stica y muelles ensacados. Confort premium de 30 cm, transpirable y firme. Env\u00edo gratis en Gesmobles.cat.\" \/>\n<meta name=\"robots\" content=\"index, follow, max-snippet:-1, max-image-preview:large, max-video-preview:-1\" \/>\n<link rel=\"canonical\" href=\"https:\/\/gesmobles.cat\/es\/producto\/colchon-triumph-viscoelastico-con-muelles-ensacados-30-cm-de-confort-premium\/\" \/>\n<meta property=\"og:locale\" content=\"es_ES\" \/>\n<meta property=\"og:type\" content=\"article\" \/>\n<meta property=\"og:title\" content=\"Colch\u00f3n Triumph viscoel\u00e1stico con muelles ensacados \u2013 30 cm de confort premium -\" \/>\n<meta property=\"og:description\" content=\"Compra online el colch\u00f3n Triumph con viscoel\u00e1stica y muelles ensacados. Confort premium de 30 cm, transpirable y firme. Env\u00edo gratis en Gesmobles.cat.\" \/>\n<meta property=\"og:url\" content=\"https:\/\/gesmobles.cat\/es\/producto\/colchon-triumph-viscoelastico-con-muelles-ensacados-30-cm-de-confort-premium\/\" \/>\n<meta property=\"article:modified_time\" content=\"2025-07-25T07:16:00+00:00\" \/>\n<meta property=\"og:image\" content=\"https:\/\/gesmobles.cat\/wp-content\/uploads\/2025\/05\/triumph-scaled.webp\" \/>\n\t<meta property=\"og:image:width\" content=\"2560\" \/>\n\t<meta property=\"og:image:height\" content=\"1972\" \/>\n\t<meta property=\"og:image:type\" content=\"image\/webp\" \/>\n<meta name=\"twitter:card\" content=\"summary_large_image\" \/>\n<meta name=\"twitter:label1\" content=\"Tiempo de lectura\" \/>\n\t<meta name=\"twitter:data1\" content=\"1 minuto\" \/>\n<!-- \/ Yoast SEO plugin. -->","yoast_head_json":{"title":"Colch\u00f3n Triumph viscoel\u00e1stico con muelles ensacados \u2013 30 cm de confort premium -","description":"Compra online el colch\u00f3n Triumph con viscoel\u00e1stica y muelles ensacados. Confort premium de 30 cm, transpirable y firme. Env\u00edo gratis en Gesmobles.cat.","robots":{"index":"index","follow":"follow","max-snippet":"max-snippet:-1","max-image-preview":"max-image-preview:large","max-video-preview":"max-video-preview:-1"},"canonical":"https:\/\/gesmobles.cat\/es\/producto\/colchon-triumph-viscoelastico-con-muelles-ensacados-30-cm-de-confort-premium\/","og_locale":"es_ES","og_type":"article","og_title":"Colch\u00f3n Triumph viscoel\u00e1stico con muelles ensacados \u2013 30 cm de confort premium -","og_description":"Compra online el colch\u00f3n Triumph con viscoel\u00e1stica y muelles ensacados. Confort premium de 30 cm, transpirable y firme. Env\u00edo gratis en Gesmobles.cat.","og_url":"https:\/\/gesmobles.cat\/es\/producto\/colchon-triumph-viscoelastico-con-muelles-ensacados-30-cm-de-confort-premium\/","article_modified_time":"2025-07-25T07:16:00+00:00","og_image":[{"width":2560,"height":1972,"url":"https:\/\/gesmobles.cat\/wp-content\/uploads\/2025\/05\/triumph-scaled.webp","type":"image\/webp"}],"twitter_card":"summary_large_image","twitter_misc":{"Tiempo de lectura":"1 minuto"},"schema":{"@context":"https:\/\/schema.org","@graph":[]}},"_links":{"self":[{"href":"https:\/\/gesmobles.cat\/es\/wp-json\/wp\/v2\/product\/3667","targetHints":{"allow":["GET"]}}],"collection":[{"href":"https:\/\/gesmobles.cat\/es\/wp-json\/wp\/v2\/product"}],"about":[{"href":"https:\/\/gesmobles.cat\/es\/wp-json\/wp\/v2\/types\/product"}],"replies":[{"embeddable":true,"href":"https:\/\/gesmobles.cat\/es\/wp-json\/wp\/v2\/comments?post=3667"}],"wp:featuredmedia":[{"embeddable":true,"href":"https:\/\/gesmobles.cat\/es\/wp-json\/wp\/v2\/media\/3672"}],"wp:attachment":[{"href":"https:\/\/gesmobles.cat\/es\/wp-json\/wp\/v2\/media?parent=3667"}],"wp:term":[{"taxonomy":"product_brand","embeddable":true,"href":"https:\/\/gesmobles.cat\/es\/wp-json\/wp\/v2\/product_brand?post=3667"},{"taxonomy":"product_cat","embeddable":true,"href":"https:\/\/gesmobles.cat\/es\/wp-json\/wp\/v2\/product_cat?post=3667"},{"taxonomy":"product_tag","embeddable":true,"href":"https:\/\/gesmobles.cat\/es\/wp-json\/wp\/v2\/product_tag?post=3667"}],"curies":[{"name":"wp","href":"https:\/\/api.w.org\/{rel}","templated":true}]}}