{"id":3826,"date":"2025-05-08T17:15:20","date_gmt":"2025-05-08T15:15:20","guid":{"rendered":"https:\/\/gesmobles.cat\/?post_type=product&#038;p=3826"},"modified":"2025-08-29T21:47:25","modified_gmt":"2025-08-29T19:47:25","slug":"colgante-nantes-negro","status":"publish","type":"product","link":"https:\/\/gesmobles.cat\/es\/producto\/colgante-nantes-negro\/","title":{"rendered":"Colgante Nantes Negro"},"content":{"rendered":"<p>Colgante de la serie NANTES de color NEGRO. Este moderno colgante LED est\u00e1 realizado en metal y acr\u00edlico. Posee tecnolog\u00eda LED INTEGRADO con 122 watios de potencia, 9760 l\u00famenes y 3 TEMPERATURAS SELECCIONABLES DE LUZ (3000k, 4000k y 6000k) luz c\u00e1lida, natural y blanco fr\u00edo. Viene con MANDO A DISTANCIA incluido, desde el que se puede guardar la memoria de color y REGULAR LA INTENSIDAD. Se caracteriza por su dise\u00f1o con formas curvas y entrelazadas con aspecto brillante resultando un juego lum\u00ednico muy interesante suspendido por dos cables. Sus dimensiones, regulables en altura son de Regx100x25 cent\u00edmetros. En esta misma serie puede encontrar dos dise\u00f1os originales y de distintos tama\u00f1os para adaptar o combinar a cualquier estancia.<\/p>\n","protected":false},"excerpt":{"rendered":"<p>Colgante de la serie NANTES de color NEGRO. Este moderno colgante LED est\u00e1 realizado en metal y acr\u00edlico. Posee tecnolog\u00eda LED INTEGRADO con 122 watios de potencia, 9760 l\u00famenes y 3 TEMPERATURAS SELECCIONABLES DE LUZ (3000k, 4000k y 6000k) luz c\u00e1lida, natural y blanco fr\u00edo. Viene con MANDO A DISTANCIA incluido, desde el que se [&hellip;]<\/p>\n","protected":false},"featured_media":3827,"comment_status":"open","ping_status":"closed","template":"","meta":[],"product_brand":[],"product_cat":[63,86],"product_tag":[],"class_list":{"0":"post-3826","1":"product","2":"type-product","3":"status-publish","4":"has-post-thumbnail","6":"product_cat-iluminacion","7":"product_cat-lamparas-techo-y-pared","9":"first","10":"instock","11":"taxable","12":"shipping-taxable","13":"purchasable","14":"product-type-simple"},"acf":[],"yoast_head":"<!-- This site is optimized with the Yoast SEO plugin v27.4 - https:\/\/yoast.com\/product\/yoast-seo-wordpress\/ -->\n<title>Colgante Nantes Negro -<\/title>\n<meta name=\"robots\" content=\"index, follow, max-snippet:-1, max-image-preview:large, max-video-preview:-1\" \/>\n<link rel=\"canonical\" href=\"https:\/\/gesmobles.cat\/es\/producto\/colgante-nantes-negro\/\" \/>\n<meta property=\"og:locale\" content=\"es_ES\" \/>\n<meta property=\"og:type\" content=\"article\" \/>\n<meta property=\"og:title\" content=\"Colgante Nantes Negro -\" \/>\n<meta property=\"og:description\" content=\"Colgante de la serie NANTES de color NEGRO. Este moderno colgante LED est\u00e1 realizado en metal y acr\u00edlico. Posee tecnolog\u00eda LED INTEGRADO con 122 watios de potencia, 9760 l\u00famenes y 3 TEMPERATURAS SELECCIONABLES DE LUZ (3000k, 4000k y 6000k) luz c\u00e1lida, natural y blanco fr\u00edo. Viene con MANDO A DISTANCIA incluido, desde el que se [&hellip;]\" \/>\n<meta property=\"og:url\" content=\"https:\/\/gesmobles.cat\/es\/producto\/colgante-nantes-negro\/\" \/>\n<meta property=\"article:modified_time\" content=\"2025-08-29T19:47:25+00:00\" \/>\n<meta property=\"og:image\" content=\"https:\/\/gesmobles.cat\/wp-content\/uploads\/2025\/05\/colgante-nantes-negro-122w-3000-4000-6000k-regx100-x25cm-9760lm-c-remoto-y-reg-intensidad.webp\" \/>\n\t<meta property=\"og:image:width\" content=\"1000\" \/>\n\t<meta property=\"og:image:height\" content=\"1000\" \/>\n\t<meta property=\"og:image:type\" content=\"image\/webp\" \/>\n<meta name=\"twitter:card\" content=\"summary_large_image\" \/>\n<meta name=\"twitter:label1\" content=\"Tiempo de lectura\" \/>\n\t<meta name=\"twitter:data1\" content=\"1 minuto\" \/>\n<!-- \/ Yoast SEO plugin. -->","yoast_head_json":{"title":"Colgante Nantes Negro -","robots":{"index":"index","follow":"follow","max-snippet":"max-snippet:-1","max-image-preview":"max-image-preview:large","max-video-preview":"max-video-preview:-1"},"canonical":"https:\/\/gesmobles.cat\/es\/producto\/colgante-nantes-negro\/","og_locale":"es_ES","og_type":"article","og_title":"Colgante Nantes Negro -","og_description":"Colgante de la serie NANTES de color NEGRO. Este moderno colgante LED est\u00e1 realizado en metal y acr\u00edlico. Posee tecnolog\u00eda LED INTEGRADO con 122 watios de potencia, 9760 l\u00famenes y 3 TEMPERATURAS SELECCIONABLES DE LUZ (3000k, 4000k y 6000k) luz c\u00e1lida, natural y blanco fr\u00edo. Viene con MANDO A DISTANCIA incluido, desde el que se [&hellip;]","og_url":"https:\/\/gesmobles.cat\/es\/producto\/colgante-nantes-negro\/","article_modified_time":"2025-08-29T19:47:25+00:00","og_image":[{"width":1000,"height":1000,"url":"https:\/\/gesmobles.cat\/wp-content\/uploads\/2025\/05\/colgante-nantes-negro-122w-3000-4000-6000k-regx100-x25cm-9760lm-c-remoto-y-reg-intensidad.webp","type":"image\/webp"}],"twitter_card":"summary_large_image","twitter_misc":{"Tiempo de lectura":"1 minuto"},"schema":{"@context":"https:\/\/schema.org","@graph":[]}},"_links":{"self":[{"href":"https:\/\/gesmobles.cat\/es\/wp-json\/wp\/v2\/product\/3826","targetHints":{"allow":["GET"]}}],"collection":[{"href":"https:\/\/gesmobles.cat\/es\/wp-json\/wp\/v2\/product"}],"about":[{"href":"https:\/\/gesmobles.cat\/es\/wp-json\/wp\/v2\/types\/product"}],"replies":[{"embeddable":true,"href":"https:\/\/gesmobles.cat\/es\/wp-json\/wp\/v2\/comments?post=3826"}],"wp:featuredmedia":[{"embeddable":true,"href":"https:\/\/gesmobles.cat\/es\/wp-json\/wp\/v2\/media\/3827"}],"wp:attachment":[{"href":"https:\/\/gesmobles.cat\/es\/wp-json\/wp\/v2\/media?parent=3826"}],"wp:term":[{"taxonomy":"product_brand","embeddable":true,"href":"https:\/\/gesmobles.cat\/es\/wp-json\/wp\/v2\/product_brand?post=3826"},{"taxonomy":"product_cat","embeddable":true,"href":"https:\/\/gesmobles.cat\/es\/wp-json\/wp\/v2\/product_cat?post=3826"},{"taxonomy":"product_tag","embeddable":true,"href":"https:\/\/gesmobles.cat\/es\/wp-json\/wp\/v2\/product_tag?post=3826"}],"curies":[{"name":"wp","href":"https:\/\/api.w.org\/{rel}","templated":true}]}}