{"id":3830,"date":"2025-05-08T17:39:12","date_gmt":"2025-05-08T15:39:12","guid":{"rendered":"https:\/\/gesmobles.cat\/?post_type=product&#038;p=3830"},"modified":"2025-08-29T21:46:43","modified_gmt":"2025-08-29T19:46:43","slug":"lampara-marrakech","status":"publish","type":"product","link":"https:\/\/gesmobles.cat\/es\/producto\/lampara-marrakech\/","title":{"rendered":"Lampara Marrakech"},"content":{"rendered":"<p>L\u00e1mpara 5 luces serie MARRAKECH en color NEGRO\/CUERO. Realizada en metal, con dise\u00f1o moderno, consta de cinco focos ORIENTABLES que se disponen en forma circular desde los brazos que salen del cuerpo central, permitiendo dirigir la luz a la zona que m\u00e1s interese de la estancia que decore. Ideal para salones, comedores e incluso zonas de trabajo acordes con decoraciones de estilo Moderno, Vintage y el nuevo estilo Industrial. Posee cinco porta l\u00e1mparas GU10. Bombillas no incluidas. Tiene unas dimensiones, regulables en altura, de 36<58x58x58 cent\u00edmetros. En esta misma serie podemos encontrar a juego, la l\u00e1mpara de tres luces, el pie de sal\u00f3n y el sobremesa.\n<\/p>\n","protected":false},"excerpt":{"rendered":"<p>L\u00e1mpara 5 luces serie MARRAKECH en color NEGRO\/CUERO. Realizada en metal, con dise\u00f1o moderno, consta de cinco focos ORIENTABLES que se disponen en forma circular desde los brazos que salen del cuerpo central, permitiendo dirigir la luz a la zona que m\u00e1s interese de la estancia que decore. Ideal para salones, comedores e incluso zonas [&hellip;]<\/p>\n","protected":false},"featured_media":3831,"comment_status":"open","ping_status":"closed","template":"","meta":[],"product_brand":[],"product_cat":[63,86],"product_tag":[],"class_list":{"0":"post-3830","1":"product","2":"type-product","3":"status-publish","4":"has-post-thumbnail","6":"product_cat-iluminacion","7":"product_cat-lamparas-techo-y-pared","9":"first","10":"instock","11":"taxable","12":"shipping-taxable","13":"purchasable","14":"product-type-simple"},"acf":[],"yoast_head":"<!-- This site is optimized with the Yoast SEO plugin v27.4 - https:\/\/yoast.com\/product\/yoast-seo-wordpress\/ -->\n<title>Lampara Marrakech -<\/title>\n<meta name=\"robots\" content=\"index, follow, max-snippet:-1, max-image-preview:large, max-video-preview:-1\" \/>\n<link rel=\"canonical\" href=\"https:\/\/gesmobles.cat\/es\/producto\/lampara-marrakech\/\" \/>\n<meta property=\"og:locale\" content=\"es_ES\" \/>\n<meta property=\"og:type\" content=\"article\" \/>\n<meta property=\"og:title\" content=\"Lampara Marrakech -\" \/>\n<meta property=\"og:description\" content=\"L\u00e1mpara 5 luces serie MARRAKECH en color NEGRO\/CUERO. Realizada en metal, con dise\u00f1o moderno, consta de cinco focos ORIENTABLES que se disponen en forma circular desde los brazos que salen del cuerpo central, permitiendo dirigir la luz a la zona que m\u00e1s interese de la estancia que decore. Ideal para salones, comedores e incluso zonas [&hellip;]\" \/>\n<meta property=\"og:url\" content=\"https:\/\/gesmobles.cat\/es\/producto\/lampara-marrakech\/\" \/>\n<meta property=\"article:modified_time\" content=\"2025-08-29T19:46:43+00:00\" \/>\n<meta property=\"og:image\" content=\"https:\/\/gesmobles.cat\/wp-content\/uploads\/2025\/05\/lampara-marrakech-5xgu10-negro-cuero38-60x50x50.webp\" \/>\n\t<meta property=\"og:image:width\" content=\"1000\" \/>\n\t<meta property=\"og:image:height\" content=\"1000\" \/>\n\t<meta property=\"og:image:type\" content=\"image\/webp\" \/>\n<meta name=\"twitter:card\" content=\"summary_large_image\" \/>\n<meta name=\"twitter:label1\" content=\"Tiempo de lectura\" \/>\n\t<meta name=\"twitter:data1\" content=\"1 minuto\" \/>\n<!-- \/ Yoast SEO plugin. -->","yoast_head_json":{"title":"Lampara Marrakech -","robots":{"index":"index","follow":"follow","max-snippet":"max-snippet:-1","max-image-preview":"max-image-preview:large","max-video-preview":"max-video-preview:-1"},"canonical":"https:\/\/gesmobles.cat\/es\/producto\/lampara-marrakech\/","og_locale":"es_ES","og_type":"article","og_title":"Lampara Marrakech -","og_description":"L\u00e1mpara 5 luces serie MARRAKECH en color NEGRO\/CUERO. Realizada en metal, con dise\u00f1o moderno, consta de cinco focos ORIENTABLES que se disponen en forma circular desde los brazos que salen del cuerpo central, permitiendo dirigir la luz a la zona que m\u00e1s interese de la estancia que decore. Ideal para salones, comedores e incluso zonas [&hellip;]","og_url":"https:\/\/gesmobles.cat\/es\/producto\/lampara-marrakech\/","article_modified_time":"2025-08-29T19:46:43+00:00","og_image":[{"width":1000,"height":1000,"url":"https:\/\/gesmobles.cat\/wp-content\/uploads\/2025\/05\/lampara-marrakech-5xgu10-negro-cuero38-60x50x50.webp","type":"image\/webp"}],"twitter_card":"summary_large_image","twitter_misc":{"Tiempo de lectura":"1 minuto"},"schema":{"@context":"https:\/\/schema.org","@graph":[]}},"_links":{"self":[{"href":"https:\/\/gesmobles.cat\/es\/wp-json\/wp\/v2\/product\/3830","targetHints":{"allow":["GET"]}}],"collection":[{"href":"https:\/\/gesmobles.cat\/es\/wp-json\/wp\/v2\/product"}],"about":[{"href":"https:\/\/gesmobles.cat\/es\/wp-json\/wp\/v2\/types\/product"}],"replies":[{"embeddable":true,"href":"https:\/\/gesmobles.cat\/es\/wp-json\/wp\/v2\/comments?post=3830"}],"wp:featuredmedia":[{"embeddable":true,"href":"https:\/\/gesmobles.cat\/es\/wp-json\/wp\/v2\/media\/3831"}],"wp:attachment":[{"href":"https:\/\/gesmobles.cat\/es\/wp-json\/wp\/v2\/media?parent=3830"}],"wp:term":[{"taxonomy":"product_brand","embeddable":true,"href":"https:\/\/gesmobles.cat\/es\/wp-json\/wp\/v2\/product_brand?post=3830"},{"taxonomy":"product_cat","embeddable":true,"href":"https:\/\/gesmobles.cat\/es\/wp-json\/wp\/v2\/product_cat?post=3830"},{"taxonomy":"product_tag","embeddable":true,"href":"https:\/\/gesmobles.cat\/es\/wp-json\/wp\/v2\/product_tag?post=3830"}],"curies":[{"name":"wp","href":"https:\/\/api.w.org\/{rel}","templated":true}]}}