{"id":3838,"date":"2025-05-08T18:03:21","date_gmt":"2025-05-08T16:03:21","guid":{"rendered":"https:\/\/gesmobles.cat\/?post_type=product&#038;p=3838"},"modified":"2025-08-29T21:46:02","modified_gmt":"2025-08-29T19:46:02","slug":"lampara-rio-de-janeiro","status":"publish","type":"product","link":"https:\/\/gesmobles.cat\/es\/producto\/lampara-rio-de-janeiro\/","title":{"rendered":"Lampara Rio De Janeiro"},"content":{"rendered":"<p>L\u00e1mpara de tres luces serie RIO DE JANEIRO, realizada en metal color CROMO y tulipas de cristal y metal. Dise\u00f1o moderno y muy original, resaltando adem\u00e1s de la estructura sus tulipas, d\u00f3nde el cristal transparente deja ver el entresijo de hilos met\u00e1licos con peque\u00f1as l\u00e1grimas de cristal de su interior, resultando una composici\u00f3n muy especial para decorar salones y dormitorios con un toque muy personal. Tiene una dimensi\u00f3n de 21x37x37 cent\u00edmetros y un peso neto 650 gramos. Posee tres porta l\u00e1mparas G9. Bombillas no incluidas. Puede completar la decoraci\u00f3n de su hogar con la l\u00e1mpara de cinco luces y el sobremesa. Disponibles tambi\u00e9n en color cuero<\/p>\n","protected":false},"excerpt":{"rendered":"<p>L\u00e1mpara de tres luces serie RIO DE JANEIRO, realizada en metal color CROMO y tulipas de cristal y metal. Dise\u00f1o moderno y muy original, resaltando adem\u00e1s de la estructura sus tulipas, d\u00f3nde el cristal transparente deja ver el entresijo de hilos met\u00e1licos con peque\u00f1as l\u00e1grimas de cristal de su interior, resultando una composici\u00f3n muy especial [&hellip;]<\/p>\n","protected":false},"featured_media":3837,"comment_status":"open","ping_status":"closed","template":"","meta":[],"product_brand":[],"product_cat":[63],"product_tag":[],"class_list":{"0":"post-3838","1":"product","2":"type-product","3":"status-publish","4":"has-post-thumbnail","6":"product_cat-iluminacion","8":"first","9":"instock","10":"taxable","11":"shipping-taxable","12":"purchasable","13":"product-type-simple"},"acf":[],"yoast_head":"<!-- This site is optimized with the Yoast SEO plugin v27.4 - https:\/\/yoast.com\/product\/yoast-seo-wordpress\/ -->\n<title>Lampara Rio De Janeiro -<\/title>\n<meta name=\"robots\" content=\"index, follow, max-snippet:-1, max-image-preview:large, max-video-preview:-1\" \/>\n<link rel=\"canonical\" href=\"https:\/\/gesmobles.cat\/es\/producto\/lampara-rio-de-janeiro\/\" \/>\n<meta property=\"og:locale\" content=\"es_ES\" \/>\n<meta property=\"og:type\" content=\"article\" \/>\n<meta property=\"og:title\" content=\"Lampara Rio De Janeiro -\" \/>\n<meta property=\"og:description\" content=\"L\u00e1mpara de tres luces serie RIO DE JANEIRO, realizada en metal color CROMO y tulipas de cristal y metal. Dise\u00f1o moderno y muy original, resaltando adem\u00e1s de la estructura sus tulipas, d\u00f3nde el cristal transparente deja ver el entresijo de hilos met\u00e1licos con peque\u00f1as l\u00e1grimas de cristal de su interior, resultando una composici\u00f3n muy especial [&hellip;]\" \/>\n<meta property=\"og:url\" content=\"https:\/\/gesmobles.cat\/es\/producto\/lampara-rio-de-janeiro\/\" \/>\n<meta property=\"article:modified_time\" content=\"2025-08-29T19:46:02+00:00\" \/>\n<meta property=\"og:image\" content=\"https:\/\/gesmobles.cat\/wp-content\/uploads\/2025\/05\/lampara-rio-de-janeiro-3xg9-cromo-20x40x40.webp\" \/>\n\t<meta property=\"og:image:width\" content=\"1000\" \/>\n\t<meta property=\"og:image:height\" content=\"1000\" \/>\n\t<meta property=\"og:image:type\" content=\"image\/webp\" \/>\n<meta name=\"twitter:card\" content=\"summary_large_image\" \/>\n<meta name=\"twitter:label1\" content=\"Tiempo de lectura\" \/>\n\t<meta name=\"twitter:data1\" content=\"1 minuto\" \/>\n<!-- \/ Yoast SEO plugin. -->","yoast_head_json":{"title":"Lampara Rio De Janeiro -","robots":{"index":"index","follow":"follow","max-snippet":"max-snippet:-1","max-image-preview":"max-image-preview:large","max-video-preview":"max-video-preview:-1"},"canonical":"https:\/\/gesmobles.cat\/es\/producto\/lampara-rio-de-janeiro\/","og_locale":"es_ES","og_type":"article","og_title":"Lampara Rio De Janeiro -","og_description":"L\u00e1mpara de tres luces serie RIO DE JANEIRO, realizada en metal color CROMO y tulipas de cristal y metal. Dise\u00f1o moderno y muy original, resaltando adem\u00e1s de la estructura sus tulipas, d\u00f3nde el cristal transparente deja ver el entresijo de hilos met\u00e1licos con peque\u00f1as l\u00e1grimas de cristal de su interior, resultando una composici\u00f3n muy especial [&hellip;]","og_url":"https:\/\/gesmobles.cat\/es\/producto\/lampara-rio-de-janeiro\/","article_modified_time":"2025-08-29T19:46:02+00:00","og_image":[{"width":1000,"height":1000,"url":"https:\/\/gesmobles.cat\/wp-content\/uploads\/2025\/05\/lampara-rio-de-janeiro-3xg9-cromo-20x40x40.webp","type":"image\/webp"}],"twitter_card":"summary_large_image","twitter_misc":{"Tiempo de lectura":"1 minuto"},"schema":{"@context":"https:\/\/schema.org","@graph":[]}},"_links":{"self":[{"href":"https:\/\/gesmobles.cat\/es\/wp-json\/wp\/v2\/product\/3838","targetHints":{"allow":["GET"]}}],"collection":[{"href":"https:\/\/gesmobles.cat\/es\/wp-json\/wp\/v2\/product"}],"about":[{"href":"https:\/\/gesmobles.cat\/es\/wp-json\/wp\/v2\/types\/product"}],"replies":[{"embeddable":true,"href":"https:\/\/gesmobles.cat\/es\/wp-json\/wp\/v2\/comments?post=3838"}],"wp:featuredmedia":[{"embeddable":true,"href":"https:\/\/gesmobles.cat\/es\/wp-json\/wp\/v2\/media\/3837"}],"wp:attachment":[{"href":"https:\/\/gesmobles.cat\/es\/wp-json\/wp\/v2\/media?parent=3838"}],"wp:term":[{"taxonomy":"product_brand","embeddable":true,"href":"https:\/\/gesmobles.cat\/es\/wp-json\/wp\/v2\/product_brand?post=3838"},{"taxonomy":"product_cat","embeddable":true,"href":"https:\/\/gesmobles.cat\/es\/wp-json\/wp\/v2\/product_cat?post=3838"},{"taxonomy":"product_tag","embeddable":true,"href":"https:\/\/gesmobles.cat\/es\/wp-json\/wp\/v2\/product_tag?post=3838"}],"curies":[{"name":"wp","href":"https:\/\/api.w.org\/{rel}","templated":true}]}}