{"id":3841,"date":"2025-05-08T19:02:44","date_gmt":"2025-05-08T17:02:44","guid":{"rendered":"https:\/\/gesmobles.cat\/?post_type=product&#038;p=3841"},"modified":"2025-07-24T20:03:22","modified_gmt":"2025-07-24T18:03:22","slug":"colchon-de-muelles-ensacados-chantal","status":"publish","type":"product","link":"https:\/\/gesmobles.cat\/es\/producto\/colchon-de-muelles-ensacados-chantal\/","title":{"rendered":"Colch\u00f3n de muelles ensacados CHANTAL"},"content":{"rendered":"<p>Colch\u00f3n CHANTAL con muelles ensacados, topper antibacteriano y m\u00faltiples capas de confort. Alta adaptabilidad, frescura y durabilidad para un descanso excepcional.<\/p>\n","protected":false},"excerpt":{"rendered":"<p>Colch\u00f3n CHANTAL con muelles ensacados, topper antibacteriano y m\u00faltiples capas de confort. Alta adaptabilidad, frescura y durabilidad para un descanso excepcional.<\/p>\n","protected":false},"featured_media":3842,"comment_status":"open","ping_status":"closed","template":"","meta":[],"product_brand":[],"product_cat":[61,75],"product_tag":[399,400,402,509,510,511,512,513,514,515],"class_list":{"0":"post-3841","1":"product","2":"type-product","3":"status-publish","4":"has-post-thumbnail","6":"product_cat-descanso","7":"product_cat-muelles-ensacados","8":"product_tag-colchon-viscoelastico","9":"product_tag-colchon-muelles-ensacados","10":"product_tag-colchon-transpirable","11":"product_tag-topper-antibacteriano","12":"product_tag-descanso-premium","13":"product_tag-fibra-fibermax","14":"product_tag-espuma-hd","15":"product_tag-confortech","16":"product_tag-colchon-firme-y-adaptable","17":"product_tag-colchon-duradero","19":"first","20":"instock","21":"taxable","22":"shipping-taxable","23":"purchasable","24":"product-type-variable"},"acf":[],"yoast_head":"<!-- This site is optimized with the Yoast SEO plugin v27.4 - https:\/\/yoast.com\/product\/yoast-seo-wordpress\/ -->\n<title>Colch\u00f3n de muelles ensacados CHANTAL -<\/title>\n<meta name=\"description\" content=\"Descubre el colch\u00f3n CHANTAL: muelles ensacados, topper regulador de presi\u00f3n y capas de espuma HD para un descanso c\u00f3modo, fresco y duradero\" \/>\n<meta name=\"robots\" content=\"index, follow, max-snippet:-1, max-image-preview:large, max-video-preview:-1\" \/>\n<link rel=\"canonical\" href=\"https:\/\/gesmobles.cat\/es\/producto\/colchon-de-muelles-ensacados-chantal\/\" \/>\n<meta property=\"og:locale\" content=\"es_ES\" \/>\n<meta property=\"og:type\" content=\"article\" \/>\n<meta property=\"og:title\" content=\"Colch\u00f3n de muelles ensacados CHANTAL -\" \/>\n<meta property=\"og:description\" content=\"Descubre el colch\u00f3n CHANTAL: muelles ensacados, topper regulador de presi\u00f3n y capas de espuma HD para un descanso c\u00f3modo, fresco y duradero\" \/>\n<meta property=\"og:url\" content=\"https:\/\/gesmobles.cat\/es\/producto\/colchon-de-muelles-ensacados-chantal\/\" \/>\n<meta property=\"article:modified_time\" content=\"2025-07-24T18:03:22+00:00\" \/>\n<meta property=\"og:image\" content=\"https:\/\/gesmobles.cat\/wp-content\/uploads\/2025\/05\/chantal-01-alta-scaled.jpg\" \/>\n\t<meta property=\"og:image:width\" content=\"2560\" \/>\n\t<meta property=\"og:image:height\" content=\"1708\" \/>\n\t<meta property=\"og:image:type\" content=\"image\/jpeg\" \/>\n<meta name=\"twitter:card\" content=\"summary_large_image\" \/>\n<meta name=\"twitter:label1\" content=\"Tiempo de lectura\" \/>\n\t<meta name=\"twitter:data1\" content=\"1 minuto\" \/>\n<!-- \/ Yoast SEO plugin. -->","yoast_head_json":{"title":"Colch\u00f3n de muelles ensacados CHANTAL -","description":"Descubre el colch\u00f3n CHANTAL: muelles ensacados, topper regulador de presi\u00f3n y capas de espuma HD para un descanso c\u00f3modo, fresco y duradero","robots":{"index":"index","follow":"follow","max-snippet":"max-snippet:-1","max-image-preview":"max-image-preview:large","max-video-preview":"max-video-preview:-1"},"canonical":"https:\/\/gesmobles.cat\/es\/producto\/colchon-de-muelles-ensacados-chantal\/","og_locale":"es_ES","og_type":"article","og_title":"Colch\u00f3n de muelles ensacados CHANTAL -","og_description":"Descubre el colch\u00f3n CHANTAL: muelles ensacados, topper regulador de presi\u00f3n y capas de espuma HD para un descanso c\u00f3modo, fresco y duradero","og_url":"https:\/\/gesmobles.cat\/es\/producto\/colchon-de-muelles-ensacados-chantal\/","article_modified_time":"2025-07-24T18:03:22+00:00","og_image":[{"width":2560,"height":1708,"url":"https:\/\/gesmobles.cat\/wp-content\/uploads\/2025\/05\/chantal-01-alta-scaled.jpg","type":"image\/jpeg"}],"twitter_card":"summary_large_image","twitter_misc":{"Tiempo de lectura":"1 minuto"},"schema":{"@context":"https:\/\/schema.org","@graph":[]}},"_links":{"self":[{"href":"https:\/\/gesmobles.cat\/es\/wp-json\/wp\/v2\/product\/3841","targetHints":{"allow":["GET"]}}],"collection":[{"href":"https:\/\/gesmobles.cat\/es\/wp-json\/wp\/v2\/product"}],"about":[{"href":"https:\/\/gesmobles.cat\/es\/wp-json\/wp\/v2\/types\/product"}],"replies":[{"embeddable":true,"href":"https:\/\/gesmobles.cat\/es\/wp-json\/wp\/v2\/comments?post=3841"}],"wp:featuredmedia":[{"embeddable":true,"href":"https:\/\/gesmobles.cat\/es\/wp-json\/wp\/v2\/media\/3842"}],"wp:attachment":[{"href":"https:\/\/gesmobles.cat\/es\/wp-json\/wp\/v2\/media?parent=3841"}],"wp:term":[{"taxonomy":"product_brand","embeddable":true,"href":"https:\/\/gesmobles.cat\/es\/wp-json\/wp\/v2\/product_brand?post=3841"},{"taxonomy":"product_cat","embeddable":true,"href":"https:\/\/gesmobles.cat\/es\/wp-json\/wp\/v2\/product_cat?post=3841"},{"taxonomy":"product_tag","embeddable":true,"href":"https:\/\/gesmobles.cat\/es\/wp-json\/wp\/v2\/product_tag?post=3841"}],"curies":[{"name":"wp","href":"https:\/\/api.w.org\/{rel}","templated":true}]}}