{"id":3882,"date":"2025-05-09T18:11:58","date_gmt":"2025-05-09T16:11:58","guid":{"rendered":"https:\/\/gesmobles.cat\/?post_type=product&#038;p=3882"},"modified":"2025-08-29T21:44:07","modified_gmt":"2025-08-29T19:44:07","slug":"lampara-cabo","status":"publish","type":"product","link":"https:\/\/gesmobles.cat\/es\/producto\/lampara-cabo\/","title":{"rendered":"Lampara Cabo"},"content":{"rendered":"<p>L\u00e1mpara de tres luces de la serie CABO en color NEGRO realizado con cuerda de c\u00e1\u00f1amo y metal. Utiliza tres porta l\u00e1mparas E27.  Su medidas son regulables en altura, de 56<89x72x18 cent\u00edmetros. Su dise\u00f1o responde a un estilo R\u00fastico Vintage ideal para salones de casas de campo, aconsejable acompa\u00f1ar con bombilla led de filamento para preservar su est\u00e9tica y la calidez que aporta. Puede completar la serie con el colgante, aplique, sobremesa y pie de sal\u00f3n de la misma familia. \n<\/p>\n","protected":false},"excerpt":{"rendered":"<p>L\u00e1mpara de tres luces de la serie CABO en color NEGRO realizado con cuerda de c\u00e1\u00f1amo y metal. Utiliza tres porta l\u00e1mparas E27. Su medidas son regulables en altura, de 56<\/p>\n","protected":false},"featured_media":3883,"comment_status":"open","ping_status":"closed","template":"","meta":[],"product_brand":[],"product_cat":[63,86],"product_tag":[],"class_list":{"0":"post-3882","1":"product","2":"type-product","3":"status-publish","4":"has-post-thumbnail","6":"product_cat-iluminacion","7":"product_cat-lamparas-techo-y-pared","9":"first","10":"instock","11":"taxable","12":"shipping-taxable","13":"purchasable","14":"product-type-simple"},"acf":[],"yoast_head":"<!-- This site is optimized with the Yoast SEO plugin v27.4 - https:\/\/yoast.com\/product\/yoast-seo-wordpress\/ -->\n<title>Lampara Cabo -<\/title>\n<meta name=\"robots\" content=\"index, follow, max-snippet:-1, max-image-preview:large, max-video-preview:-1\" \/>\n<link rel=\"canonical\" href=\"https:\/\/gesmobles.cat\/es\/producto\/lampara-cabo\/\" \/>\n<meta property=\"og:locale\" content=\"es_ES\" \/>\n<meta property=\"og:type\" content=\"article\" \/>\n<meta property=\"og:title\" content=\"Lampara Cabo -\" \/>\n<meta property=\"og:description\" content=\"L\u00e1mpara de tres luces de la serie CABO en color NEGRO realizado con cuerda de c\u00e1\u00f1amo y metal. Utiliza tres porta l\u00e1mparas E27. Su medidas son regulables en altura, de 56\" \/>\n<meta property=\"og:url\" content=\"https:\/\/gesmobles.cat\/es\/producto\/lampara-cabo\/\" \/>\n<meta property=\"article:modified_time\" content=\"2025-08-29T19:44:07+00:00\" \/>\n<meta property=\"og:image\" content=\"https:\/\/gesmobles.cat\/wp-content\/uploads\/2025\/05\/lampara-cabo-3xe27-negro-cuerda-de-canamo.webp\" \/>\n\t<meta property=\"og:image:width\" content=\"1000\" \/>\n\t<meta property=\"og:image:height\" content=\"1000\" \/>\n\t<meta property=\"og:image:type\" content=\"image\/webp\" \/>\n<meta name=\"twitter:card\" content=\"summary_large_image\" \/>\n<meta name=\"twitter:label1\" content=\"Tiempo de lectura\" \/>\n\t<meta name=\"twitter:data1\" content=\"1 minuto\" \/>\n<!-- \/ Yoast SEO plugin. -->","yoast_head_json":{"title":"Lampara Cabo -","robots":{"index":"index","follow":"follow","max-snippet":"max-snippet:-1","max-image-preview":"max-image-preview:large","max-video-preview":"max-video-preview:-1"},"canonical":"https:\/\/gesmobles.cat\/es\/producto\/lampara-cabo\/","og_locale":"es_ES","og_type":"article","og_title":"Lampara Cabo -","og_description":"L\u00e1mpara de tres luces de la serie CABO en color NEGRO realizado con cuerda de c\u00e1\u00f1amo y metal. Utiliza tres porta l\u00e1mparas E27. Su medidas son regulables en altura, de 56","og_url":"https:\/\/gesmobles.cat\/es\/producto\/lampara-cabo\/","article_modified_time":"2025-08-29T19:44:07+00:00","og_image":[{"width":1000,"height":1000,"url":"https:\/\/gesmobles.cat\/wp-content\/uploads\/2025\/05\/lampara-cabo-3xe27-negro-cuerda-de-canamo.webp","type":"image\/webp"}],"twitter_card":"summary_large_image","twitter_misc":{"Tiempo de lectura":"1 minuto"},"schema":{"@context":"https:\/\/schema.org","@graph":[]}},"_links":{"self":[{"href":"https:\/\/gesmobles.cat\/es\/wp-json\/wp\/v2\/product\/3882","targetHints":{"allow":["GET"]}}],"collection":[{"href":"https:\/\/gesmobles.cat\/es\/wp-json\/wp\/v2\/product"}],"about":[{"href":"https:\/\/gesmobles.cat\/es\/wp-json\/wp\/v2\/types\/product"}],"replies":[{"embeddable":true,"href":"https:\/\/gesmobles.cat\/es\/wp-json\/wp\/v2\/comments?post=3882"}],"wp:featuredmedia":[{"embeddable":true,"href":"https:\/\/gesmobles.cat\/es\/wp-json\/wp\/v2\/media\/3883"}],"wp:attachment":[{"href":"https:\/\/gesmobles.cat\/es\/wp-json\/wp\/v2\/media?parent=3882"}],"wp:term":[{"taxonomy":"product_brand","embeddable":true,"href":"https:\/\/gesmobles.cat\/es\/wp-json\/wp\/v2\/product_brand?post=3882"},{"taxonomy":"product_cat","embeddable":true,"href":"https:\/\/gesmobles.cat\/es\/wp-json\/wp\/v2\/product_cat?post=3882"},{"taxonomy":"product_tag","embeddable":true,"href":"https:\/\/gesmobles.cat\/es\/wp-json\/wp\/v2\/product_tag?post=3882"}],"curies":[{"name":"wp","href":"https:\/\/api.w.org\/{rel}","templated":true}]}}