{"id":3886,"date":"2025-05-09T18:21:52","date_gmt":"2025-05-09T16:21:52","guid":{"rendered":"https:\/\/gesmobles.cat\/?post_type=product&#038;p=3886"},"modified":"2025-08-29T21:43:15","modified_gmt":"2025-08-29T19:43:15","slug":"lampara-de-techo-lampara-colgante-estilo-natural-boho-chic-iluminacion-tropical-3-luces-e27-fibra-beige-pantalla-con-hojas-verdes-lampara-comedor-lampara-cocina-decoracion-fresca-gesmobles","status":"publish","type":"product","link":"https:\/\/gesmobles.cat\/es\/producto\/lampara-de-techo-lampara-colgante-estilo-natural-boho-chic-iluminacion-tropical-3-luces-e27-fibra-beige-pantalla-con-hojas-verdes-lampara-comedor-lampara-cocina-decoracion-fresca-gesmobles\/","title":{"rendered":"Plafon Constantinopla"},"content":{"rendered":"<p>Plaf\u00f3n con tres luces colgantes de la serie CONSTANTINOPLA de color BEIS\/VERDE con sus pantallas ribeteadas con cinta y pendel en NEGRO. Realizado en material textil y metal. Posee tres portal\u00e1mparas E27, bombillas no incluidas. Tiene unas dimensiones, regulables en altura, de 23<100x35x35 cent\u00edmetros, pudiendo ajustar todas sus pantallas a distintas alturas para crear una composici\u00f3n muy original y decorativa. Pantallas modernas de dise\u00f1o exclusivo, tanto por su forma, como por la combinaci\u00f3n de colores y texturas de sus tejidos, mezclando tejido estampado con rafia natural para decorar cualquier rinc\u00f3n o estancia, poniendo siempre un toque de color y sofisticaci\u00f3n. Disponible en esta serie los colgantes de 30, 40 y 50 cent\u00edmetros de di\u00e1metro, regleta y plaf\u00f3n con tres colgantes, dos tama\u00f1os de sobremesas y el pie de sal\u00f3n, todos con la combinaci\u00f3n en beis\/verde o beis\/roja, para elegir la que mejor le vaya a su decoraci\u00f3n.\n<\/p>\n","protected":false},"excerpt":{"rendered":"<p>Plaf\u00f3n con tres luces colgantes de la serie CONSTANTINOPLA de color BEIS\/VERDE con sus pantallas ribeteadas con cinta y pendel en NEGRO. Realizado en material textil y metal. Posee tres portal\u00e1mparas E27, bombillas no incluidas. Tiene unas dimensiones, regulables en altura, de 23<\/p>\n","protected":false},"featured_media":3887,"comment_status":"open","ping_status":"closed","template":"","meta":[],"product_brand":[],"product_cat":[63,86],"product_tag":[],"class_list":{"0":"post-3886","1":"product","2":"type-product","3":"status-publish","4":"has-post-thumbnail","6":"product_cat-iluminacion","7":"product_cat-lamparas-techo-y-pared","9":"first","10":"instock","11":"taxable","12":"shipping-taxable","13":"purchasable","14":"product-type-simple"},"acf":[],"yoast_head":"<!-- This site is optimized with the Yoast SEO plugin v27.4 - https:\/\/yoast.com\/product\/yoast-seo-wordpress\/ -->\n<title>Plafon Constantinopla -<\/title>\n<meta name=\"description\" content=\"L\u00e1mpara de techo natural de 3 luces con pantallas de fibra beige y detalles tropicales. Estilo boho chic ideal para comedor, sal\u00f3n o cocina. Compatible con bombillas E27.\" \/>\n<meta name=\"robots\" content=\"index, follow, max-snippet:-1, max-image-preview:large, max-video-preview:-1\" \/>\n<link rel=\"canonical\" href=\"https:\/\/gesmobles.cat\/es\/producto\/lampara-de-techo-lampara-colgante-estilo-natural-boho-chic-iluminacion-tropical-3-luces-e27-fibra-beige-pantalla-con-hojas-verdes-lampara-comedor-lampara-cocina-decoracion-fresca-gesmobles\/\" \/>\n<meta property=\"og:locale\" content=\"es_ES\" \/>\n<meta property=\"og:type\" content=\"article\" \/>\n<meta property=\"og:title\" content=\"Plafon Constantinopla -\" \/>\n<meta property=\"og:description\" content=\"L\u00e1mpara de techo natural de 3 luces con pantallas de fibra beige y detalles tropicales. Estilo boho chic ideal para comedor, sal\u00f3n o cocina. Compatible con bombillas E27.\" \/>\n<meta property=\"og:url\" content=\"https:\/\/gesmobles.cat\/es\/producto\/lampara-de-techo-lampara-colgante-estilo-natural-boho-chic-iluminacion-tropical-3-luces-e27-fibra-beige-pantalla-con-hojas-verdes-lampara-comedor-lampara-cocina-decoracion-fresca-gesmobles\/\" \/>\n<meta property=\"article:modified_time\" content=\"2025-08-29T19:43:15+00:00\" \/>\n<meta property=\"og:image\" content=\"https:\/\/gesmobles.cat\/wp-content\/uploads\/2025\/05\/plafon-constantinopla-3xe27-beis-verde.webp\" \/>\n\t<meta property=\"og:image:width\" content=\"1000\" \/>\n\t<meta property=\"og:image:height\" content=\"1000\" \/>\n\t<meta property=\"og:image:type\" content=\"image\/webp\" \/>\n<meta name=\"twitter:card\" content=\"summary_large_image\" \/>\n<meta name=\"twitter:label1\" content=\"Tiempo de lectura\" \/>\n\t<meta name=\"twitter:data1\" content=\"1 minuto\" \/>\n<!-- \/ Yoast SEO plugin. -->","yoast_head_json":{"title":"Plafon Constantinopla -","description":"L\u00e1mpara de techo natural de 3 luces con pantallas de fibra beige y detalles tropicales. Estilo boho chic ideal para comedor, sal\u00f3n o cocina. Compatible con bombillas E27.","robots":{"index":"index","follow":"follow","max-snippet":"max-snippet:-1","max-image-preview":"max-image-preview:large","max-video-preview":"max-video-preview:-1"},"canonical":"https:\/\/gesmobles.cat\/es\/producto\/lampara-de-techo-lampara-colgante-estilo-natural-boho-chic-iluminacion-tropical-3-luces-e27-fibra-beige-pantalla-con-hojas-verdes-lampara-comedor-lampara-cocina-decoracion-fresca-gesmobles\/","og_locale":"es_ES","og_type":"article","og_title":"Plafon Constantinopla -","og_description":"L\u00e1mpara de techo natural de 3 luces con pantallas de fibra beige y detalles tropicales. Estilo boho chic ideal para comedor, sal\u00f3n o cocina. Compatible con bombillas E27.","og_url":"https:\/\/gesmobles.cat\/es\/producto\/lampara-de-techo-lampara-colgante-estilo-natural-boho-chic-iluminacion-tropical-3-luces-e27-fibra-beige-pantalla-con-hojas-verdes-lampara-comedor-lampara-cocina-decoracion-fresca-gesmobles\/","article_modified_time":"2025-08-29T19:43:15+00:00","og_image":[{"width":1000,"height":1000,"url":"https:\/\/gesmobles.cat\/wp-content\/uploads\/2025\/05\/plafon-constantinopla-3xe27-beis-verde.webp","type":"image\/webp"}],"twitter_card":"summary_large_image","twitter_misc":{"Tiempo de lectura":"1 minuto"},"schema":{"@context":"https:\/\/schema.org","@graph":[]}},"_links":{"self":[{"href":"https:\/\/gesmobles.cat\/es\/wp-json\/wp\/v2\/product\/3886","targetHints":{"allow":["GET"]}}],"collection":[{"href":"https:\/\/gesmobles.cat\/es\/wp-json\/wp\/v2\/product"}],"about":[{"href":"https:\/\/gesmobles.cat\/es\/wp-json\/wp\/v2\/types\/product"}],"replies":[{"embeddable":true,"href":"https:\/\/gesmobles.cat\/es\/wp-json\/wp\/v2\/comments?post=3886"}],"wp:featuredmedia":[{"embeddable":true,"href":"https:\/\/gesmobles.cat\/es\/wp-json\/wp\/v2\/media\/3887"}],"wp:attachment":[{"href":"https:\/\/gesmobles.cat\/es\/wp-json\/wp\/v2\/media?parent=3886"}],"wp:term":[{"taxonomy":"product_brand","embeddable":true,"href":"https:\/\/gesmobles.cat\/es\/wp-json\/wp\/v2\/product_brand?post=3886"},{"taxonomy":"product_cat","embeddable":true,"href":"https:\/\/gesmobles.cat\/es\/wp-json\/wp\/v2\/product_cat?post=3886"},{"taxonomy":"product_tag","embeddable":true,"href":"https:\/\/gesmobles.cat\/es\/wp-json\/wp\/v2\/product_tag?post=3886"}],"curies":[{"name":"wp","href":"https:\/\/api.w.org\/{rel}","templated":true}]}}