{"id":3891,"date":"2025-05-09T18:52:08","date_gmt":"2025-05-09T16:52:08","guid":{"rendered":"https:\/\/gesmobles.cat\/?post_type=product&#038;p=3891"},"modified":"2025-08-29T21:42:21","modified_gmt":"2025-08-29T19:42:21","slug":"lampara-de-techo-lampara-colgante-lampara-moderna-iluminacion-comedor-pantallas-textiles-4-luces-e14-lampara-cromada-estilo-contemporaneo-gris-y-blanco-lampara-cocina-diseno-lineal-gesmoble","status":"publish","type":"product","link":"https:\/\/gesmobles.cat\/es\/producto\/lampara-de-techo-lampara-colgante-lampara-moderna-iluminacion-comedor-pantallas-textiles-4-luces-e14-lampara-cromada-estilo-contemporaneo-gris-y-blanco-lampara-cocina-diseno-lineal-gesmoble\/","title":{"rendered":"Lampara Kenya"},"content":{"rendered":"<p>L\u00e1mpara de cuatro luces de la serie KENYA en color GRIS\/BLANCO. Posee cuatro porta l\u00e1mparas E14. Bombillas no incluidas. Tiene unas dimensiones, regulables en altura, de 56<85x77x14 cent\u00edmetros. Puede combinarlo con el colgante de 40 cm, colgante de 50 cm, l\u00e1mpara de dos y tres luces, el sobremesa y el pie de sal\u00f3n, tanto en la combinaci\u00f3n gris\/blanco como en blanco\/gris.\n<\/p>\n","protected":false},"excerpt":{"rendered":"<p>L\u00e1mpara de cuatro luces de la serie KENYA en color GRIS\/BLANCO. Posee cuatro porta l\u00e1mparas E14. Bombillas no incluidas. Tiene unas dimensiones, regulables en altura, de 56<\/p>\n","protected":false},"featured_media":3892,"comment_status":"open","ping_status":"closed","template":"","meta":[],"product_brand":[],"product_cat":[63,86],"product_tag":[],"class_list":{"0":"post-3891","1":"product","2":"type-product","3":"status-publish","4":"has-post-thumbnail","6":"product_cat-iluminacion","7":"product_cat-lamparas-techo-y-pared","9":"first","10":"instock","11":"taxable","12":"shipping-taxable","13":"purchasable","14":"product-type-simple"},"acf":[],"yoast_head":"<!-- This site is optimized with the Yoast SEO plugin v27.4 - https:\/\/yoast.com\/product\/yoast-seo-wordpress\/ -->\n<title>Lampara Kenya -<\/title>\n<meta name=\"description\" content=\"L\u00e1mpara colgante moderna con 4 luces E14, estructura cromada y pantallas textiles grises. Ideal para comedores, cocinas o salones. Estilo elegante y contempor\u00e1neo.\" \/>\n<meta name=\"robots\" content=\"index, follow, max-snippet:-1, max-image-preview:large, max-video-preview:-1\" \/>\n<link rel=\"canonical\" href=\"https:\/\/gesmobles.cat\/es\/producto\/lampara-de-techo-lampara-colgante-lampara-moderna-iluminacion-comedor-pantallas-textiles-4-luces-e14-lampara-cromada-estilo-contemporaneo-gris-y-blanco-lampara-cocina-diseno-lineal-gesmoble\/\" \/>\n<meta property=\"og:locale\" content=\"es_ES\" \/>\n<meta property=\"og:type\" content=\"article\" \/>\n<meta property=\"og:title\" content=\"Lampara Kenya -\" \/>\n<meta property=\"og:description\" content=\"L\u00e1mpara colgante moderna con 4 luces E14, estructura cromada y pantallas textiles grises. Ideal para comedores, cocinas o salones. Estilo elegante y contempor\u00e1neo.\" \/>\n<meta property=\"og:url\" content=\"https:\/\/gesmobles.cat\/es\/producto\/lampara-de-techo-lampara-colgante-lampara-moderna-iluminacion-comedor-pantallas-textiles-4-luces-e14-lampara-cromada-estilo-contemporaneo-gris-y-blanco-lampara-cocina-diseno-lineal-gesmoble\/\" \/>\n<meta property=\"article:modified_time\" content=\"2025-08-29T19:42:21+00:00\" \/>\n<meta property=\"og:image\" content=\"https:\/\/gesmobles.cat\/wp-content\/uploads\/2025\/05\/lampara-kenya-4xe14-gris-blanca.webp\" \/>\n\t<meta property=\"og:image:width\" content=\"1000\" \/>\n\t<meta property=\"og:image:height\" content=\"1000\" \/>\n\t<meta property=\"og:image:type\" content=\"image\/webp\" \/>\n<meta name=\"twitter:card\" content=\"summary_large_image\" \/>\n<meta name=\"twitter:label1\" content=\"Tiempo de lectura\" \/>\n\t<meta name=\"twitter:data1\" content=\"1 minuto\" \/>\n<!-- \/ Yoast SEO plugin. -->","yoast_head_json":{"title":"Lampara Kenya -","description":"L\u00e1mpara colgante moderna con 4 luces E14, estructura cromada y pantallas textiles grises. Ideal para comedores, cocinas o salones. Estilo elegante y contempor\u00e1neo.","robots":{"index":"index","follow":"follow","max-snippet":"max-snippet:-1","max-image-preview":"max-image-preview:large","max-video-preview":"max-video-preview:-1"},"canonical":"https:\/\/gesmobles.cat\/es\/producto\/lampara-de-techo-lampara-colgante-lampara-moderna-iluminacion-comedor-pantallas-textiles-4-luces-e14-lampara-cromada-estilo-contemporaneo-gris-y-blanco-lampara-cocina-diseno-lineal-gesmoble\/","og_locale":"es_ES","og_type":"article","og_title":"Lampara Kenya -","og_description":"L\u00e1mpara colgante moderna con 4 luces E14, estructura cromada y pantallas textiles grises. Ideal para comedores, cocinas o salones. Estilo elegante y contempor\u00e1neo.","og_url":"https:\/\/gesmobles.cat\/es\/producto\/lampara-de-techo-lampara-colgante-lampara-moderna-iluminacion-comedor-pantallas-textiles-4-luces-e14-lampara-cromada-estilo-contemporaneo-gris-y-blanco-lampara-cocina-diseno-lineal-gesmoble\/","article_modified_time":"2025-08-29T19:42:21+00:00","og_image":[{"width":1000,"height":1000,"url":"https:\/\/gesmobles.cat\/wp-content\/uploads\/2025\/05\/lampara-kenya-4xe14-gris-blanca.webp","type":"image\/webp"}],"twitter_card":"summary_large_image","twitter_misc":{"Tiempo de lectura":"1 minuto"},"schema":{"@context":"https:\/\/schema.org","@graph":[]}},"_links":{"self":[{"href":"https:\/\/gesmobles.cat\/es\/wp-json\/wp\/v2\/product\/3891","targetHints":{"allow":["GET"]}}],"collection":[{"href":"https:\/\/gesmobles.cat\/es\/wp-json\/wp\/v2\/product"}],"about":[{"href":"https:\/\/gesmobles.cat\/es\/wp-json\/wp\/v2\/types\/product"}],"replies":[{"embeddable":true,"href":"https:\/\/gesmobles.cat\/es\/wp-json\/wp\/v2\/comments?post=3891"}],"wp:featuredmedia":[{"embeddable":true,"href":"https:\/\/gesmobles.cat\/es\/wp-json\/wp\/v2\/media\/3892"}],"wp:attachment":[{"href":"https:\/\/gesmobles.cat\/es\/wp-json\/wp\/v2\/media?parent=3891"}],"wp:term":[{"taxonomy":"product_brand","embeddable":true,"href":"https:\/\/gesmobles.cat\/es\/wp-json\/wp\/v2\/product_brand?post=3891"},{"taxonomy":"product_cat","embeddable":true,"href":"https:\/\/gesmobles.cat\/es\/wp-json\/wp\/v2\/product_cat?post=3891"},{"taxonomy":"product_tag","embeddable":true,"href":"https:\/\/gesmobles.cat\/es\/wp-json\/wp\/v2\/product_tag?post=3891"}],"curies":[{"name":"wp","href":"https:\/\/api.w.org\/{rel}","templated":true}]}}