{"id":3895,"date":"2025-05-09T19:11:25","date_gmt":"2025-05-09T17:11:25","guid":{"rendered":"https:\/\/gesmobles.cat\/?post_type=product&#038;p=3895"},"modified":"2025-08-29T21:41:31","modified_gmt":"2025-08-29T19:41:31","slug":"lampara-de-techo-lampara-colgante-2-luces-e27-pantalla-negra-estructura-cromada-iluminacion-moderna-lampara-comedor-estilo-elegante-diseno-lineal-gesmobles-cat","status":"publish","type":"product","link":"https:\/\/gesmobles.cat\/es\/producto\/lampara-de-techo-lampara-colgante-2-luces-e27-pantalla-negra-estructura-cromada-iluminacion-moderna-lampara-comedor-estilo-elegante-diseno-lineal-gesmobles-cat\/","title":{"rendered":"Lampara Serie Menorca"},"content":{"rendered":"<p>L\u00e1mpara de tres luces serie MENORCA en color CROMO\/NEGRO. Esta elegante l\u00e1mpara combina el material textil y metal. Las pantallas destacan por su acabado en tejido transparente que aporta sencillez y elegancia. Sus dimensiones son, regulables en altura y 86&#215;25 cent\u00edmetros. Utiliza tres portal\u00e1mparas E27. Bombillas no incluidas.<\/p>\n","protected":false},"excerpt":{"rendered":"<p>L\u00e1mpara de tres luces serie MENORCA en color CROMO\/NEGRO. Esta elegante l\u00e1mpara combina el material textil y metal. Las pantallas destacan por su acabado en tejido transparente que aporta sencillez y elegancia. Sus dimensiones son, regulables en altura y 86&#215;25 cent\u00edmetros. Utiliza tres portal\u00e1mparas E27. Bombillas no incluidas.<\/p>\n","protected":false},"featured_media":3896,"comment_status":"open","ping_status":"closed","template":"","meta":[],"product_brand":[],"product_cat":[63,86],"product_tag":[],"class_list":{"0":"post-3895","1":"product","2":"type-product","3":"status-publish","4":"has-post-thumbnail","6":"product_cat-iluminacion","7":"product_cat-lamparas-techo-y-pared","9":"first","10":"instock","11":"taxable","12":"shipping-taxable","13":"purchasable","14":"product-type-simple"},"acf":[],"yoast_head":"<!-- This site is optimized with the Yoast SEO plugin v27.4 - https:\/\/yoast.com\/product\/yoast-seo-wordpress\/ -->\n<title>Lampara Serie Menorca -<\/title>\n<meta name=\"description\" content=\"L\u00e1mpara colgante de 2 luces E27 con pantallas negras y estructura cromada. Dise\u00f1o moderno y elegante para comedor, cocina o sal\u00f3n. Estilo contempor\u00e1neo.\" \/>\n<meta name=\"robots\" content=\"index, follow, max-snippet:-1, max-image-preview:large, max-video-preview:-1\" \/>\n<link rel=\"canonical\" href=\"https:\/\/gesmobles.cat\/es\/producto\/lampara-de-techo-lampara-colgante-2-luces-e27-pantalla-negra-estructura-cromada-iluminacion-moderna-lampara-comedor-estilo-elegante-diseno-lineal-gesmobles-cat\/\" \/>\n<meta property=\"og:locale\" content=\"es_ES\" \/>\n<meta property=\"og:type\" content=\"article\" \/>\n<meta property=\"og:title\" content=\"Lampara Serie Menorca -\" \/>\n<meta property=\"og:description\" content=\"L\u00e1mpara colgante de 2 luces E27 con pantallas negras y estructura cromada. Dise\u00f1o moderno y elegante para comedor, cocina o sal\u00f3n. Estilo contempor\u00e1neo.\" \/>\n<meta property=\"og:url\" content=\"https:\/\/gesmobles.cat\/es\/producto\/lampara-de-techo-lampara-colgante-2-luces-e27-pantalla-negra-estructura-cromada-iluminacion-moderna-lampara-comedor-estilo-elegante-diseno-lineal-gesmobles-cat\/\" \/>\n<meta property=\"article:modified_time\" content=\"2025-08-29T19:41:31+00:00\" \/>\n<meta property=\"og:image\" content=\"https:\/\/gesmobles.cat\/wp-content\/uploads\/2025\/05\/lampara-serie-menorca-2xe27-negra-regx86.webp\" \/>\n\t<meta property=\"og:image:width\" content=\"1000\" \/>\n\t<meta property=\"og:image:height\" content=\"1000\" \/>\n\t<meta property=\"og:image:type\" content=\"image\/webp\" \/>\n<meta name=\"twitter:card\" content=\"summary_large_image\" \/>\n<meta name=\"twitter:label1\" content=\"Tiempo de lectura\" \/>\n\t<meta name=\"twitter:data1\" content=\"1 minuto\" \/>\n<!-- \/ Yoast SEO plugin. -->","yoast_head_json":{"title":"Lampara Serie Menorca -","description":"L\u00e1mpara colgante de 2 luces E27 con pantallas negras y estructura cromada. Dise\u00f1o moderno y elegante para comedor, cocina o sal\u00f3n. Estilo contempor\u00e1neo.","robots":{"index":"index","follow":"follow","max-snippet":"max-snippet:-1","max-image-preview":"max-image-preview:large","max-video-preview":"max-video-preview:-1"},"canonical":"https:\/\/gesmobles.cat\/es\/producto\/lampara-de-techo-lampara-colgante-2-luces-e27-pantalla-negra-estructura-cromada-iluminacion-moderna-lampara-comedor-estilo-elegante-diseno-lineal-gesmobles-cat\/","og_locale":"es_ES","og_type":"article","og_title":"Lampara Serie Menorca -","og_description":"L\u00e1mpara colgante de 2 luces E27 con pantallas negras y estructura cromada. Dise\u00f1o moderno y elegante para comedor, cocina o sal\u00f3n. Estilo contempor\u00e1neo.","og_url":"https:\/\/gesmobles.cat\/es\/producto\/lampara-de-techo-lampara-colgante-2-luces-e27-pantalla-negra-estructura-cromada-iluminacion-moderna-lampara-comedor-estilo-elegante-diseno-lineal-gesmobles-cat\/","article_modified_time":"2025-08-29T19:41:31+00:00","og_image":[{"width":1000,"height":1000,"url":"https:\/\/gesmobles.cat\/wp-content\/uploads\/2025\/05\/lampara-serie-menorca-2xe27-negra-regx86.webp","type":"image\/webp"}],"twitter_card":"summary_large_image","twitter_misc":{"Tiempo de lectura":"1 minuto"},"schema":{"@context":"https:\/\/schema.org","@graph":[]}},"_links":{"self":[{"href":"https:\/\/gesmobles.cat\/es\/wp-json\/wp\/v2\/product\/3895","targetHints":{"allow":["GET"]}}],"collection":[{"href":"https:\/\/gesmobles.cat\/es\/wp-json\/wp\/v2\/product"}],"about":[{"href":"https:\/\/gesmobles.cat\/es\/wp-json\/wp\/v2\/types\/product"}],"replies":[{"embeddable":true,"href":"https:\/\/gesmobles.cat\/es\/wp-json\/wp\/v2\/comments?post=3895"}],"wp:featuredmedia":[{"embeddable":true,"href":"https:\/\/gesmobles.cat\/es\/wp-json\/wp\/v2\/media\/3896"}],"wp:attachment":[{"href":"https:\/\/gesmobles.cat\/es\/wp-json\/wp\/v2\/media?parent=3895"}],"wp:term":[{"taxonomy":"product_brand","embeddable":true,"href":"https:\/\/gesmobles.cat\/es\/wp-json\/wp\/v2\/product_brand?post=3895"},{"taxonomy":"product_cat","embeddable":true,"href":"https:\/\/gesmobles.cat\/es\/wp-json\/wp\/v2\/product_cat?post=3895"},{"taxonomy":"product_tag","embeddable":true,"href":"https:\/\/gesmobles.cat\/es\/wp-json\/wp\/v2\/product_tag?post=3895"}],"curies":[{"name":"wp","href":"https:\/\/api.w.org\/{rel}","templated":true}]}}