{"id":3900,"date":"2025-05-09T19:25:25","date_gmt":"2025-05-09T17:25:25","guid":{"rendered":"https:\/\/gesmobles.cat\/?post_type=product&#038;p=3900"},"modified":"2025-08-29T21:40:46","modified_gmt":"2025-08-29T19:40:46","slug":"lampara-de-techo-lampara-colgante-lampara-3-luces-e27-estilo-natural-rejilla-decorativa-pantalla-negra-boho-chic-lampara-salon-lampara-comedor-gesmobles-cat","status":"publish","type":"product","link":"https:\/\/gesmobles.cat\/es\/producto\/lampara-de-techo-lampara-colgante-lampara-3-luces-e27-estilo-natural-rejilla-decorativa-pantalla-negra-boho-chic-lampara-salon-lampara-comedor-gesmobles-cat\/","title":{"rendered":"Plafon Kandy"},"content":{"rendered":"<p>Plaf\u00f3n de tres colgantes de la serie KANDY de color NATURAL\/NEGRO. Posee tres portal\u00e1mparas E27. Bombillas no incluidas. Pantallas formadas por dos cuerpos en textil y armaz\u00f3n met\u00e1lico. De estilo moderno y dise\u00f1o elegante, ideal para decorar e iluminar en dormitorios, salones y recibidores, aportando calidez a la estancia que ilumina. Sus dimensiones, regulables en altura, son de 45<108x39x39 cent\u00edmetros. En esta serie podemos encontrar los colgantes de 60, 50, 40 y 30 cent\u00edmetros de di\u00e1metros, dos tama\u00f1os diferentes de sobremesas, los apliques, regleta de tres colgantes y el plaf\u00f3n de tres colgantes, todos combinando arpillera natural con textil en color blanco, negro, gris o marr\u00f3n.\n<\/p>\n","protected":false},"excerpt":{"rendered":"<p>Plaf\u00f3n de tres colgantes de la serie KANDY de color NATURAL\/NEGRO. Posee tres portal\u00e1mparas E27. Bombillas no incluidas. Pantallas formadas por dos cuerpos en textil y armaz\u00f3n met\u00e1lico. De estilo moderno y dise\u00f1o elegante, ideal para decorar e iluminar en dormitorios, salones y recibidores, aportando calidez a la estancia que ilumina. Sus dimensiones, regulables en [&hellip;]<\/p>\n","protected":false},"featured_media":3901,"comment_status":"open","ping_status":"closed","template":"","meta":[],"product_brand":[],"product_cat":[63,86],"product_tag":[],"class_list":{"0":"post-3900","1":"product","2":"type-product","3":"status-publish","4":"has-post-thumbnail","6":"product_cat-iluminacion","7":"product_cat-lamparas-techo-y-pared","9":"first","10":"instock","11":"taxable","12":"shipping-taxable","13":"purchasable","14":"product-type-simple"},"acf":[],"yoast_head":"<!-- This site is optimized with the Yoast SEO plugin v27.4 - https:\/\/yoast.com\/product\/yoast-seo-wordpress\/ -->\n<title>Plafon Kandy -<\/title>\n<meta name=\"description\" content=\"L\u00e1mpara de techo con 3 luces E27, pantallas negras y detalle natural en rejilla. Ideal para decorar salones y comedores con un estilo boho y moderno.\" \/>\n<meta name=\"robots\" content=\"index, follow, max-snippet:-1, max-image-preview:large, max-video-preview:-1\" \/>\n<link rel=\"canonical\" href=\"https:\/\/gesmobles.cat\/es\/producto\/lampara-de-techo-lampara-colgante-lampara-3-luces-e27-estilo-natural-rejilla-decorativa-pantalla-negra-boho-chic-lampara-salon-lampara-comedor-gesmobles-cat\/\" \/>\n<meta property=\"og:locale\" content=\"es_ES\" \/>\n<meta property=\"og:type\" content=\"article\" \/>\n<meta property=\"og:title\" content=\"Plafon Kandy -\" \/>\n<meta property=\"og:description\" content=\"L\u00e1mpara de techo con 3 luces E27, pantallas negras y detalle natural en rejilla. Ideal para decorar salones y comedores con un estilo boho y moderno.\" \/>\n<meta property=\"og:url\" content=\"https:\/\/gesmobles.cat\/es\/producto\/lampara-de-techo-lampara-colgante-lampara-3-luces-e27-estilo-natural-rejilla-decorativa-pantalla-negra-boho-chic-lampara-salon-lampara-comedor-gesmobles-cat\/\" \/>\n<meta property=\"article:modified_time\" content=\"2025-08-29T19:40:46+00:00\" \/>\n<meta property=\"og:image\" content=\"https:\/\/gesmobles.cat\/wp-content\/uploads\/2025\/05\/plafon-kandy-3xe27-natural-negro.webp\" \/>\n\t<meta property=\"og:image:width\" content=\"1000\" \/>\n\t<meta property=\"og:image:height\" content=\"1000\" \/>\n\t<meta property=\"og:image:type\" content=\"image\/webp\" \/>\n<meta name=\"twitter:card\" content=\"summary_large_image\" \/>\n<meta name=\"twitter:label1\" content=\"Tiempo de lectura\" \/>\n\t<meta name=\"twitter:data1\" content=\"1 minuto\" \/>\n<!-- \/ Yoast SEO plugin. -->","yoast_head_json":{"title":"Plafon Kandy -","description":"L\u00e1mpara de techo con 3 luces E27, pantallas negras y detalle natural en rejilla. Ideal para decorar salones y comedores con un estilo boho y moderno.","robots":{"index":"index","follow":"follow","max-snippet":"max-snippet:-1","max-image-preview":"max-image-preview:large","max-video-preview":"max-video-preview:-1"},"canonical":"https:\/\/gesmobles.cat\/es\/producto\/lampara-de-techo-lampara-colgante-lampara-3-luces-e27-estilo-natural-rejilla-decorativa-pantalla-negra-boho-chic-lampara-salon-lampara-comedor-gesmobles-cat\/","og_locale":"es_ES","og_type":"article","og_title":"Plafon Kandy -","og_description":"L\u00e1mpara de techo con 3 luces E27, pantallas negras y detalle natural en rejilla. Ideal para decorar salones y comedores con un estilo boho y moderno.","og_url":"https:\/\/gesmobles.cat\/es\/producto\/lampara-de-techo-lampara-colgante-lampara-3-luces-e27-estilo-natural-rejilla-decorativa-pantalla-negra-boho-chic-lampara-salon-lampara-comedor-gesmobles-cat\/","article_modified_time":"2025-08-29T19:40:46+00:00","og_image":[{"width":1000,"height":1000,"url":"https:\/\/gesmobles.cat\/wp-content\/uploads\/2025\/05\/plafon-kandy-3xe27-natural-negro.webp","type":"image\/webp"}],"twitter_card":"summary_large_image","twitter_misc":{"Tiempo de lectura":"1 minuto"},"schema":{"@context":"https:\/\/schema.org","@graph":[]}},"_links":{"self":[{"href":"https:\/\/gesmobles.cat\/es\/wp-json\/wp\/v2\/product\/3900","targetHints":{"allow":["GET"]}}],"collection":[{"href":"https:\/\/gesmobles.cat\/es\/wp-json\/wp\/v2\/product"}],"about":[{"href":"https:\/\/gesmobles.cat\/es\/wp-json\/wp\/v2\/types\/product"}],"replies":[{"embeddable":true,"href":"https:\/\/gesmobles.cat\/es\/wp-json\/wp\/v2\/comments?post=3900"}],"wp:featuredmedia":[{"embeddable":true,"href":"https:\/\/gesmobles.cat\/es\/wp-json\/wp\/v2\/media\/3901"}],"wp:attachment":[{"href":"https:\/\/gesmobles.cat\/es\/wp-json\/wp\/v2\/media?parent=3900"}],"wp:term":[{"taxonomy":"product_brand","embeddable":true,"href":"https:\/\/gesmobles.cat\/es\/wp-json\/wp\/v2\/product_brand?post=3900"},{"taxonomy":"product_cat","embeddable":true,"href":"https:\/\/gesmobles.cat\/es\/wp-json\/wp\/v2\/product_cat?post=3900"},{"taxonomy":"product_tag","embeddable":true,"href":"https:\/\/gesmobles.cat\/es\/wp-json\/wp\/v2\/product_tag?post=3900"}],"curies":[{"name":"wp","href":"https:\/\/api.w.org\/{rel}","templated":true}]}}