{"id":4031,"date":"2025-05-21T18:59:52","date_gmt":"2025-05-21T16:59:52","guid":{"rendered":"https:\/\/gesmobles.cat\/?post_type=product&#038;p=4031"},"modified":"2025-07-24T19:57:08","modified_gmt":"2025-07-24T17:57:08","slug":"colchon-elixir-descanso-premium-con-viscoelastica-de-7-cm-y-firmeza-alta","status":"publish","type":"product","link":"https:\/\/gesmobles.cat\/es\/producto\/colchon-elixir-descanso-premium-con-viscoelastica-de-7-cm-y-firmeza-alta\/","title":{"rendered":"Colch\u00f3n Elixir \u2013 Descanso premium con viscoel\u00e1stica de 7 cm y firmeza alta"},"content":{"rendered":"<p>Colch\u00f3n viscoel\u00e1stico de 28 cm con 7 cm de visco 50K adaptive y n\u00facleo HR 30K de alta firmeza. Adaptabilidad superior, confort sin presi\u00f3n y excelente transpirabilidad.<\/p>\n","protected":false},"excerpt":{"rendered":"<p>Colch\u00f3n viscoel\u00e1stico de 28 cm con 7 cm de visco 50K adaptive y n\u00facleo HR 30K de alta firmeza. Adaptabilidad superior, confort sin presi\u00f3n y excelente transpirabilidad.<\/p>\n","protected":false},"featured_media":4033,"comment_status":"open","ping_status":"closed","template":"","meta":[],"product_brand":[],"product_cat":[61,62],"product_tag":[399,402,403,415,510,539,540,541,542,543],"class_list":{"0":"post-4031","1":"product","2":"type-product","3":"status-publish","4":"has-post-thumbnail","6":"product_cat-descanso","7":"product_cat-colchones","8":"product_tag-colchon-viscoelastico","9":"product_tag-colchon-transpirable","10":"product_tag-colchon-firme","11":"product_tag-colchon-adaptable","12":"product_tag-descanso-premium","13":"product_tag-viscoelastica-7-cm","14":"product_tag-colchon-hr-30k","15":"product_tag-colchon-ergonomico","16":"product_tag-colchon-de-28-cm","17":"product_tag-colchon-con-visco","19":"first","20":"instock","21":"taxable","22":"shipping-taxable","23":"purchasable","24":"product-type-variable"},"acf":[],"yoast_head":"<!-- This site is optimized with the Yoast SEO plugin v27.4 - https:\/\/yoast.com\/product\/yoast-seo-wordpress\/ -->\n<title>Colch\u00f3n Elixir \u2013 Descanso premium con viscoel\u00e1stica de 7 cm y firmeza alta -<\/title>\n<meta name=\"description\" content=\"Colch\u00f3n viscoel\u00e1stico de alta firmeza con 7 cm de visco 50K y n\u00facleo HR 30K. Descansa mejor con Elixir: soporte firme, adaptabilidad y ventilaci\u00f3n total.\" \/>\n<meta name=\"robots\" content=\"index, follow, max-snippet:-1, max-image-preview:large, max-video-preview:-1\" \/>\n<link rel=\"canonical\" href=\"https:\/\/gesmobles.cat\/es\/producto\/colchon-elixir-descanso-premium-con-viscoelastica-de-7-cm-y-firmeza-alta\/\" \/>\n<meta property=\"og:locale\" content=\"es_ES\" \/>\n<meta property=\"og:type\" content=\"article\" \/>\n<meta property=\"og:title\" content=\"Colch\u00f3n Elixir \u2013 Descanso premium con viscoel\u00e1stica de 7 cm y firmeza alta -\" \/>\n<meta property=\"og:description\" content=\"Colch\u00f3n viscoel\u00e1stico de alta firmeza con 7 cm de visco 50K y n\u00facleo HR 30K. Descansa mejor con Elixir: soporte firme, adaptabilidad y ventilaci\u00f3n total.\" \/>\n<meta property=\"og:url\" content=\"https:\/\/gesmobles.cat\/es\/producto\/colchon-elixir-descanso-premium-con-viscoelastica-de-7-cm-y-firmeza-alta\/\" \/>\n<meta property=\"article:modified_time\" content=\"2025-07-24T17:57:08+00:00\" \/>\n<meta property=\"og:image\" content=\"https:\/\/gesmobles.cat\/wp-content\/uploads\/2025\/05\/elixir-1-scaled.webp\" \/>\n\t<meta property=\"og:image:width\" content=\"2560\" \/>\n\t<meta property=\"og:image:height\" content=\"1972\" \/>\n\t<meta property=\"og:image:type\" content=\"image\/webp\" \/>\n<meta name=\"twitter:card\" content=\"summary_large_image\" \/>\n<meta name=\"twitter:label1\" content=\"Tiempo de lectura\" \/>\n\t<meta name=\"twitter:data1\" content=\"1 minuto\" \/>\n<!-- \/ Yoast SEO plugin. -->","yoast_head_json":{"title":"Colch\u00f3n Elixir \u2013 Descanso premium con viscoel\u00e1stica de 7 cm y firmeza alta -","description":"Colch\u00f3n viscoel\u00e1stico de alta firmeza con 7 cm de visco 50K y n\u00facleo HR 30K. Descansa mejor con Elixir: soporte firme, adaptabilidad y ventilaci\u00f3n total.","robots":{"index":"index","follow":"follow","max-snippet":"max-snippet:-1","max-image-preview":"max-image-preview:large","max-video-preview":"max-video-preview:-1"},"canonical":"https:\/\/gesmobles.cat\/es\/producto\/colchon-elixir-descanso-premium-con-viscoelastica-de-7-cm-y-firmeza-alta\/","og_locale":"es_ES","og_type":"article","og_title":"Colch\u00f3n Elixir \u2013 Descanso premium con viscoel\u00e1stica de 7 cm y firmeza alta -","og_description":"Colch\u00f3n viscoel\u00e1stico de alta firmeza con 7 cm de visco 50K y n\u00facleo HR 30K. Descansa mejor con Elixir: soporte firme, adaptabilidad y ventilaci\u00f3n total.","og_url":"https:\/\/gesmobles.cat\/es\/producto\/colchon-elixir-descanso-premium-con-viscoelastica-de-7-cm-y-firmeza-alta\/","article_modified_time":"2025-07-24T17:57:08+00:00","og_image":[{"width":2560,"height":1972,"url":"https:\/\/gesmobles.cat\/wp-content\/uploads\/2025\/05\/elixir-1-scaled.webp","type":"image\/webp"}],"twitter_card":"summary_large_image","twitter_misc":{"Tiempo de lectura":"1 minuto"},"schema":{"@context":"https:\/\/schema.org","@graph":[]}},"_links":{"self":[{"href":"https:\/\/gesmobles.cat\/es\/wp-json\/wp\/v2\/product\/4031","targetHints":{"allow":["GET"]}}],"collection":[{"href":"https:\/\/gesmobles.cat\/es\/wp-json\/wp\/v2\/product"}],"about":[{"href":"https:\/\/gesmobles.cat\/es\/wp-json\/wp\/v2\/types\/product"}],"replies":[{"embeddable":true,"href":"https:\/\/gesmobles.cat\/es\/wp-json\/wp\/v2\/comments?post=4031"}],"wp:featuredmedia":[{"embeddable":true,"href":"https:\/\/gesmobles.cat\/es\/wp-json\/wp\/v2\/media\/4033"}],"wp:attachment":[{"href":"https:\/\/gesmobles.cat\/es\/wp-json\/wp\/v2\/media?parent=4031"}],"wp:term":[{"taxonomy":"product_brand","embeddable":true,"href":"https:\/\/gesmobles.cat\/es\/wp-json\/wp\/v2\/product_brand?post=4031"},{"taxonomy":"product_cat","embeddable":true,"href":"https:\/\/gesmobles.cat\/es\/wp-json\/wp\/v2\/product_cat?post=4031"},{"taxonomy":"product_tag","embeddable":true,"href":"https:\/\/gesmobles.cat\/es\/wp-json\/wp\/v2\/product_tag?post=4031"}],"curies":[{"name":"wp","href":"https:\/\/api.w.org\/{rel}","templated":true}]}}