{"id":4089,"date":"2025-05-21T19:45:46","date_gmt":"2025-05-21T17:45:46","guid":{"rendered":"https:\/\/gesmobles.cat\/?post_type=product&#038;p=4089"},"modified":"2025-07-24T19:53:26","modified_gmt":"2025-07-24T17:53:26","slug":"colchon-evoque-maximo-confort-con-viscoelastica-firmeza-alta-y-tecnologia-multicapa","status":"publish","type":"product","link":"https:\/\/gesmobles.cat\/es\/producto\/colchon-evoque-maximo-confort-con-viscoelastica-firmeza-alta-y-tecnologia-multicapa\/","title":{"rendered":"Colch\u00f3n Evoque \u2013 M\u00e1ximo confort con viscoel\u00e1stica, firmeza alta y tecnolog\u00eda multicapa"},"content":{"rendered":"<p>Colch\u00f3n de alta gama con 30 cm de grosor, 7 cm de viscoel\u00e1stica 50K adaptive, n\u00facleo HR 28K y sistema multicapa para un descanso firme, ergon\u00f3mico y muy confortable.<\/p>\n","protected":false},"excerpt":{"rendered":"<p>Colch\u00f3n de alta gama con 30 cm de grosor, 7 cm de viscoel\u00e1stica 50K adaptive, n\u00facleo HR 28K y sistema multicapa para un descanso firme, ergon\u00f3mico y muy confortable.<\/p>\n","protected":false},"featured_media":4090,"comment_status":"open","ping_status":"closed","template":"","meta":[],"product_brand":[],"product_cat":[61,62],"product_tag":[399,402,403,421,510,541,549,550,551,552],"class_list":{"0":"post-4089","1":"product","2":"type-product","3":"status-publish","4":"has-post-thumbnail","6":"product_cat-descanso","7":"product_cat-colchones","8":"product_tag-colchon-viscoelastico","9":"product_tag-colchon-transpirable","10":"product_tag-colchon-firme","11":"product_tag-colchon-antialergico","12":"product_tag-descanso-premium","13":"product_tag-colchon-ergonomico","14":"product_tag-colchon-de-30-cm","15":"product_tag-viscoelastica-50k","16":"product_tag-hr-28k","17":"product_tag-colchon-de-alta-gama","19":"first","20":"instock","21":"taxable","22":"shipping-taxable","23":"purchasable","24":"product-type-variable"},"acf":[],"yoast_head":"<!-- This site is optimized with the Yoast SEO plugin v27.4 - https:\/\/yoast.com\/product\/yoast-seo-wordpress\/ -->\n<title>Colch\u00f3n Evoque \u2013 M\u00e1ximo confort con viscoel\u00e1stica, firmeza alta y tecnolog\u00eda multicapa -<\/title>\n<meta name=\"description\" content=\"Colch\u00f3n viscoel\u00e1stico firme y ergon\u00f3mico con 7 cm de visco 50K y n\u00facleo HR 28K. Altura 30 cm y tejido transpirable. M\u00e1ximo confort y descanso sin presiones.\" \/>\n<meta name=\"robots\" content=\"index, follow, max-snippet:-1, max-image-preview:large, max-video-preview:-1\" \/>\n<link rel=\"canonical\" href=\"https:\/\/gesmobles.cat\/es\/producto\/colchon-evoque-maximo-confort-con-viscoelastica-firmeza-alta-y-tecnologia-multicapa\/\" \/>\n<meta property=\"og:locale\" content=\"es_ES\" \/>\n<meta property=\"og:type\" content=\"article\" \/>\n<meta property=\"og:title\" content=\"Colch\u00f3n Evoque \u2013 M\u00e1ximo confort con viscoel\u00e1stica, firmeza alta y tecnolog\u00eda multicapa -\" \/>\n<meta property=\"og:description\" content=\"Colch\u00f3n viscoel\u00e1stico firme y ergon\u00f3mico con 7 cm de visco 50K y n\u00facleo HR 28K. Altura 30 cm y tejido transpirable. M\u00e1ximo confort y descanso sin presiones.\" \/>\n<meta property=\"og:url\" content=\"https:\/\/gesmobles.cat\/es\/producto\/colchon-evoque-maximo-confort-con-viscoelastica-firmeza-alta-y-tecnologia-multicapa\/\" \/>\n<meta property=\"article:modified_time\" content=\"2025-07-24T17:53:26+00:00\" \/>\n<meta property=\"og:image\" content=\"https:\/\/gesmobles.cat\/wp-content\/uploads\/2025\/05\/evoque-3-scaled.webp\" \/>\n\t<meta property=\"og:image:width\" content=\"2560\" \/>\n\t<meta property=\"og:image:height\" content=\"1972\" \/>\n\t<meta property=\"og:image:type\" content=\"image\/webp\" \/>\n<meta name=\"twitter:card\" content=\"summary_large_image\" \/>\n<meta name=\"twitter:label1\" content=\"Tiempo de lectura\" \/>\n\t<meta name=\"twitter:data1\" content=\"1 minuto\" \/>\n<!-- \/ Yoast SEO plugin. -->","yoast_head_json":{"title":"Colch\u00f3n Evoque \u2013 M\u00e1ximo confort con viscoel\u00e1stica, firmeza alta y tecnolog\u00eda multicapa -","description":"Colch\u00f3n viscoel\u00e1stico firme y ergon\u00f3mico con 7 cm de visco 50K y n\u00facleo HR 28K. Altura 30 cm y tejido transpirable. M\u00e1ximo confort y descanso sin presiones.","robots":{"index":"index","follow":"follow","max-snippet":"max-snippet:-1","max-image-preview":"max-image-preview:large","max-video-preview":"max-video-preview:-1"},"canonical":"https:\/\/gesmobles.cat\/es\/producto\/colchon-evoque-maximo-confort-con-viscoelastica-firmeza-alta-y-tecnologia-multicapa\/","og_locale":"es_ES","og_type":"article","og_title":"Colch\u00f3n Evoque \u2013 M\u00e1ximo confort con viscoel\u00e1stica, firmeza alta y tecnolog\u00eda multicapa -","og_description":"Colch\u00f3n viscoel\u00e1stico firme y ergon\u00f3mico con 7 cm de visco 50K y n\u00facleo HR 28K. Altura 30 cm y tejido transpirable. M\u00e1ximo confort y descanso sin presiones.","og_url":"https:\/\/gesmobles.cat\/es\/producto\/colchon-evoque-maximo-confort-con-viscoelastica-firmeza-alta-y-tecnologia-multicapa\/","article_modified_time":"2025-07-24T17:53:26+00:00","og_image":[{"width":2560,"height":1972,"url":"https:\/\/gesmobles.cat\/wp-content\/uploads\/2025\/05\/evoque-3-scaled.webp","type":"image\/webp"}],"twitter_card":"summary_large_image","twitter_misc":{"Tiempo de lectura":"1 minuto"},"schema":{"@context":"https:\/\/schema.org","@graph":[]}},"_links":{"self":[{"href":"https:\/\/gesmobles.cat\/es\/wp-json\/wp\/v2\/product\/4089","targetHints":{"allow":["GET"]}}],"collection":[{"href":"https:\/\/gesmobles.cat\/es\/wp-json\/wp\/v2\/product"}],"about":[{"href":"https:\/\/gesmobles.cat\/es\/wp-json\/wp\/v2\/types\/product"}],"replies":[{"embeddable":true,"href":"https:\/\/gesmobles.cat\/es\/wp-json\/wp\/v2\/comments?post=4089"}],"wp:featuredmedia":[{"embeddable":true,"href":"https:\/\/gesmobles.cat\/es\/wp-json\/wp\/v2\/media\/4090"}],"wp:attachment":[{"href":"https:\/\/gesmobles.cat\/es\/wp-json\/wp\/v2\/media?parent=4089"}],"wp:term":[{"taxonomy":"product_brand","embeddable":true,"href":"https:\/\/gesmobles.cat\/es\/wp-json\/wp\/v2\/product_brand?post=4089"},{"taxonomy":"product_cat","embeddable":true,"href":"https:\/\/gesmobles.cat\/es\/wp-json\/wp\/v2\/product_cat?post=4089"},{"taxonomy":"product_tag","embeddable":true,"href":"https:\/\/gesmobles.cat\/es\/wp-json\/wp\/v2\/product_tag?post=4089"}],"curies":[{"name":"wp","href":"https:\/\/api.w.org\/{rel}","templated":true}]}}