{"id":4143,"date":"2025-05-23T20:38:06","date_gmt":"2025-05-23T18:38:06","guid":{"rendered":"https:\/\/gesmobles.cat\/?post_type=product&#038;p=4143"},"modified":"2025-05-29T22:29:29","modified_gmt":"2025-05-29T20:29:29","slug":"sofa-relax-sofa-con-chaise-longue-sofa-con-arcon-sofa-electrico-sofa-con-almacenaje-sofa-beige-sofa-3-plazas-sofa-comodo-sofa-moderno-muebles-salon-descanso","status":"publish","type":"product","link":"https:\/\/gesmobles.cat\/es\/producto\/sofa-relax-sofa-con-chaise-longue-sofa-con-arcon-sofa-electrico-sofa-con-almacenaje-sofa-beige-sofa-3-plazas-sofa-comodo-sofa-moderno-muebles-salon-descanso\/","title":{"rendered":"Sof\u00e1 Relax DUMONT con Arc\u00f3n y Reposapi\u00e9s El\u00e9ctrico \u2013 3 Plazas"},"content":{"rendered":"<p>El sof\u00e1 DUMONT combina comodidad, funcionalidad y dise\u00f1o contempor\u00e1neo. Tapizado en un tejido beige c\u00e1lido y suave al tacto, este sof\u00e1 de 3 plazas incorpora dos mecanismos: un relax el\u00e9ctrico con bot\u00f3n lateral y un pr\u00e1ctico arc\u00f3n en el m\u00f3dulo chaise longue, ideal para guardar mantas, cojines u otros objetos del sal\u00f3n. Su respaldo alto y asientos acolchados ofrecen un confort superior para el d\u00eda a d\u00eda, mientras que su dise\u00f1o limpio y elegante se adapta a cualquier estilo de decoraci\u00f3n. Perfecto para quienes buscan relax, orden y estilo en un solo mueble.<\/p>\n","protected":false},"excerpt":{"rendered":"<p>El sof\u00e1 DUMONT combina comodidad, funcionalidad y dise\u00f1o contempor\u00e1neo. Tapizado en un tejido beige c\u00e1lido y suave al tacto, este sof\u00e1 de 3 plazas incorpora dos mecanismos: un relax el\u00e9ctrico con bot\u00f3n lateral y un pr\u00e1ctico arc\u00f3n en el m\u00f3dulo chaise longue, ideal para guardar mantas, cojines u otros objetos del sal\u00f3n. Su respaldo alto [&hellip;]<\/p>\n","protected":false},"featured_media":4144,"comment_status":"open","ping_status":"closed","template":"","meta":[],"product_brand":[],"product_cat":[51,53],"product_tag":[],"class_list":{"0":"post-4143","1":"product","2":"type-product","3":"status-publish","4":"has-post-thumbnail","6":"product_cat-muebles-es","7":"product_cat-sofas-es","9":"first","10":"instock","11":"taxable","12":"shipping-taxable","13":"purchasable","14":"product-type-simple"},"acf":[],"yoast_head":"<!-- This site is optimized with the Yoast SEO plugin v27.4 - https:\/\/yoast.com\/product\/yoast-seo-wordpress\/ -->\n<title>Sof\u00e1 Relax DUMONT con Arc\u00f3n y Reposapi\u00e9s El\u00e9ctrico \u2013 3 Plazas -<\/title>\n<meta name=\"description\" content=\"Descubre el sof\u00e1 relax DUMONT de 3 plazas con chaise longue, arc\u00f3n de almacenaje y mecanismo el\u00e9ctrico. Comodidad, dise\u00f1o y funcionalidad en tu sal\u00f3n.\" \/>\n<meta name=\"robots\" content=\"index, follow, max-snippet:-1, max-image-preview:large, max-video-preview:-1\" \/>\n<link rel=\"canonical\" href=\"https:\/\/gesmobles.cat\/es\/producto\/sofa-relax-sofa-con-chaise-longue-sofa-con-arcon-sofa-electrico-sofa-con-almacenaje-sofa-beige-sofa-3-plazas-sofa-comodo-sofa-moderno-muebles-salon-descanso\/\" \/>\n<meta property=\"og:locale\" content=\"es_ES\" \/>\n<meta property=\"og:type\" content=\"article\" \/>\n<meta property=\"og:title\" content=\"Sof\u00e1 Relax DUMONT con Arc\u00f3n y Reposapi\u00e9s El\u00e9ctrico \u2013 3 Plazas -\" \/>\n<meta property=\"og:description\" content=\"Descubre el sof\u00e1 relax DUMONT de 3 plazas con chaise longue, arc\u00f3n de almacenaje y mecanismo el\u00e9ctrico. Comodidad, dise\u00f1o y funcionalidad en tu sal\u00f3n.\" \/>\n<meta property=\"og:url\" content=\"https:\/\/gesmobles.cat\/es\/producto\/sofa-relax-sofa-con-chaise-longue-sofa-con-arcon-sofa-electrico-sofa-con-almacenaje-sofa-beige-sofa-3-plazas-sofa-comodo-sofa-moderno-muebles-salon-descanso\/\" \/>\n<meta property=\"article:modified_time\" content=\"2025-05-29T20:29:29+00:00\" \/>\n<meta property=\"og:image\" content=\"https:\/\/gesmobles.cat\/wp-content\/uploads\/2025\/05\/dumont-2-scaled.webp\" \/>\n\t<meta property=\"og:image:width\" content=\"2560\" \/>\n\t<meta property=\"og:image:height\" content=\"1972\" \/>\n\t<meta property=\"og:image:type\" content=\"image\/webp\" \/>\n<meta name=\"twitter:card\" content=\"summary_large_image\" \/>\n<meta name=\"twitter:label1\" content=\"Tiempo de lectura\" \/>\n\t<meta name=\"twitter:data1\" content=\"1 minuto\" \/>\n<!-- \/ Yoast SEO plugin. -->","yoast_head_json":{"title":"Sof\u00e1 Relax DUMONT con Arc\u00f3n y Reposapi\u00e9s El\u00e9ctrico \u2013 3 Plazas -","description":"Descubre el sof\u00e1 relax DUMONT de 3 plazas con chaise longue, arc\u00f3n de almacenaje y mecanismo el\u00e9ctrico. Comodidad, dise\u00f1o y funcionalidad en tu sal\u00f3n.","robots":{"index":"index","follow":"follow","max-snippet":"max-snippet:-1","max-image-preview":"max-image-preview:large","max-video-preview":"max-video-preview:-1"},"canonical":"https:\/\/gesmobles.cat\/es\/producto\/sofa-relax-sofa-con-chaise-longue-sofa-con-arcon-sofa-electrico-sofa-con-almacenaje-sofa-beige-sofa-3-plazas-sofa-comodo-sofa-moderno-muebles-salon-descanso\/","og_locale":"es_ES","og_type":"article","og_title":"Sof\u00e1 Relax DUMONT con Arc\u00f3n y Reposapi\u00e9s El\u00e9ctrico \u2013 3 Plazas -","og_description":"Descubre el sof\u00e1 relax DUMONT de 3 plazas con chaise longue, arc\u00f3n de almacenaje y mecanismo el\u00e9ctrico. Comodidad, dise\u00f1o y funcionalidad en tu sal\u00f3n.","og_url":"https:\/\/gesmobles.cat\/es\/producto\/sofa-relax-sofa-con-chaise-longue-sofa-con-arcon-sofa-electrico-sofa-con-almacenaje-sofa-beige-sofa-3-plazas-sofa-comodo-sofa-moderno-muebles-salon-descanso\/","article_modified_time":"2025-05-29T20:29:29+00:00","og_image":[{"width":2560,"height":1972,"url":"https:\/\/gesmobles.cat\/wp-content\/uploads\/2025\/05\/dumont-2-scaled.webp","type":"image\/webp"}],"twitter_card":"summary_large_image","twitter_misc":{"Tiempo de lectura":"1 minuto"},"schema":{"@context":"https:\/\/schema.org","@graph":[]}},"_links":{"self":[{"href":"https:\/\/gesmobles.cat\/es\/wp-json\/wp\/v2\/product\/4143","targetHints":{"allow":["GET"]}}],"collection":[{"href":"https:\/\/gesmobles.cat\/es\/wp-json\/wp\/v2\/product"}],"about":[{"href":"https:\/\/gesmobles.cat\/es\/wp-json\/wp\/v2\/types\/product"}],"replies":[{"embeddable":true,"href":"https:\/\/gesmobles.cat\/es\/wp-json\/wp\/v2\/comments?post=4143"}],"wp:featuredmedia":[{"embeddable":true,"href":"https:\/\/gesmobles.cat\/es\/wp-json\/wp\/v2\/media\/4144"}],"wp:attachment":[{"href":"https:\/\/gesmobles.cat\/es\/wp-json\/wp\/v2\/media?parent=4143"}],"wp:term":[{"taxonomy":"product_brand","embeddable":true,"href":"https:\/\/gesmobles.cat\/es\/wp-json\/wp\/v2\/product_brand?post=4143"},{"taxonomy":"product_cat","embeddable":true,"href":"https:\/\/gesmobles.cat\/es\/wp-json\/wp\/v2\/product_cat?post=4143"},{"taxonomy":"product_tag","embeddable":true,"href":"https:\/\/gesmobles.cat\/es\/wp-json\/wp\/v2\/product_tag?post=4143"}],"curies":[{"name":"wp","href":"https:\/\/api.w.org\/{rel}","templated":true}]}}