{"id":4154,"date":"2025-05-23T20:53:59","date_gmt":"2025-05-23T18:53:59","guid":{"rendered":"https:\/\/gesmobles.cat\/?post_type=product&#038;p=4154"},"modified":"2025-08-25T18:50:42","modified_gmt":"2025-08-25T16:50:42","slug":"sofa-moderno-sofa-gris-sofa-con-cabezales-reclinables-sofa-con-almacenaje-sofa-con-arcon-sofa-3-plazas-sofa-funcional-sofa-comodo-sofa-salon-muebles-modernos","status":"publish","type":"product","link":"https:\/\/gesmobles.cat\/es\/producto\/sofa-moderno-sofa-gris-sofa-con-cabezales-reclinables-sofa-con-almacenaje-sofa-con-arcon-sofa-3-plazas-sofa-funcional-sofa-comodo-sofa-salon-muebles-modernos\/","title":{"rendered":"Sof\u00e1 MIRAGE con Cabezal Reclinable y Brazo con Arc\u00f3n \u2013 3 Plazas"},"content":{"rendered":"<p>El sof\u00e1 MIRAGE destaca por su estilo moderno y su funcionalidad inteligente. Con un dise\u00f1o contempor\u00e1neo y tapizado en un elegante tejido gris oscuro, este sof\u00e1 de 3 plazas incorpora cabezales reclinables que se adaptan a cada momento de descanso. Uno de los brazos oculta un pr\u00e1ctico espacio de almacenaje interior, ideal para tener a mano todo lo que necesitas en tu sal\u00f3n. Sus l\u00edneas suaves y acabados cuidados lo convierten en la pieza perfecta para espacios actuales que buscan comodidad sin renunciar al dise\u00f1o.<\/p>\n","protected":false},"excerpt":{"rendered":"<p>El sof\u00e1 MIRAGE destaca por su estilo moderno y su funcionalidad inteligente. Con un dise\u00f1o contempor\u00e1neo y tapizado en un elegante tejido gris oscuro, este sof\u00e1 de 3 plazas incorpora cabezales reclinables que se adaptan a cada momento de descanso. Uno de los brazos oculta un pr\u00e1ctico espacio de almacenaje interior, ideal para tener a [&hellip;]<\/p>\n","protected":false},"featured_media":4155,"comment_status":"open","ping_status":"closed","template":"","meta":[],"product_brand":[],"product_cat":[51,53],"product_tag":[],"class_list":{"0":"post-4154","1":"product","2":"type-product","3":"status-publish","4":"has-post-thumbnail","6":"product_cat-muebles-es","7":"product_cat-sofas-es","9":"first","10":"instock","11":"taxable","12":"shipping-taxable","13":"purchasable","14":"product-type-simple"},"acf":[],"yoast_head":"<!-- This site is optimized with the Yoast SEO plugin v27.4 - https:\/\/yoast.com\/product\/yoast-seo-wordpress\/ -->\n<title>Sof\u00e1 MIRAGE con Cabezal Reclinable y Brazo con Arc\u00f3n \u2013 3 Plazas -<\/title>\n<meta name=\"description\" content=\"Sof\u00e1 MIRAGE de 3 plazas con cabezales reclinables y espacio de almacenaje en el brazo. Comodidad y dise\u00f1o moderno para tu sal\u00f3n.\" \/>\n<meta name=\"robots\" content=\"index, follow, max-snippet:-1, max-image-preview:large, max-video-preview:-1\" \/>\n<link rel=\"canonical\" href=\"https:\/\/gesmobles.cat\/es\/producto\/sofa-moderno-sofa-gris-sofa-con-cabezales-reclinables-sofa-con-almacenaje-sofa-con-arcon-sofa-3-plazas-sofa-funcional-sofa-comodo-sofa-salon-muebles-modernos\/\" \/>\n<meta property=\"og:locale\" content=\"es_ES\" \/>\n<meta property=\"og:type\" content=\"article\" \/>\n<meta property=\"og:title\" content=\"Sof\u00e1 MIRAGE con Cabezal Reclinable y Brazo con Arc\u00f3n \u2013 3 Plazas -\" \/>\n<meta property=\"og:description\" content=\"Sof\u00e1 MIRAGE de 3 plazas con cabezales reclinables y espacio de almacenaje en el brazo. Comodidad y dise\u00f1o moderno para tu sal\u00f3n.\" \/>\n<meta property=\"og:url\" content=\"https:\/\/gesmobles.cat\/es\/producto\/sofa-moderno-sofa-gris-sofa-con-cabezales-reclinables-sofa-con-almacenaje-sofa-con-arcon-sofa-3-plazas-sofa-funcional-sofa-comodo-sofa-salon-muebles-modernos\/\" \/>\n<meta property=\"article:modified_time\" content=\"2025-08-25T16:50:42+00:00\" \/>\n<meta property=\"og:image\" content=\"https:\/\/gesmobles.cat\/wp-content\/uploads\/2025\/05\/mirage3.png\" \/>\n\t<meta property=\"og:image:width\" content=\"1141\" \/>\n\t<meta property=\"og:image:height\" content=\"771\" \/>\n\t<meta property=\"og:image:type\" content=\"image\/png\" \/>\n<meta name=\"twitter:card\" content=\"summary_large_image\" \/>\n<meta name=\"twitter:label1\" content=\"Tiempo de lectura\" \/>\n\t<meta name=\"twitter:data1\" content=\"1 minuto\" \/>\n<!-- \/ Yoast SEO plugin. -->","yoast_head_json":{"title":"Sof\u00e1 MIRAGE con Cabezal Reclinable y Brazo con Arc\u00f3n \u2013 3 Plazas -","description":"Sof\u00e1 MIRAGE de 3 plazas con cabezales reclinables y espacio de almacenaje en el brazo. Comodidad y dise\u00f1o moderno para tu sal\u00f3n.","robots":{"index":"index","follow":"follow","max-snippet":"max-snippet:-1","max-image-preview":"max-image-preview:large","max-video-preview":"max-video-preview:-1"},"canonical":"https:\/\/gesmobles.cat\/es\/producto\/sofa-moderno-sofa-gris-sofa-con-cabezales-reclinables-sofa-con-almacenaje-sofa-con-arcon-sofa-3-plazas-sofa-funcional-sofa-comodo-sofa-salon-muebles-modernos\/","og_locale":"es_ES","og_type":"article","og_title":"Sof\u00e1 MIRAGE con Cabezal Reclinable y Brazo con Arc\u00f3n \u2013 3 Plazas -","og_description":"Sof\u00e1 MIRAGE de 3 plazas con cabezales reclinables y espacio de almacenaje en el brazo. Comodidad y dise\u00f1o moderno para tu sal\u00f3n.","og_url":"https:\/\/gesmobles.cat\/es\/producto\/sofa-moderno-sofa-gris-sofa-con-cabezales-reclinables-sofa-con-almacenaje-sofa-con-arcon-sofa-3-plazas-sofa-funcional-sofa-comodo-sofa-salon-muebles-modernos\/","article_modified_time":"2025-08-25T16:50:42+00:00","og_image":[{"width":1141,"height":771,"url":"https:\/\/gesmobles.cat\/wp-content\/uploads\/2025\/05\/mirage3.png","type":"image\/png"}],"twitter_card":"summary_large_image","twitter_misc":{"Tiempo de lectura":"1 minuto"},"schema":{"@context":"https:\/\/schema.org","@graph":[]}},"_links":{"self":[{"href":"https:\/\/gesmobles.cat\/es\/wp-json\/wp\/v2\/product\/4154","targetHints":{"allow":["GET"]}}],"collection":[{"href":"https:\/\/gesmobles.cat\/es\/wp-json\/wp\/v2\/product"}],"about":[{"href":"https:\/\/gesmobles.cat\/es\/wp-json\/wp\/v2\/types\/product"}],"replies":[{"embeddable":true,"href":"https:\/\/gesmobles.cat\/es\/wp-json\/wp\/v2\/comments?post=4154"}],"wp:featuredmedia":[{"embeddable":true,"href":"https:\/\/gesmobles.cat\/es\/wp-json\/wp\/v2\/media\/4155"}],"wp:attachment":[{"href":"https:\/\/gesmobles.cat\/es\/wp-json\/wp\/v2\/media?parent=4154"}],"wp:term":[{"taxonomy":"product_brand","embeddable":true,"href":"https:\/\/gesmobles.cat\/es\/wp-json\/wp\/v2\/product_brand?post=4154"},{"taxonomy":"product_cat","embeddable":true,"href":"https:\/\/gesmobles.cat\/es\/wp-json\/wp\/v2\/product_cat?post=4154"},{"taxonomy":"product_tag","embeddable":true,"href":"https:\/\/gesmobles.cat\/es\/wp-json\/wp\/v2\/product_tag?post=4154"}],"curies":[{"name":"wp","href":"https:\/\/api.w.org\/{rel}","templated":true}]}}