{"id":4178,"date":"2025-05-23T21:16:53","date_gmt":"2025-05-23T19:16:53","guid":{"rendered":"https:\/\/gesmobles.cat\/?post_type=product&#038;p=4178"},"modified":"2025-08-25T18:43:41","modified_gmt":"2025-08-25T16:43:41","slug":"sofa-chaise-longue-sofa-con-brazos-abatibles-sofa-relax-sofa-beige-sofa-4-plazas-sofa-comodo-sofa-con-respaldo-alto-sofa-rinconero-muebles-salon-sofa-funcional","status":"publish","type":"product","link":"https:\/\/gesmobles.cat\/es\/producto\/sofa-chaise-longue-sofa-con-brazos-abatibles-sofa-relax-sofa-beige-sofa-4-plazas-sofa-comodo-sofa-con-respaldo-alto-sofa-rinconero-muebles-salon-sofa-funcional\/","title":{"rendered":"Sof\u00e1 CAIRO con Chaise Longue y Brazos Abatibles \u2013 4 Plazas"},"content":{"rendered":"<p>El sof\u00e1 CAIRO es una opci\u00f3n ideal para quienes buscan confort y practicidad en su sal\u00f3n. Con capacidad para 4 personas, este sof\u00e1 incorpora una chaise longue que permite estirar las piernas c\u00f3modamente, as\u00ed como brazos abatibles que se adaptan a cada postura. Su dise\u00f1o de l\u00edneas rectas y respaldo alto ofrece un gran soporte lumbar y cervical, mientras que su tapizado en tono beige neutro lo convierte en una pieza vers\u00e1til, f\u00e1cil de combinar con cualquier estilo de decoraci\u00f3n. Ideal para descansar, leer o ver una pel\u00edcula con total comodidad.<\/p>\n","protected":false},"excerpt":{"rendered":"<p>El sof\u00e1 CAIRO es una opci\u00f3n ideal para quienes buscan confort y practicidad en su sal\u00f3n. Con capacidad para 4 personas, este sof\u00e1 incorpora una chaise longue que permite estirar las piernas c\u00f3modamente, as\u00ed como brazos abatibles que se adaptan a cada postura. Su dise\u00f1o de l\u00edneas rectas y respaldo alto ofrece un gran soporte [&hellip;]<\/p>\n","protected":false},"featured_media":4179,"comment_status":"open","ping_status":"closed","template":"","meta":[],"product_brand":[],"product_cat":[51,53],"product_tag":[],"class_list":{"0":"post-4178","1":"product","2":"type-product","3":"status-publish","4":"has-post-thumbnail","6":"product_cat-muebles-es","7":"product_cat-sofas-es","9":"first","10":"instock","11":"taxable","12":"shipping-taxable","13":"purchasable","14":"product-type-simple"},"acf":[],"yoast_head":"<!-- This site is optimized with the Yoast SEO plugin v27.4 - https:\/\/yoast.com\/product\/yoast-seo-wordpress\/ -->\n<title>Sof\u00e1 CAIRO con Chaise Longue y Brazos Abatibles \u2013 4 Plazas -<\/title>\n<meta name=\"description\" content=\"Sof\u00e1 CAIRO de 4 plazas con chaise longue y brazos abatibles. Dise\u00f1o c\u00f3modo, respaldo alto y tapizado beige ideal para cualquier sal\u00f3n moderno.\" \/>\n<meta name=\"robots\" content=\"index, follow, max-snippet:-1, max-image-preview:large, max-video-preview:-1\" \/>\n<link rel=\"canonical\" href=\"https:\/\/gesmobles.cat\/es\/producto\/sofa-chaise-longue-sofa-con-brazos-abatibles-sofa-relax-sofa-beige-sofa-4-plazas-sofa-comodo-sofa-con-respaldo-alto-sofa-rinconero-muebles-salon-sofa-funcional\/\" \/>\n<meta property=\"og:locale\" content=\"es_ES\" \/>\n<meta property=\"og:type\" content=\"article\" \/>\n<meta property=\"og:title\" content=\"Sof\u00e1 CAIRO con Chaise Longue y Brazos Abatibles \u2013 4 Plazas -\" \/>\n<meta property=\"og:description\" content=\"Sof\u00e1 CAIRO de 4 plazas con chaise longue y brazos abatibles. Dise\u00f1o c\u00f3modo, respaldo alto y tapizado beige ideal para cualquier sal\u00f3n moderno.\" \/>\n<meta property=\"og:url\" content=\"https:\/\/gesmobles.cat\/es\/producto\/sofa-chaise-longue-sofa-con-brazos-abatibles-sofa-relax-sofa-beige-sofa-4-plazas-sofa-comodo-sofa-con-respaldo-alto-sofa-rinconero-muebles-salon-sofa-funcional\/\" \/>\n<meta property=\"article:modified_time\" content=\"2025-08-25T16:43:41+00:00\" \/>\n<meta property=\"og:image\" content=\"https:\/\/gesmobles.cat\/wp-content\/uploads\/2025\/05\/cairo-scaled.webp\" \/>\n\t<meta property=\"og:image:width\" content=\"2560\" \/>\n\t<meta property=\"og:image:height\" content=\"1972\" \/>\n\t<meta property=\"og:image:type\" content=\"image\/webp\" \/>\n<meta name=\"twitter:card\" content=\"summary_large_image\" \/>\n<meta name=\"twitter:label1\" content=\"Tiempo de lectura\" \/>\n\t<meta name=\"twitter:data1\" content=\"1 minuto\" \/>\n<!-- \/ Yoast SEO plugin. -->","yoast_head_json":{"title":"Sof\u00e1 CAIRO con Chaise Longue y Brazos Abatibles \u2013 4 Plazas -","description":"Sof\u00e1 CAIRO de 4 plazas con chaise longue y brazos abatibles. Dise\u00f1o c\u00f3modo, respaldo alto y tapizado beige ideal para cualquier sal\u00f3n moderno.","robots":{"index":"index","follow":"follow","max-snippet":"max-snippet:-1","max-image-preview":"max-image-preview:large","max-video-preview":"max-video-preview:-1"},"canonical":"https:\/\/gesmobles.cat\/es\/producto\/sofa-chaise-longue-sofa-con-brazos-abatibles-sofa-relax-sofa-beige-sofa-4-plazas-sofa-comodo-sofa-con-respaldo-alto-sofa-rinconero-muebles-salon-sofa-funcional\/","og_locale":"es_ES","og_type":"article","og_title":"Sof\u00e1 CAIRO con Chaise Longue y Brazos Abatibles \u2013 4 Plazas -","og_description":"Sof\u00e1 CAIRO de 4 plazas con chaise longue y brazos abatibles. Dise\u00f1o c\u00f3modo, respaldo alto y tapizado beige ideal para cualquier sal\u00f3n moderno.","og_url":"https:\/\/gesmobles.cat\/es\/producto\/sofa-chaise-longue-sofa-con-brazos-abatibles-sofa-relax-sofa-beige-sofa-4-plazas-sofa-comodo-sofa-con-respaldo-alto-sofa-rinconero-muebles-salon-sofa-funcional\/","article_modified_time":"2025-08-25T16:43:41+00:00","og_image":[{"width":2560,"height":1972,"url":"https:\/\/gesmobles.cat\/wp-content\/uploads\/2025\/05\/cairo-scaled.webp","type":"image\/webp"}],"twitter_card":"summary_large_image","twitter_misc":{"Tiempo de lectura":"1 minuto"},"schema":{"@context":"https:\/\/schema.org","@graph":[]}},"_links":{"self":[{"href":"https:\/\/gesmobles.cat\/es\/wp-json\/wp\/v2\/product\/4178","targetHints":{"allow":["GET"]}}],"collection":[{"href":"https:\/\/gesmobles.cat\/es\/wp-json\/wp\/v2\/product"}],"about":[{"href":"https:\/\/gesmobles.cat\/es\/wp-json\/wp\/v2\/types\/product"}],"replies":[{"embeddable":true,"href":"https:\/\/gesmobles.cat\/es\/wp-json\/wp\/v2\/comments?post=4178"}],"wp:featuredmedia":[{"embeddable":true,"href":"https:\/\/gesmobles.cat\/es\/wp-json\/wp\/v2\/media\/4179"}],"wp:attachment":[{"href":"https:\/\/gesmobles.cat\/es\/wp-json\/wp\/v2\/media?parent=4178"}],"wp:term":[{"taxonomy":"product_brand","embeddable":true,"href":"https:\/\/gesmobles.cat\/es\/wp-json\/wp\/v2\/product_brand?post=4178"},{"taxonomy":"product_cat","embeddable":true,"href":"https:\/\/gesmobles.cat\/es\/wp-json\/wp\/v2\/product_cat?post=4178"},{"taxonomy":"product_tag","embeddable":true,"href":"https:\/\/gesmobles.cat\/es\/wp-json\/wp\/v2\/product_tag?post=4178"}],"curies":[{"name":"wp","href":"https:\/\/api.w.org\/{rel}","templated":true}]}}