{"id":4216,"date":"2025-05-26T16:53:09","date_gmt":"2025-05-26T14:53:09","guid":{"rendered":"https:\/\/gesmobles.cat\/?post_type=product&#038;p=4216"},"modified":"2025-08-21T15:40:56","modified_gmt":"2025-08-21T13:40:56","slug":"sofa-relax-sofa-3-plazas-sofa-beige-sofa-comodo-sofa-moderno-sofa-deslizante-sofa-reclinable-sofa-salon-muebles-de-salon-gesmobles","status":"publish","type":"product","link":"https:\/\/gesmobles.cat\/es\/producto\/sofa-relax-sofa-3-plazas-sofa-beige-sofa-comodo-sofa-moderno-sofa-deslizante-sofa-reclinable-sofa-salon-muebles-de-salon-gesmobles\/","title":{"rendered":"Sof\u00e1 DUKE de 3 plazas relax tapizado en beige"},"content":{"rendered":"<p>El sof\u00e1 DUKE de 3 plazas combina estilo, comodidad y funcionalidad en un dise\u00f1o moderno y envolvente. Tapizado en un elegante tono beige, este sof\u00e1 incorpora asientos deslizantes y respaldos reclinables, ideales para relajarte en cualquier momento del d\u00eda. Sus brazos acolchados y respaldos altos ofrecen un soporte ergon\u00f3mico que se adapta perfectamente a la forma del cuerpo. Con un dise\u00f1o robusto y l\u00edneas suaves, el sof\u00e1 DUKE es perfecto para salones que buscan confort sin renunciar a la est\u00e9tica.<\/p>\n","protected":false},"excerpt":{"rendered":"<p>El sof\u00e1 DUKE de 3 plazas combina estilo, comodidad y funcionalidad en un dise\u00f1o moderno y envolvente. Tapizado en un elegante tono beige, este sof\u00e1 incorpora asientos deslizantes y respaldos reclinables, ideales para relajarte en cualquier momento del d\u00eda. Sus brazos acolchados y respaldos altos ofrecen un soporte ergon\u00f3mico que se adapta perfectamente a la [&hellip;]<\/p>\n","protected":false},"featured_media":4219,"comment_status":"open","ping_status":"closed","template":"","meta":[],"product_brand":[],"product_cat":[51,53],"product_tag":[],"class_list":{"0":"post-4216","1":"product","2":"type-product","3":"status-publish","4":"has-post-thumbnail","6":"product_cat-muebles-es","7":"product_cat-sofas-es","9":"first","10":"instock","11":"taxable","12":"shipping-taxable","13":"purchasable","14":"product-type-simple"},"acf":[],"yoast_head":"<!-- This site is optimized with the Yoast SEO plugin v27.4 - https:\/\/yoast.com\/product\/yoast-seo-wordpress\/ -->\n<title>Sof\u00e1 DUKE de 3 plazas relax tapizado en beige -<\/title>\n<meta name=\"description\" content=\"Sof\u00e1 DUKE de 3 plazas relax en color beige, con asientos deslizantes y respaldos reclinables. Dise\u00f1o moderno, c\u00f3modo y funcional para tu sal\u00f3n.\" \/>\n<meta name=\"robots\" content=\"index, follow, max-snippet:-1, max-image-preview:large, max-video-preview:-1\" \/>\n<link rel=\"canonical\" href=\"https:\/\/gesmobles.cat\/es\/producto\/sofa-relax-sofa-3-plazas-sofa-beige-sofa-comodo-sofa-moderno-sofa-deslizante-sofa-reclinable-sofa-salon-muebles-de-salon-gesmobles\/\" \/>\n<meta property=\"og:locale\" content=\"es_ES\" \/>\n<meta property=\"og:type\" content=\"article\" \/>\n<meta property=\"og:title\" content=\"Sof\u00e1 DUKE de 3 plazas relax tapizado en beige -\" \/>\n<meta property=\"og:description\" content=\"Sof\u00e1 DUKE de 3 plazas relax en color beige, con asientos deslizantes y respaldos reclinables. Dise\u00f1o moderno, c\u00f3modo y funcional para tu sal\u00f3n.\" \/>\n<meta property=\"og:url\" content=\"https:\/\/gesmobles.cat\/es\/producto\/sofa-relax-sofa-3-plazas-sofa-beige-sofa-comodo-sofa-moderno-sofa-deslizante-sofa-reclinable-sofa-salon-muebles-de-salon-gesmobles\/\" \/>\n<meta property=\"article:modified_time\" content=\"2025-08-21T13:40:56+00:00\" \/>\n<meta property=\"og:image\" content=\"https:\/\/gesmobles.cat\/wp-content\/uploads\/2025\/05\/duke-scaled.webp\" \/>\n\t<meta property=\"og:image:width\" content=\"2560\" \/>\n\t<meta property=\"og:image:height\" content=\"1972\" \/>\n\t<meta property=\"og:image:type\" content=\"image\/webp\" \/>\n<meta name=\"twitter:card\" content=\"summary_large_image\" \/>\n<meta name=\"twitter:label1\" content=\"Tiempo de lectura\" \/>\n\t<meta name=\"twitter:data1\" content=\"1 minuto\" \/>\n<!-- \/ Yoast SEO plugin. -->","yoast_head_json":{"title":"Sof\u00e1 DUKE de 3 plazas relax tapizado en beige -","description":"Sof\u00e1 DUKE de 3 plazas relax en color beige, con asientos deslizantes y respaldos reclinables. Dise\u00f1o moderno, c\u00f3modo y funcional para tu sal\u00f3n.","robots":{"index":"index","follow":"follow","max-snippet":"max-snippet:-1","max-image-preview":"max-image-preview:large","max-video-preview":"max-video-preview:-1"},"canonical":"https:\/\/gesmobles.cat\/es\/producto\/sofa-relax-sofa-3-plazas-sofa-beige-sofa-comodo-sofa-moderno-sofa-deslizante-sofa-reclinable-sofa-salon-muebles-de-salon-gesmobles\/","og_locale":"es_ES","og_type":"article","og_title":"Sof\u00e1 DUKE de 3 plazas relax tapizado en beige -","og_description":"Sof\u00e1 DUKE de 3 plazas relax en color beige, con asientos deslizantes y respaldos reclinables. Dise\u00f1o moderno, c\u00f3modo y funcional para tu sal\u00f3n.","og_url":"https:\/\/gesmobles.cat\/es\/producto\/sofa-relax-sofa-3-plazas-sofa-beige-sofa-comodo-sofa-moderno-sofa-deslizante-sofa-reclinable-sofa-salon-muebles-de-salon-gesmobles\/","article_modified_time":"2025-08-21T13:40:56+00:00","og_image":[{"width":2560,"height":1972,"url":"https:\/\/gesmobles.cat\/wp-content\/uploads\/2025\/05\/duke-scaled.webp","type":"image\/webp"}],"twitter_card":"summary_large_image","twitter_misc":{"Tiempo de lectura":"1 minuto"},"schema":{"@context":"https:\/\/schema.org","@graph":[]}},"_links":{"self":[{"href":"https:\/\/gesmobles.cat\/es\/wp-json\/wp\/v2\/product\/4216","targetHints":{"allow":["GET"]}}],"collection":[{"href":"https:\/\/gesmobles.cat\/es\/wp-json\/wp\/v2\/product"}],"about":[{"href":"https:\/\/gesmobles.cat\/es\/wp-json\/wp\/v2\/types\/product"}],"replies":[{"embeddable":true,"href":"https:\/\/gesmobles.cat\/es\/wp-json\/wp\/v2\/comments?post=4216"}],"wp:featuredmedia":[{"embeddable":true,"href":"https:\/\/gesmobles.cat\/es\/wp-json\/wp\/v2\/media\/4219"}],"wp:attachment":[{"href":"https:\/\/gesmobles.cat\/es\/wp-json\/wp\/v2\/media?parent=4216"}],"wp:term":[{"taxonomy":"product_brand","embeddable":true,"href":"https:\/\/gesmobles.cat\/es\/wp-json\/wp\/v2\/product_brand?post=4216"},{"taxonomy":"product_cat","embeddable":true,"href":"https:\/\/gesmobles.cat\/es\/wp-json\/wp\/v2\/product_cat?post=4216"},{"taxonomy":"product_tag","embeddable":true,"href":"https:\/\/gesmobles.cat\/es\/wp-json\/wp\/v2\/product_tag?post=4216"}],"curies":[{"name":"wp","href":"https:\/\/api.w.org\/{rel}","templated":true}]}}