{"id":4224,"date":"2025-05-26T17:02:56","date_gmt":"2025-05-26T15:02:56","guid":{"rendered":"https:\/\/gesmobles.cat\/?post_type=product&#038;p=4224"},"modified":"2025-08-21T15:40:13","modified_gmt":"2025-08-21T13:40:13","slug":"sofa-chester-sofa-clasico-sofa-3-plazas-sofa-negro-sofa-vintage-sofa-piel-sintetica-sofa-elegante-muebles-de-salon-sofa-tapizado-gesmobles","status":"publish","type":"product","link":"https:\/\/gesmobles.cat\/es\/producto\/sofa-chester-sofa-clasico-sofa-3-plazas-sofa-negro-sofa-vintage-sofa-piel-sintetica-sofa-elegante-muebles-de-salon-sofa-tapizado-gesmobles\/","title":{"rendered":"Sof\u00e1 Chester de 3 plazas en piel sint\u00e9tica negra"},"content":{"rendered":"<p>El sof\u00e1 Chester de 3 plazas es un icono de elegancia cl\u00e1sica que nunca pasa de moda. Con su caracter\u00edstico respaldo capiton\u00e9, brazos enrollados y tapizado en piel sint\u00e9tica negra de alta calidad, este sof\u00e1 se convierte en el protagonista de cualquier estancia. Su estructura robusta y su acolchado firme lo hacen ideal tanto para el hogar como para espacios profesionales que busquen un toque distinguido.<\/p>\n<p>Perfecto para salones, despachos o ambientes de estilo vintage, este sof\u00e1 combina presencia, comodidad y durabilidad. Sus patas torneadas en madera completan un dise\u00f1o sofisticado que destaca por su gran personalidad.<\/p>\n","protected":false},"excerpt":{"rendered":"<p>El sof\u00e1 Chester de 3 plazas es un icono de elegancia cl\u00e1sica que nunca pasa de moda. Con su caracter\u00edstico respaldo capiton\u00e9, brazos enrollados y tapizado en piel sint\u00e9tica negra de alta calidad, este sof\u00e1 se convierte en el protagonista de cualquier estancia. Su estructura robusta y su acolchado firme lo hacen ideal tanto para [&hellip;]<\/p>\n","protected":false},"featured_media":4225,"comment_status":"open","ping_status":"closed","template":"","meta":[],"product_brand":[],"product_cat":[51,53],"product_tag":[],"class_list":{"0":"post-4224","1":"product","2":"type-product","3":"status-publish","4":"has-post-thumbnail","6":"product_cat-muebles-es","7":"product_cat-sofas-es","9":"first","10":"instock","11":"taxable","12":"shipping-taxable","13":"purchasable","14":"product-type-simple"},"acf":[],"yoast_head":"<!-- This site is optimized with the Yoast SEO plugin v27.4 - https:\/\/yoast.com\/product\/yoast-seo-wordpress\/ -->\n<title>Sof\u00e1 Chester de 3 plazas en piel sint\u00e9tica negra -<\/title>\n<meta name=\"description\" content=\"Sof\u00e1 Chesterfield negro de 3 plazas en piel sint\u00e9tica, con respaldo capiton\u00e9 y brazos redondeados. Un cl\u00e1sico elegante ideal para cualquier sal\u00f3n o despacho.\" \/>\n<meta name=\"robots\" content=\"index, follow, max-snippet:-1, max-image-preview:large, max-video-preview:-1\" \/>\n<link rel=\"canonical\" href=\"https:\/\/gesmobles.cat\/es\/producto\/sofa-chester-sofa-clasico-sofa-3-plazas-sofa-negro-sofa-vintage-sofa-piel-sintetica-sofa-elegante-muebles-de-salon-sofa-tapizado-gesmobles\/\" \/>\n<meta property=\"og:locale\" content=\"es_ES\" \/>\n<meta property=\"og:type\" content=\"article\" \/>\n<meta property=\"og:title\" content=\"Sof\u00e1 Chester de 3 plazas en piel sint\u00e9tica negra -\" \/>\n<meta property=\"og:description\" content=\"Sof\u00e1 Chesterfield negro de 3 plazas en piel sint\u00e9tica, con respaldo capiton\u00e9 y brazos redondeados. Un cl\u00e1sico elegante ideal para cualquier sal\u00f3n o despacho.\" \/>\n<meta property=\"og:url\" content=\"https:\/\/gesmobles.cat\/es\/producto\/sofa-chester-sofa-clasico-sofa-3-plazas-sofa-negro-sofa-vintage-sofa-piel-sintetica-sofa-elegante-muebles-de-salon-sofa-tapizado-gesmobles\/\" \/>\n<meta property=\"article:modified_time\" content=\"2025-08-21T13:40:13+00:00\" \/>\n<meta property=\"og:image\" content=\"https:\/\/gesmobles.cat\/wp-content\/uploads\/2025\/05\/chester-1-scaled.webp\" \/>\n\t<meta property=\"og:image:width\" content=\"2560\" \/>\n\t<meta property=\"og:image:height\" content=\"1972\" \/>\n\t<meta property=\"og:image:type\" content=\"image\/webp\" \/>\n<meta name=\"twitter:card\" content=\"summary_large_image\" \/>\n<meta name=\"twitter:label1\" content=\"Tiempo de lectura\" \/>\n\t<meta name=\"twitter:data1\" content=\"1 minuto\" \/>\n<!-- \/ Yoast SEO plugin. -->","yoast_head_json":{"title":"Sof\u00e1 Chester de 3 plazas en piel sint\u00e9tica negra -","description":"Sof\u00e1 Chesterfield negro de 3 plazas en piel sint\u00e9tica, con respaldo capiton\u00e9 y brazos redondeados. Un cl\u00e1sico elegante ideal para cualquier sal\u00f3n o despacho.","robots":{"index":"index","follow":"follow","max-snippet":"max-snippet:-1","max-image-preview":"max-image-preview:large","max-video-preview":"max-video-preview:-1"},"canonical":"https:\/\/gesmobles.cat\/es\/producto\/sofa-chester-sofa-clasico-sofa-3-plazas-sofa-negro-sofa-vintage-sofa-piel-sintetica-sofa-elegante-muebles-de-salon-sofa-tapizado-gesmobles\/","og_locale":"es_ES","og_type":"article","og_title":"Sof\u00e1 Chester de 3 plazas en piel sint\u00e9tica negra -","og_description":"Sof\u00e1 Chesterfield negro de 3 plazas en piel sint\u00e9tica, con respaldo capiton\u00e9 y brazos redondeados. Un cl\u00e1sico elegante ideal para cualquier sal\u00f3n o despacho.","og_url":"https:\/\/gesmobles.cat\/es\/producto\/sofa-chester-sofa-clasico-sofa-3-plazas-sofa-negro-sofa-vintage-sofa-piel-sintetica-sofa-elegante-muebles-de-salon-sofa-tapizado-gesmobles\/","article_modified_time":"2025-08-21T13:40:13+00:00","og_image":[{"width":2560,"height":1972,"url":"https:\/\/gesmobles.cat\/wp-content\/uploads\/2025\/05\/chester-1-scaled.webp","type":"image\/webp"}],"twitter_card":"summary_large_image","twitter_misc":{"Tiempo de lectura":"1 minuto"},"schema":{"@context":"https:\/\/schema.org","@graph":[]}},"_links":{"self":[{"href":"https:\/\/gesmobles.cat\/es\/wp-json\/wp\/v2\/product\/4224","targetHints":{"allow":["GET"]}}],"collection":[{"href":"https:\/\/gesmobles.cat\/es\/wp-json\/wp\/v2\/product"}],"about":[{"href":"https:\/\/gesmobles.cat\/es\/wp-json\/wp\/v2\/types\/product"}],"replies":[{"embeddable":true,"href":"https:\/\/gesmobles.cat\/es\/wp-json\/wp\/v2\/comments?post=4224"}],"wp:featuredmedia":[{"embeddable":true,"href":"https:\/\/gesmobles.cat\/es\/wp-json\/wp\/v2\/media\/4225"}],"wp:attachment":[{"href":"https:\/\/gesmobles.cat\/es\/wp-json\/wp\/v2\/media?parent=4224"}],"wp:term":[{"taxonomy":"product_brand","embeddable":true,"href":"https:\/\/gesmobles.cat\/es\/wp-json\/wp\/v2\/product_brand?post=4224"},{"taxonomy":"product_cat","embeddable":true,"href":"https:\/\/gesmobles.cat\/es\/wp-json\/wp\/v2\/product_cat?post=4224"},{"taxonomy":"product_tag","embeddable":true,"href":"https:\/\/gesmobles.cat\/es\/wp-json\/wp\/v2\/product_tag?post=4224"}],"curies":[{"name":"wp","href":"https:\/\/api.w.org\/{rel}","templated":true}]}}