{"id":4239,"date":"2025-05-26T17:22:20","date_gmt":"2025-05-26T15:22:20","guid":{"rendered":"https:\/\/gesmobles.cat\/?post_type=product&#038;p=4239"},"modified":"2025-08-21T15:38:34","modified_gmt":"2025-08-21T13:38:34","slug":"sofa-2-plazas-sofa-gris-oscuro-sofa-compacto-sofa-moderno-sofa-pequeno-sofa-comodo-sofa-salon-sofa-minimalista-muebles-de-salon-gesmobles","status":"publish","type":"product","link":"https:\/\/gesmobles.cat\/es\/producto\/sofa-2-plazas-sofa-gris-oscuro-sofa-compacto-sofa-moderno-sofa-pequeno-sofa-comodo-sofa-salon-sofa-minimalista-muebles-de-salon-gesmobles\/","title":{"rendered":"Sof\u00e1 CHIC de 2 plazas tapizado en gris oscuro"},"content":{"rendered":"<p>El sof\u00e1 CHIC de 2 plazas es la opci\u00f3n ideal para quienes buscan comodidad y dise\u00f1o en espacios reducidos. Tapizado en un elegante tono gris oscuro, este sof\u00e1 compacto destaca por sus l\u00edneas rectas, cojines de respaldo acolchados y brazos generosos que garantizan una experiencia de descanso placentera.<\/p>\n<p>Su tama\u00f1o funcional lo convierte en la elecci\u00f3n perfecta para pisos, estudios o rincones de lectura. Adem\u00e1s, su estructura resistente y su tejido suave y duradero aseguran un uso prolongado sin renunciar al estilo contempor\u00e1neo.<\/p>\n","protected":false},"excerpt":{"rendered":"<p>El sof\u00e1 CHIC de 2 plazas es la opci\u00f3n ideal para quienes buscan comodidad y dise\u00f1o en espacios reducidos. Tapizado en un elegante tono gris oscuro, este sof\u00e1 compacto destaca por sus l\u00edneas rectas, cojines de respaldo acolchados y brazos generosos que garantizan una experiencia de descanso placentera. Su tama\u00f1o funcional lo convierte en la [&hellip;]<\/p>\n","protected":false},"featured_media":4240,"comment_status":"open","ping_status":"closed","template":"","meta":[],"product_brand":[],"product_cat":[51,53],"product_tag":[],"class_list":{"0":"post-4239","1":"product","2":"type-product","3":"status-publish","4":"has-post-thumbnail","6":"product_cat-muebles-es","7":"product_cat-sofas-es","9":"first","10":"instock","11":"taxable","12":"shipping-taxable","13":"purchasable","14":"product-type-simple"},"acf":[],"yoast_head":"<!-- This site is optimized with the Yoast SEO plugin v27.4 - https:\/\/yoast.com\/product\/yoast-seo-wordpress\/ -->\n<title>Sof\u00e1 CHIC de 2 plazas tapizado en gris oscuro -<\/title>\n<meta name=\"description\" content=\"Sof\u00e1 CHIC de 2 plazas en color gris oscuro, compacto, c\u00f3modo y moderno. Ideal para pisos, estudios y espacios peque\u00f1os.\" \/>\n<meta name=\"robots\" content=\"index, follow, max-snippet:-1, max-image-preview:large, max-video-preview:-1\" \/>\n<link rel=\"canonical\" href=\"https:\/\/gesmobles.cat\/es\/producto\/sofa-2-plazas-sofa-gris-oscuro-sofa-compacto-sofa-moderno-sofa-pequeno-sofa-comodo-sofa-salon-sofa-minimalista-muebles-de-salon-gesmobles\/\" \/>\n<meta property=\"og:locale\" content=\"es_ES\" \/>\n<meta property=\"og:type\" content=\"article\" \/>\n<meta property=\"og:title\" content=\"Sof\u00e1 CHIC de 2 plazas tapizado en gris oscuro -\" \/>\n<meta property=\"og:description\" content=\"Sof\u00e1 CHIC de 2 plazas en color gris oscuro, compacto, c\u00f3modo y moderno. Ideal para pisos, estudios y espacios peque\u00f1os.\" \/>\n<meta property=\"og:url\" content=\"https:\/\/gesmobles.cat\/es\/producto\/sofa-2-plazas-sofa-gris-oscuro-sofa-compacto-sofa-moderno-sofa-pequeno-sofa-comodo-sofa-salon-sofa-minimalista-muebles-de-salon-gesmobles\/\" \/>\n<meta property=\"article:modified_time\" content=\"2025-08-21T13:38:34+00:00\" \/>\n<meta property=\"og:image\" content=\"https:\/\/gesmobles.cat\/wp-content\/uploads\/2025\/05\/chic2pl-1-scaled.webp\" \/>\n\t<meta property=\"og:image:width\" content=\"2560\" \/>\n\t<meta property=\"og:image:height\" content=\"1972\" \/>\n\t<meta property=\"og:image:type\" content=\"image\/webp\" \/>\n<meta name=\"twitter:card\" content=\"summary_large_image\" \/>\n<meta name=\"twitter:label1\" content=\"Tiempo de lectura\" \/>\n\t<meta name=\"twitter:data1\" content=\"1 minuto\" \/>\n<!-- \/ Yoast SEO plugin. -->","yoast_head_json":{"title":"Sof\u00e1 CHIC de 2 plazas tapizado en gris oscuro -","description":"Sof\u00e1 CHIC de 2 plazas en color gris oscuro, compacto, c\u00f3modo y moderno. Ideal para pisos, estudios y espacios peque\u00f1os.","robots":{"index":"index","follow":"follow","max-snippet":"max-snippet:-1","max-image-preview":"max-image-preview:large","max-video-preview":"max-video-preview:-1"},"canonical":"https:\/\/gesmobles.cat\/es\/producto\/sofa-2-plazas-sofa-gris-oscuro-sofa-compacto-sofa-moderno-sofa-pequeno-sofa-comodo-sofa-salon-sofa-minimalista-muebles-de-salon-gesmobles\/","og_locale":"es_ES","og_type":"article","og_title":"Sof\u00e1 CHIC de 2 plazas tapizado en gris oscuro -","og_description":"Sof\u00e1 CHIC de 2 plazas en color gris oscuro, compacto, c\u00f3modo y moderno. Ideal para pisos, estudios y espacios peque\u00f1os.","og_url":"https:\/\/gesmobles.cat\/es\/producto\/sofa-2-plazas-sofa-gris-oscuro-sofa-compacto-sofa-moderno-sofa-pequeno-sofa-comodo-sofa-salon-sofa-minimalista-muebles-de-salon-gesmobles\/","article_modified_time":"2025-08-21T13:38:34+00:00","og_image":[{"width":2560,"height":1972,"url":"https:\/\/gesmobles.cat\/wp-content\/uploads\/2025\/05\/chic2pl-1-scaled.webp","type":"image\/webp"}],"twitter_card":"summary_large_image","twitter_misc":{"Tiempo de lectura":"1 minuto"},"schema":{"@context":"https:\/\/schema.org","@graph":[]}},"_links":{"self":[{"href":"https:\/\/gesmobles.cat\/es\/wp-json\/wp\/v2\/product\/4239","targetHints":{"allow":["GET"]}}],"collection":[{"href":"https:\/\/gesmobles.cat\/es\/wp-json\/wp\/v2\/product"}],"about":[{"href":"https:\/\/gesmobles.cat\/es\/wp-json\/wp\/v2\/types\/product"}],"replies":[{"embeddable":true,"href":"https:\/\/gesmobles.cat\/es\/wp-json\/wp\/v2\/comments?post=4239"}],"wp:featuredmedia":[{"embeddable":true,"href":"https:\/\/gesmobles.cat\/es\/wp-json\/wp\/v2\/media\/4240"}],"wp:attachment":[{"href":"https:\/\/gesmobles.cat\/es\/wp-json\/wp\/v2\/media?parent=4239"}],"wp:term":[{"taxonomy":"product_brand","embeddable":true,"href":"https:\/\/gesmobles.cat\/es\/wp-json\/wp\/v2\/product_brand?post=4239"},{"taxonomy":"product_cat","embeddable":true,"href":"https:\/\/gesmobles.cat\/es\/wp-json\/wp\/v2\/product_cat?post=4239"},{"taxonomy":"product_tag","embeddable":true,"href":"https:\/\/gesmobles.cat\/es\/wp-json\/wp\/v2\/product_tag?post=4239"}],"curies":[{"name":"wp","href":"https:\/\/api.w.org\/{rel}","templated":true}]}}