{"id":4250,"date":"2025-05-26T17:30:14","date_gmt":"2025-05-26T15:30:14","guid":{"rendered":"https:\/\/gesmobles.cat\/?post_type=product&#038;p=4250"},"modified":"2025-08-21T15:37:52","modified_gmt":"2025-08-21T13:37:52","slug":"sofa-3-plazas-sofa-marron-oscuro-sofa-relax-sofa-moderno-sofa-con-asientos-deslizantes-sofa-cabezales-reclinables-sofa-efecto-piel-sofa-comodo-muebles-de-salon-gesmoble","status":"publish","type":"product","link":"https:\/\/gesmobles.cat\/es\/producto\/sofa-3-plazas-sofa-marron-oscuro-sofa-relax-sofa-moderno-sofa-con-asientos-deslizantes-sofa-cabezales-reclinables-sofa-efecto-piel-sofa-comodo-muebles-de-salon-gesmoble\/","title":{"rendered":"Sof\u00e1 LUNA de 3 plazas con asientos deslizantes y cabezales reclinables"},"content":{"rendered":"<p>El sof\u00e1 LUNA de 3 plazas destaca por su dise\u00f1o envolvente y su excelente confort. Tapizado en un tejido efecto piel envejecida de color marr\u00f3n oscuro, este modelo combina elegancia y funcionalidad en un solo mueble. Equipado con asientos deslizantes y cabezales reclinables, permite adaptar la posici\u00f3n del cuerpo para una experiencia de descanso personalizada.<\/p>\n<p>Gracias a sus respaldos altos, brazos mullidos y estructura robusta, el sof\u00e1 LUNA es ideal para quienes buscan estilo y relax en su sal\u00f3n. Su dise\u00f1o contempor\u00e1neo lo hace perfecto tanto para ambientes modernos como r\u00fasticos o industriales.<\/p>\n","protected":false},"excerpt":{"rendered":"<p>El sof\u00e1 LUNA de 3 plazas destaca por su dise\u00f1o envolvente y su excelente confort. Tapizado en un tejido efecto piel envejecida de color marr\u00f3n oscuro, este modelo combina elegancia y funcionalidad en un solo mueble. Equipado con asientos deslizantes y cabezales reclinables, permite adaptar la posici\u00f3n del cuerpo para una experiencia de descanso personalizada. [&hellip;]<\/p>\n","protected":false},"featured_media":4251,"comment_status":"open","ping_status":"closed","template":"","meta":[],"product_brand":[],"product_cat":[51,53],"product_tag":[],"class_list":{"0":"post-4250","1":"product","2":"type-product","3":"status-publish","4":"has-post-thumbnail","6":"product_cat-muebles-es","7":"product_cat-sofas-es","9":"first","10":"instock","11":"taxable","12":"shipping-taxable","13":"purchasable","14":"product-type-simple"},"acf":[],"yoast_head":"<!-- This site is optimized with the Yoast SEO plugin v27.4 - https:\/\/yoast.com\/product\/yoast-seo-wordpress\/ -->\n<title>Sof\u00e1 LUNA de 3 plazas con asientos deslizantes y cabezales reclinables -<\/title>\n<meta name=\"description\" content=\"Sof\u00e1 LUNA de 3 plazas con asientos deslizantes y cabezales reclinables. Tapizado en marr\u00f3n oscuro con efecto piel envejecida. Confort y estilo para tu sal\u00f3n.\" \/>\n<meta name=\"robots\" content=\"index, follow, max-snippet:-1, max-image-preview:large, max-video-preview:-1\" \/>\n<link rel=\"canonical\" href=\"https:\/\/gesmobles.cat\/es\/producto\/sofa-3-plazas-sofa-marron-oscuro-sofa-relax-sofa-moderno-sofa-con-asientos-deslizantes-sofa-cabezales-reclinables-sofa-efecto-piel-sofa-comodo-muebles-de-salon-gesmoble\/\" \/>\n<meta property=\"og:locale\" content=\"es_ES\" \/>\n<meta property=\"og:type\" content=\"article\" \/>\n<meta property=\"og:title\" content=\"Sof\u00e1 LUNA de 3 plazas con asientos deslizantes y cabezales reclinables -\" \/>\n<meta property=\"og:description\" content=\"Sof\u00e1 LUNA de 3 plazas con asientos deslizantes y cabezales reclinables. Tapizado en marr\u00f3n oscuro con efecto piel envejecida. Confort y estilo para tu sal\u00f3n.\" \/>\n<meta property=\"og:url\" content=\"https:\/\/gesmobles.cat\/es\/producto\/sofa-3-plazas-sofa-marron-oscuro-sofa-relax-sofa-moderno-sofa-con-asientos-deslizantes-sofa-cabezales-reclinables-sofa-efecto-piel-sofa-comodo-muebles-de-salon-gesmoble\/\" \/>\n<meta property=\"article:modified_time\" content=\"2025-08-21T13:37:52+00:00\" \/>\n<meta property=\"og:image\" content=\"https:\/\/gesmobles.cat\/wp-content\/uploads\/2025\/05\/luna-2-scaled.webp\" \/>\n\t<meta property=\"og:image:width\" content=\"2560\" \/>\n\t<meta property=\"og:image:height\" content=\"1972\" \/>\n\t<meta property=\"og:image:type\" content=\"image\/webp\" \/>\n<meta name=\"twitter:card\" content=\"summary_large_image\" \/>\n<meta name=\"twitter:label1\" content=\"Tiempo de lectura\" \/>\n\t<meta name=\"twitter:data1\" content=\"1 minuto\" \/>\n<!-- \/ Yoast SEO plugin. -->","yoast_head_json":{"title":"Sof\u00e1 LUNA de 3 plazas con asientos deslizantes y cabezales reclinables -","description":"Sof\u00e1 LUNA de 3 plazas con asientos deslizantes y cabezales reclinables. Tapizado en marr\u00f3n oscuro con efecto piel envejecida. Confort y estilo para tu sal\u00f3n.","robots":{"index":"index","follow":"follow","max-snippet":"max-snippet:-1","max-image-preview":"max-image-preview:large","max-video-preview":"max-video-preview:-1"},"canonical":"https:\/\/gesmobles.cat\/es\/producto\/sofa-3-plazas-sofa-marron-oscuro-sofa-relax-sofa-moderno-sofa-con-asientos-deslizantes-sofa-cabezales-reclinables-sofa-efecto-piel-sofa-comodo-muebles-de-salon-gesmoble\/","og_locale":"es_ES","og_type":"article","og_title":"Sof\u00e1 LUNA de 3 plazas con asientos deslizantes y cabezales reclinables -","og_description":"Sof\u00e1 LUNA de 3 plazas con asientos deslizantes y cabezales reclinables. Tapizado en marr\u00f3n oscuro con efecto piel envejecida. Confort y estilo para tu sal\u00f3n.","og_url":"https:\/\/gesmobles.cat\/es\/producto\/sofa-3-plazas-sofa-marron-oscuro-sofa-relax-sofa-moderno-sofa-con-asientos-deslizantes-sofa-cabezales-reclinables-sofa-efecto-piel-sofa-comodo-muebles-de-salon-gesmoble\/","article_modified_time":"2025-08-21T13:37:52+00:00","og_image":[{"width":2560,"height":1972,"url":"https:\/\/gesmobles.cat\/wp-content\/uploads\/2025\/05\/luna-2-scaled.webp","type":"image\/webp"}],"twitter_card":"summary_large_image","twitter_misc":{"Tiempo de lectura":"1 minuto"},"schema":{"@context":"https:\/\/schema.org","@graph":[]}},"_links":{"self":[{"href":"https:\/\/gesmobles.cat\/es\/wp-json\/wp\/v2\/product\/4250","targetHints":{"allow":["GET"]}}],"collection":[{"href":"https:\/\/gesmobles.cat\/es\/wp-json\/wp\/v2\/product"}],"about":[{"href":"https:\/\/gesmobles.cat\/es\/wp-json\/wp\/v2\/types\/product"}],"replies":[{"embeddable":true,"href":"https:\/\/gesmobles.cat\/es\/wp-json\/wp\/v2\/comments?post=4250"}],"wp:featuredmedia":[{"embeddable":true,"href":"https:\/\/gesmobles.cat\/es\/wp-json\/wp\/v2\/media\/4251"}],"wp:attachment":[{"href":"https:\/\/gesmobles.cat\/es\/wp-json\/wp\/v2\/media?parent=4250"}],"wp:term":[{"taxonomy":"product_brand","embeddable":true,"href":"https:\/\/gesmobles.cat\/es\/wp-json\/wp\/v2\/product_brand?post=4250"},{"taxonomy":"product_cat","embeddable":true,"href":"https:\/\/gesmobles.cat\/es\/wp-json\/wp\/v2\/product_cat?post=4250"},{"taxonomy":"product_tag","embeddable":true,"href":"https:\/\/gesmobles.cat\/es\/wp-json\/wp\/v2\/product_tag?post=4250"}],"curies":[{"name":"wp","href":"https:\/\/api.w.org\/{rel}","templated":true}]}}