{"id":4289,"date":"2025-05-27T17:13:18","date_gmt":"2025-05-27T15:13:18","guid":{"rendered":"https:\/\/gesmobles.cat\/?post_type=product&#038;p=4289"},"modified":"2025-08-21T15:36:15","modified_gmt":"2025-08-21T13:36:15","slug":"sillon-relax-sillon-giratorio-sillon-electrico-sillon-gris-oscuro-sillon-moderno-sillon-ergonomico-muebles-de-salon-descanso-en-casa-butaca-reclinable-decoracion-contemporanea","status":"publish","type":"product","link":"https:\/\/gesmobles.cat\/es\/producto\/sillon-relax-sillon-giratorio-sillon-electrico-sillon-gris-oscuro-sillon-moderno-sillon-ergonomico-muebles-de-salon-descanso-en-casa-butaca-reclinable-decoracion-contemporanea\/","title":{"rendered":"Sill\u00f3n Relax Giratorio Parma \u2013 Tapizado en Tela Gris Oscuro"},"content":{"rendered":"<p>El sill\u00f3n Parma combina dise\u00f1o compacto con funcionalidad avanzada para ofrecer un confort total en cualquier espacio. Su respaldo ergon\u00f3mico con acolchado lumbar, los reposabrazos envolventes y su sistema de reclinaci\u00f3n el\u00e9ctrica con mando integrado lo convierten en la opci\u00f3n perfecta para quienes buscan comodidad sin renunciar al estilo. La base met\u00e1lica giratoria negra le da estabilidad y un aire contempor\u00e1neo, ideal tanto para salones modernos como para zonas de lectura.<\/p>\n<p>Gracias a su tapizado en tela gris oscuro de alta resistencia y tacto suave, el sill\u00f3n Parma es duradero, elegante y f\u00e1cil de integrar en cualquier ambiente.<\/p>\n","protected":false},"excerpt":{"rendered":"<p>El sill\u00f3n Parma combina dise\u00f1o compacto con funcionalidad avanzada para ofrecer un confort total en cualquier espacio. Su respaldo ergon\u00f3mico con acolchado lumbar, los reposabrazos envolventes y su sistema de reclinaci\u00f3n el\u00e9ctrica con mando integrado lo convierten en la opci\u00f3n perfecta para quienes buscan comodidad sin renunciar al estilo. La base met\u00e1lica giratoria negra le [&hellip;]<\/p>\n","protected":false},"featured_media":4290,"comment_status":"open","ping_status":"closed","template":"","meta":[],"product_brand":[],"product_cat":[51,559],"product_tag":[],"class_list":{"0":"post-4289","1":"product","2":"type-product","3":"status-publish","4":"has-post-thumbnail","6":"product_cat-muebles-es","7":"product_cat-sofas-relax-muebles-es","9":"first","10":"instock","11":"taxable","12":"shipping-taxable","13":"purchasable","14":"product-type-simple"},"acf":[],"yoast_head":"<!-- This site is optimized with the Yoast SEO plugin v27.4 - https:\/\/yoast.com\/product\/yoast-seo-wordpress\/ -->\n<title>Sill\u00f3n Relax Giratorio Parma \u2013 Tapizado en Tela Gris Oscuro -<\/title>\n<meta name=\"description\" content=\"Sill\u00f3n relax giratorio Parma con tapizado en tela gris oscuro, base met\u00e1lica negra y sistema reclinable el\u00e9ctrico. Dise\u00f1o compacto y m\u00e1xima comodidad.\" \/>\n<meta name=\"robots\" content=\"index, follow, max-snippet:-1, max-image-preview:large, max-video-preview:-1\" \/>\n<link rel=\"canonical\" href=\"https:\/\/gesmobles.cat\/es\/producto\/sillon-relax-sillon-giratorio-sillon-electrico-sillon-gris-oscuro-sillon-moderno-sillon-ergonomico-muebles-de-salon-descanso-en-casa-butaca-reclinable-decoracion-contemporanea\/\" \/>\n<meta property=\"og:locale\" content=\"es_ES\" \/>\n<meta property=\"og:type\" content=\"article\" \/>\n<meta property=\"og:title\" content=\"Sill\u00f3n Relax Giratorio Parma \u2013 Tapizado en Tela Gris Oscuro -\" \/>\n<meta property=\"og:description\" content=\"Sill\u00f3n relax giratorio Parma con tapizado en tela gris oscuro, base met\u00e1lica negra y sistema reclinable el\u00e9ctrico. Dise\u00f1o compacto y m\u00e1xima comodidad.\" \/>\n<meta property=\"og:url\" content=\"https:\/\/gesmobles.cat\/es\/producto\/sillon-relax-sillon-giratorio-sillon-electrico-sillon-gris-oscuro-sillon-moderno-sillon-ergonomico-muebles-de-salon-descanso-en-casa-butaca-reclinable-decoracion-contemporanea\/\" \/>\n<meta property=\"article:modified_time\" content=\"2025-08-21T13:36:15+00:00\" \/>\n<meta property=\"og:image\" content=\"https:\/\/gesmobles.cat\/wp-content\/uploads\/2025\/05\/parma-scaled.webp\" \/>\n\t<meta property=\"og:image:width\" content=\"2560\" \/>\n\t<meta property=\"og:image:height\" content=\"1972\" \/>\n\t<meta property=\"og:image:type\" content=\"image\/webp\" \/>\n<meta name=\"twitter:card\" content=\"summary_large_image\" \/>\n<meta name=\"twitter:label1\" content=\"Tiempo de lectura\" \/>\n\t<meta name=\"twitter:data1\" content=\"1 minuto\" \/>\n<!-- \/ Yoast SEO plugin. -->","yoast_head_json":{"title":"Sill\u00f3n Relax Giratorio Parma \u2013 Tapizado en Tela Gris Oscuro -","description":"Sill\u00f3n relax giratorio Parma con tapizado en tela gris oscuro, base met\u00e1lica negra y sistema reclinable el\u00e9ctrico. Dise\u00f1o compacto y m\u00e1xima comodidad.","robots":{"index":"index","follow":"follow","max-snippet":"max-snippet:-1","max-image-preview":"max-image-preview:large","max-video-preview":"max-video-preview:-1"},"canonical":"https:\/\/gesmobles.cat\/es\/producto\/sillon-relax-sillon-giratorio-sillon-electrico-sillon-gris-oscuro-sillon-moderno-sillon-ergonomico-muebles-de-salon-descanso-en-casa-butaca-reclinable-decoracion-contemporanea\/","og_locale":"es_ES","og_type":"article","og_title":"Sill\u00f3n Relax Giratorio Parma \u2013 Tapizado en Tela Gris Oscuro -","og_description":"Sill\u00f3n relax giratorio Parma con tapizado en tela gris oscuro, base met\u00e1lica negra y sistema reclinable el\u00e9ctrico. Dise\u00f1o compacto y m\u00e1xima comodidad.","og_url":"https:\/\/gesmobles.cat\/es\/producto\/sillon-relax-sillon-giratorio-sillon-electrico-sillon-gris-oscuro-sillon-moderno-sillon-ergonomico-muebles-de-salon-descanso-en-casa-butaca-reclinable-decoracion-contemporanea\/","article_modified_time":"2025-08-21T13:36:15+00:00","og_image":[{"width":2560,"height":1972,"url":"https:\/\/gesmobles.cat\/wp-content\/uploads\/2025\/05\/parma-scaled.webp","type":"image\/webp"}],"twitter_card":"summary_large_image","twitter_misc":{"Tiempo de lectura":"1 minuto"},"schema":{"@context":"https:\/\/schema.org","@graph":[]}},"_links":{"self":[{"href":"https:\/\/gesmobles.cat\/es\/wp-json\/wp\/v2\/product\/4289","targetHints":{"allow":["GET"]}}],"collection":[{"href":"https:\/\/gesmobles.cat\/es\/wp-json\/wp\/v2\/product"}],"about":[{"href":"https:\/\/gesmobles.cat\/es\/wp-json\/wp\/v2\/types\/product"}],"replies":[{"embeddable":true,"href":"https:\/\/gesmobles.cat\/es\/wp-json\/wp\/v2\/comments?post=4289"}],"wp:featuredmedia":[{"embeddable":true,"href":"https:\/\/gesmobles.cat\/es\/wp-json\/wp\/v2\/media\/4290"}],"wp:attachment":[{"href":"https:\/\/gesmobles.cat\/es\/wp-json\/wp\/v2\/media?parent=4289"}],"wp:term":[{"taxonomy":"product_brand","embeddable":true,"href":"https:\/\/gesmobles.cat\/es\/wp-json\/wp\/v2\/product_brand?post=4289"},{"taxonomy":"product_cat","embeddable":true,"href":"https:\/\/gesmobles.cat\/es\/wp-json\/wp\/v2\/product_cat?post=4289"},{"taxonomy":"product_tag","embeddable":true,"href":"https:\/\/gesmobles.cat\/es\/wp-json\/wp\/v2\/product_tag?post=4289"}],"curies":[{"name":"wp","href":"https:\/\/api.w.org\/{rel}","templated":true}]}}