{"id":4305,"date":"2025-05-27T22:22:07","date_gmt":"2025-05-27T20:22:07","guid":{"rendered":"https:\/\/gesmobles.cat\/?post_type=product&#038;p=4305"},"modified":"2025-08-21T15:35:24","modified_gmt":"2025-08-21T13:35:24","slug":"butaca-sillon-relax-reposapies-butaca-tapizada-sillon-con-reposapies-mobiliario-moderno-descanso-lectura-butaca-beige-decoracion-interior","status":"publish","type":"product","link":"https:\/\/gesmobles.cat\/es\/producto\/butaca-sillon-relax-reposapies-butaca-tapizada-sillon-con-reposapies-mobiliario-moderno-descanso-lectura-butaca-beige-decoracion-interior\/","title":{"rendered":"Butaca Relax Capri con Reposapi\u00e9s Tapizado"},"content":{"rendered":"<p>La butaca Capri es el equilibrio perfecto entre dise\u00f1o moderno y confort. Su tapizado en tejido de alta calidad, en tono neutro, y sus formas envolventes la convierten en una pieza ideal para cualquier rinc\u00f3n de lectura o descanso. Incluye un reposapi\u00e9s a juego que eleva la experiencia de relax a otro nivel. Su estructura giratoria con base met\u00e1lica negra proporciona estabilidad y funcionalidad, mientras que el acolchado ergon\u00f3mico asegura una postura c\u00f3moda durante horas. Perfecta para salones contempor\u00e1neos, despachos o zonas de relax.<\/p>\n","protected":false},"excerpt":{"rendered":"<p>La butaca Capri es el equilibrio perfecto entre dise\u00f1o moderno y confort. Su tapizado en tejido de alta calidad, en tono neutro, y sus formas envolventes la convierten en una pieza ideal para cualquier rinc\u00f3n de lectura o descanso. Incluye un reposapi\u00e9s a juego que eleva la experiencia de relax a otro nivel. Su estructura [&hellip;]<\/p>\n","protected":false},"featured_media":4306,"comment_status":"open","ping_status":"closed","template":"","meta":[],"product_brand":[],"product_cat":[51,559],"product_tag":[],"class_list":{"0":"post-4305","1":"product","2":"type-product","3":"status-publish","4":"has-post-thumbnail","6":"product_cat-muebles-es","7":"product_cat-sofas-relax-muebles-es","9":"first","10":"instock","11":"taxable","12":"shipping-taxable","13":"purchasable","14":"product-type-simple"},"acf":[],"yoast_head":"<!-- This site is optimized with the Yoast SEO plugin v27.4 - https:\/\/yoast.com\/product\/yoast-seo-wordpress\/ -->\n<title>Butaca Relax Capri con Reposapi\u00e9s Tapizado -<\/title>\n<meta name=\"description\" content=\"Descubre la butaca relax Capri con reposapi\u00e9s, tapizada en tejido beige de alta calidad. Ideal para zonas de descanso con dise\u00f1o moderno y m\u00e1xima comodidad.\" \/>\n<meta name=\"robots\" content=\"index, follow, max-snippet:-1, max-image-preview:large, max-video-preview:-1\" \/>\n<link rel=\"canonical\" href=\"https:\/\/gesmobles.cat\/es\/producto\/butaca-sillon-relax-reposapies-butaca-tapizada-sillon-con-reposapies-mobiliario-moderno-descanso-lectura-butaca-beige-decoracion-interior\/\" \/>\n<meta property=\"og:locale\" content=\"es_ES\" \/>\n<meta property=\"og:type\" content=\"article\" \/>\n<meta property=\"og:title\" content=\"Butaca Relax Capri con Reposapi\u00e9s Tapizado -\" \/>\n<meta property=\"og:description\" content=\"Descubre la butaca relax Capri con reposapi\u00e9s, tapizada en tejido beige de alta calidad. Ideal para zonas de descanso con dise\u00f1o moderno y m\u00e1xima comodidad.\" \/>\n<meta property=\"og:url\" content=\"https:\/\/gesmobles.cat\/es\/producto\/butaca-sillon-relax-reposapies-butaca-tapizada-sillon-con-reposapies-mobiliario-moderno-descanso-lectura-butaca-beige-decoracion-interior\/\" \/>\n<meta property=\"article:modified_time\" content=\"2025-08-21T13:35:24+00:00\" \/>\n<meta property=\"og:image\" content=\"https:\/\/gesmobles.cat\/wp-content\/uploads\/2025\/05\/capri3-scaled.webp\" \/>\n\t<meta property=\"og:image:width\" content=\"2560\" \/>\n\t<meta property=\"og:image:height\" content=\"1972\" \/>\n\t<meta property=\"og:image:type\" content=\"image\/webp\" \/>\n<meta name=\"twitter:card\" content=\"summary_large_image\" \/>\n<meta name=\"twitter:label1\" content=\"Tiempo de lectura\" \/>\n\t<meta name=\"twitter:data1\" content=\"1 minuto\" \/>\n<!-- \/ Yoast SEO plugin. -->","yoast_head_json":{"title":"Butaca Relax Capri con Reposapi\u00e9s Tapizado -","description":"Descubre la butaca relax Capri con reposapi\u00e9s, tapizada en tejido beige de alta calidad. Ideal para zonas de descanso con dise\u00f1o moderno y m\u00e1xima comodidad.","robots":{"index":"index","follow":"follow","max-snippet":"max-snippet:-1","max-image-preview":"max-image-preview:large","max-video-preview":"max-video-preview:-1"},"canonical":"https:\/\/gesmobles.cat\/es\/producto\/butaca-sillon-relax-reposapies-butaca-tapizada-sillon-con-reposapies-mobiliario-moderno-descanso-lectura-butaca-beige-decoracion-interior\/","og_locale":"es_ES","og_type":"article","og_title":"Butaca Relax Capri con Reposapi\u00e9s Tapizado -","og_description":"Descubre la butaca relax Capri con reposapi\u00e9s, tapizada en tejido beige de alta calidad. Ideal para zonas de descanso con dise\u00f1o moderno y m\u00e1xima comodidad.","og_url":"https:\/\/gesmobles.cat\/es\/producto\/butaca-sillon-relax-reposapies-butaca-tapizada-sillon-con-reposapies-mobiliario-moderno-descanso-lectura-butaca-beige-decoracion-interior\/","article_modified_time":"2025-08-21T13:35:24+00:00","og_image":[{"width":2560,"height":1972,"url":"https:\/\/gesmobles.cat\/wp-content\/uploads\/2025\/05\/capri3-scaled.webp","type":"image\/webp"}],"twitter_card":"summary_large_image","twitter_misc":{"Tiempo de lectura":"1 minuto"},"schema":{"@context":"https:\/\/schema.org","@graph":[]}},"_links":{"self":[{"href":"https:\/\/gesmobles.cat\/es\/wp-json\/wp\/v2\/product\/4305","targetHints":{"allow":["GET"]}}],"collection":[{"href":"https:\/\/gesmobles.cat\/es\/wp-json\/wp\/v2\/product"}],"about":[{"href":"https:\/\/gesmobles.cat\/es\/wp-json\/wp\/v2\/types\/product"}],"replies":[{"embeddable":true,"href":"https:\/\/gesmobles.cat\/es\/wp-json\/wp\/v2\/comments?post=4305"}],"wp:featuredmedia":[{"embeddable":true,"href":"https:\/\/gesmobles.cat\/es\/wp-json\/wp\/v2\/media\/4306"}],"wp:attachment":[{"href":"https:\/\/gesmobles.cat\/es\/wp-json\/wp\/v2\/media?parent=4305"}],"wp:term":[{"taxonomy":"product_brand","embeddable":true,"href":"https:\/\/gesmobles.cat\/es\/wp-json\/wp\/v2\/product_brand?post=4305"},{"taxonomy":"product_cat","embeddable":true,"href":"https:\/\/gesmobles.cat\/es\/wp-json\/wp\/v2\/product_cat?post=4305"},{"taxonomy":"product_tag","embeddable":true,"href":"https:\/\/gesmobles.cat\/es\/wp-json\/wp\/v2\/product_tag?post=4305"}],"curies":[{"name":"wp","href":"https:\/\/api.w.org\/{rel}","templated":true}]}}