{"id":4317,"date":"2025-05-27T22:31:35","date_gmt":"2025-05-27T20:31:35","guid":{"rendered":"https:\/\/gesmobles.cat\/?post_type=product&#038;p=4317"},"modified":"2025-05-27T22:31:36","modified_gmt":"2025-05-27T20:31:36","slug":"sillon-relax-sillon-motorizado-sillon-electrico-sillon-tapizado-sillon-reclinable-descanso-confort-relax-sillon-beige-sillon-para-personas-mayores","status":"publish","type":"product","link":"https:\/\/gesmobles.cat\/es\/producto\/sillon-relax-sillon-motorizado-sillon-electrico-sillon-tapizado-sillon-reclinable-descanso-confort-relax-sillon-beige-sillon-para-personas-mayores\/","title":{"rendered":"Sill\u00f3n Relax Motorizado Indigo Tapizado"},"content":{"rendered":"<p>El sill\u00f3n relax motorizado Indigo est\u00e1 dise\u00f1ado para ofrecer el m\u00e1ximo confort con un estilo elegante y funcional. Tapizado en un tejido suave y resistente en color neutro, combina a la perfecci\u00f3n con cualquier ambiente moderno o cl\u00e1sico. Gracias a su sistema de reclinaci\u00f3n el\u00e9ctrica, podr\u00e1s ajustar f\u00e1cilmente la posici\u00f3n del respaldo y del reposapi\u00e9s con un solo bot\u00f3n, ideal para leer, ver la televisi\u00f3n o simplemente descansar. Incluye un pr\u00e1ctico bolsillo lateral para el mando a distancia o peque\u00f1os objetos. Su dise\u00f1o compacto lo hace perfecto para salones, dormitorios o rincones de descanso.<\/p>\n","protected":false},"excerpt":{"rendered":"<p>El sill\u00f3n relax motorizado Indigo est\u00e1 dise\u00f1ado para ofrecer el m\u00e1ximo confort con un estilo elegante y funcional. Tapizado en un tejido suave y resistente en color neutro, combina a la perfecci\u00f3n con cualquier ambiente moderno o cl\u00e1sico. Gracias a su sistema de reclinaci\u00f3n el\u00e9ctrica, podr\u00e1s ajustar f\u00e1cilmente la posici\u00f3n del respaldo y del reposapi\u00e9s [&hellip;]<\/p>\n","protected":false},"featured_media":4318,"comment_status":"open","ping_status":"closed","template":"","meta":[],"product_brand":[],"product_cat":[51,559],"product_tag":[],"class_list":{"0":"post-4317","1":"product","2":"type-product","3":"status-publish","4":"has-post-thumbnail","6":"product_cat-muebles-es","7":"product_cat-sofas-relax-muebles-es","9":"first","10":"instock","11":"taxable","12":"shipping-taxable","13":"purchasable","14":"product-type-simple"},"acf":[],"yoast_head":"<!-- This site is optimized with the Yoast SEO plugin v27.4 - https:\/\/yoast.com\/product\/yoast-seo-wordpress\/ -->\n<title>Sill\u00f3n Relax Motorizado Indigo Tapizado -<\/title>\n<meta name=\"description\" content=\"Sill\u00f3n relax motorizado Indigo con tapizado beige de alta calidad. Reclinaci\u00f3n el\u00e9ctrica, dise\u00f1o c\u00f3modo y elegante, ideal para descansar y relajarse.\" \/>\n<meta name=\"robots\" content=\"index, follow, max-snippet:-1, max-image-preview:large, max-video-preview:-1\" \/>\n<link rel=\"canonical\" href=\"https:\/\/gesmobles.cat\/es\/producto\/sillon-relax-sillon-motorizado-sillon-electrico-sillon-tapizado-sillon-reclinable-descanso-confort-relax-sillon-beige-sillon-para-personas-mayores\/\" \/>\n<meta property=\"og:locale\" content=\"es_ES\" \/>\n<meta property=\"og:type\" content=\"article\" \/>\n<meta property=\"og:title\" content=\"Sill\u00f3n Relax Motorizado Indigo Tapizado -\" \/>\n<meta property=\"og:description\" content=\"Sill\u00f3n relax motorizado Indigo con tapizado beige de alta calidad. Reclinaci\u00f3n el\u00e9ctrica, dise\u00f1o c\u00f3modo y elegante, ideal para descansar y relajarse.\" \/>\n<meta property=\"og:url\" content=\"https:\/\/gesmobles.cat\/es\/producto\/sillon-relax-sillon-motorizado-sillon-electrico-sillon-tapizado-sillon-reclinable-descanso-confort-relax-sillon-beige-sillon-para-personas-mayores\/\" \/>\n<meta property=\"article:modified_time\" content=\"2025-05-27T20:31:36+00:00\" \/>\n<meta property=\"og:image\" content=\"https:\/\/gesmobles.cat\/wp-content\/uploads\/2025\/05\/indigo-5-scaled.webp\" \/>\n\t<meta property=\"og:image:width\" content=\"2560\" \/>\n\t<meta property=\"og:image:height\" content=\"1972\" \/>\n\t<meta property=\"og:image:type\" content=\"image\/webp\" \/>\n<meta name=\"twitter:card\" content=\"summary_large_image\" \/>\n<meta name=\"twitter:label1\" content=\"Tiempo de lectura\" \/>\n\t<meta name=\"twitter:data1\" content=\"1 minuto\" \/>\n<!-- \/ Yoast SEO plugin. -->","yoast_head_json":{"title":"Sill\u00f3n Relax Motorizado Indigo Tapizado -","description":"Sill\u00f3n relax motorizado Indigo con tapizado beige de alta calidad. Reclinaci\u00f3n el\u00e9ctrica, dise\u00f1o c\u00f3modo y elegante, ideal para descansar y relajarse.","robots":{"index":"index","follow":"follow","max-snippet":"max-snippet:-1","max-image-preview":"max-image-preview:large","max-video-preview":"max-video-preview:-1"},"canonical":"https:\/\/gesmobles.cat\/es\/producto\/sillon-relax-sillon-motorizado-sillon-electrico-sillon-tapizado-sillon-reclinable-descanso-confort-relax-sillon-beige-sillon-para-personas-mayores\/","og_locale":"es_ES","og_type":"article","og_title":"Sill\u00f3n Relax Motorizado Indigo Tapizado -","og_description":"Sill\u00f3n relax motorizado Indigo con tapizado beige de alta calidad. Reclinaci\u00f3n el\u00e9ctrica, dise\u00f1o c\u00f3modo y elegante, ideal para descansar y relajarse.","og_url":"https:\/\/gesmobles.cat\/es\/producto\/sillon-relax-sillon-motorizado-sillon-electrico-sillon-tapizado-sillon-reclinable-descanso-confort-relax-sillon-beige-sillon-para-personas-mayores\/","article_modified_time":"2025-05-27T20:31:36+00:00","og_image":[{"width":2560,"height":1972,"url":"https:\/\/gesmobles.cat\/wp-content\/uploads\/2025\/05\/indigo-5-scaled.webp","type":"image\/webp"}],"twitter_card":"summary_large_image","twitter_misc":{"Tiempo de lectura":"1 minuto"},"schema":{"@context":"https:\/\/schema.org","@graph":[]}},"_links":{"self":[{"href":"https:\/\/gesmobles.cat\/es\/wp-json\/wp\/v2\/product\/4317","targetHints":{"allow":["GET"]}}],"collection":[{"href":"https:\/\/gesmobles.cat\/es\/wp-json\/wp\/v2\/product"}],"about":[{"href":"https:\/\/gesmobles.cat\/es\/wp-json\/wp\/v2\/types\/product"}],"replies":[{"embeddable":true,"href":"https:\/\/gesmobles.cat\/es\/wp-json\/wp\/v2\/comments?post=4317"}],"wp:featuredmedia":[{"embeddable":true,"href":"https:\/\/gesmobles.cat\/es\/wp-json\/wp\/v2\/media\/4318"}],"wp:attachment":[{"href":"https:\/\/gesmobles.cat\/es\/wp-json\/wp\/v2\/media?parent=4317"}],"wp:term":[{"taxonomy":"product_brand","embeddable":true,"href":"https:\/\/gesmobles.cat\/es\/wp-json\/wp\/v2\/product_brand?post=4317"},{"taxonomy":"product_cat","embeddable":true,"href":"https:\/\/gesmobles.cat\/es\/wp-json\/wp\/v2\/product_cat?post=4317"},{"taxonomy":"product_tag","embeddable":true,"href":"https:\/\/gesmobles.cat\/es\/wp-json\/wp\/v2\/product_tag?post=4317"}],"curies":[{"name":"wp","href":"https:\/\/api.w.org\/{rel}","templated":true}]}}